{"id":6554,"date":"2026-04-29T12:10:20","date_gmt":"2026-04-29T12:10:20","guid":{"rendered":"https:\/\/baluna.com\/product\/conos-de-gofre-gourmet-de-50-mm-caja-de-360-unidades\/"},"modified":"2026-04-20T16:39:20","modified_gmt":"2026-04-20T16:39:20","slug":"conos-de-gofre-gourmet-de-50-mm-caja-de-360-unidades","status":"publish","type":"product","link":"https:\/\/baluna.com\/es\/product\/conos-de-gofre-gourmet-de-50-mm-caja-de-360-unidades\/","title":{"rendered":"Conos de gofre gourmet de 50 mm \u2013 Caja de 360 unidades"},"content":{"rendered":"<p data-start=\"505\" data-end=\"537\"><strong data-start=\"505\" data-end=\"535\">Gourmet Waffle Cones 50 mm<\/strong><\/p>\n<p data-start=\"539\" data-end=\"760\">Mejora la presentaci\u00f3n de tus helados, helados cremosos y postres con nuestros conos de barquillo de primera calidad. Crujientes, deliciosos y muy atractivos a la vista, estos conos est\u00e1n dise\u00f1ados para realzar cada raci\u00f3n y aportar un valor a\u00f1adido a tu negocio. <\/p>\n<p data-start=\"762\" data-end=\"784\"><strong data-start=\"762\" data-end=\"782\">Detalles del producto:<\/strong><\/p>\n<ul data-start=\"785\" data-end=\"968\">\n<li data-section-id=\"c5tcls\" data-start=\"785\" data-end=\"804\">Di\u00e1metro: 50 mm<\/li>\n<li data-section-id=\"4o4r4v\" data-start=\"805\" data-end=\"823\">Altura: 200 mm<\/li>\n<li data-section-id=\"qhkuk4\" data-start=\"824\" data-end=\"852\">Unidades por caja: 360 conos<\/li>\n<li data-section-id=\"18tejn7\" data-start=\"853\" data-end=\"879\">Textura de gofre de primera calidad<\/li>\n<li data-section-id=\"xi07xc\" data-start=\"880\" data-end=\"923\">Ideal para helados, helados cremosos y postres<\/li>\n<li data-section-id=\"drdo1g\" data-start=\"924\" data-end=\"942\">Apto para veganos<\/li>\n<li data-section-id=\"14fqxxm\" data-start=\"943\" data-end=\"968\">Vida \u00fatil: 18 meses<\/li>\n<\/ul>\n<p data-start=\"970\" data-end=\"1044\">Ideal para helader\u00edas, cafeter\u00edas, pasteler\u00edas y empresas de catering.<\/p>\n","protected":false},"excerpt":{"rendered":"<p data-start=\"505\" data-end=\"537\"><strong data-start=\"505\" data-end=\"535\">Conos de gofre gourmet de 50 mm<\/strong><\/p>\n<p data-start=\"539\" data-end=\"760\">Mejora la presentaci\u00f3n de tus helados, helados cremosos y postres con nuestros conos de barquillo de primera calidad. Crujientes, deliciosos y muy atractivos a la vista, estos conos est\u00e1n dise\u00f1ados para realzar cada raci\u00f3n y aportar un valor a\u00f1adido a tu negocio. <\/p>\n<p data-start=\"762\" data-end=\"784\"><strong data-start=\"762\" data-end=\"782\">Detalles del producto:<\/strong><\/p>\n<ul data-start=\"785\" data-end=\"968\">\n<li data-section-id=\"c5tcls\" data-start=\"785\" data-end=\"804\">Di\u00e1metro: 50 mm<\/li>\n<li data-section-id=\"4o4r4v\" data-start=\"805\" data-end=\"823\">Altura: 200 mm<\/li>\n<li data-section-id=\"qhkuk4\" data-start=\"824\" data-end=\"852\">Unidades por caja: 360 conos<\/li>\n<li data-section-id=\"18tejn7\" data-start=\"853\" data-end=\"879\">Textura de gofre de primera calidad<\/li>\n<li data-section-id=\"xi07xc\" data-start=\"880\" data-end=\"923\">Ideal para helados, helados cremosos y postres<\/li>\n<li data-section-id=\"drdo1g\" data-start=\"924\" data-end=\"942\">Apto para veganos<\/li>\n<li data-section-id=\"14fqxxm\" data-start=\"943\" data-end=\"968\">Vida \u00fatil: 18 meses<\/li>\n<\/ul>\n<p data-start=\"970\" data-end=\"1044\">Perfect for ice cream shops, caf\u00e9s, dessert bars, and catering businesses.<\/p>\n","protected":false},"featured_media":6561,"comment_status":"open","ping_status":"closed","template":"","meta":[],"product_brand":[],"product_cat":[1038],"product_tag":[],"class_list":{"0":"post-6554","1":"product","2":"type-product","3":"status-publish","4":"has-post-thumbnail","6":"product_cat-ofertas-especiales","8":"first","9":"instock","10":"taxable","11":"shipping-taxable","12":"purchasable","13":"product-type-simple"},"_links":{"self":[{"href":"https:\/\/baluna.com\/es\/wp-json\/wp\/v2\/product\/6554","targetHints":{"allow":["GET"]}}],"collection":[{"href":"https:\/\/baluna.com\/es\/wp-json\/wp\/v2\/product"}],"about":[{"href":"https:\/\/baluna.com\/es\/wp-json\/wp\/v2\/types\/product"}],"replies":[{"embeddable":true,"href":"https:\/\/baluna.com\/es\/wp-json\/wp\/v2\/comments?post=6554"}],"wp:featuredmedia":[{"embeddable":true,"href":"https:\/\/baluna.com\/es\/wp-json\/wp\/v2\/media\/6561"}],"wp:attachment":[{"href":"https:\/\/baluna.com\/es\/wp-json\/wp\/v2\/media?parent=6554"}],"wp:term":[{"taxonomy":"product_brand","embeddable":true,"href":"https:\/\/baluna.com\/es\/wp-json\/wp\/v2\/product_brand?post=6554"},{"taxonomy":"product_cat","embeddable":true,"href":"https:\/\/baluna.com\/es\/wp-json\/wp\/v2\/product_cat?post=6554"},{"taxonomy":"product_tag","embeddable":true,"href":"https:\/\/baluna.com\/es\/wp-json\/wp\/v2\/product_tag?post=6554"}],"curies":[{"name":"wp","href":"https:\/\/api.w.org\/{rel}","templated":true}]}}