{"id":2541,"date":"2025-11-14T15:37:10","date_gmt":"2025-11-14T15:37:10","guid":{"rendered":"https:\/\/baluna.katakoscreativo.com\/?post_type=product&#038;p=2541"},"modified":"2026-04-09T14:22:33","modified_gmt":"2026-04-09T14:22:33","slug":"isa-samoa-7-vitrina-para-gelato-de-alto-rendimiento-6-pansusada","status":"publish","type":"product","link":"https:\/\/baluna.com\/es\/product\/isa-samoa-7-vitrina-para-gelato-de-alto-rendimiento-6-pansusada\/","title":{"rendered":"ISA SAMOA 7"},"content":{"rendered":"<p class=\"\" data-start=\"346\" data-end=\"709\">La <strong data-start=\"379\" data-end=\"399\">ISA Isetta 6R TP<\/strong> es una vitrina compacta y de alto rendimiento, dise\u00f1ada especialmente para la exhibici\u00f3n y conservaci\u00f3n \u00f3ptima de gelato o helado artesanal. Su tama\u00f1o eficiente la convierte en una excelente opci\u00f3n para negocios con espacio limitado que buscan mantener la calidad del producto sin comprometer la presentaci\u00f3n.<\/p>\n<p class=\"\" data-start=\"711\" data-end=\"743\"><strong data-start=\"711\" data-end=\"743\">Caracter\u00edsticas principales:<\/strong><\/p>\n<ul data-start=\"745\" data-end=\"1523\">\n<li class=\"\" data-start=\"745\" data-end=\"815\">\n<p class=\"\" data-start=\"747\" data-end=\"815\"><strong data-start=\"749\" data-end=\"784\">Capacidad para 6 cubetas (pans)<\/strong> est\u00e1ndar de gelato (5 litros).<\/p>\n<\/li>\n<li class=\"\" data-start=\"816\" data-end=\"927\">\n<p class=\"\" data-start=\"818\" data-end=\"927\"><strong data-start=\"821\" data-end=\"859\">Sistema de refrigeraci\u00f3n ventilado<\/strong>, ideal para mantener una temperatura uniforme en todas las cubetas.<\/p>\n<\/li>\n<li class=\"\" data-start=\"928\" data-end=\"1041\">\n<p class=\"\" data-start=\"930\" data-end=\"1041\"><strong data-start=\"933\" data-end=\"963\">Tecnolog\u00eda TP (Twin Power)<\/strong>: optimiza el consumo energ\u00e9tico manteniendo una excelente eficiencia t\u00e9rmica.<\/p>\n<\/li>\n<li class=\"\" data-start=\"1042\" data-end=\"1146\">\n<p class=\"\" data-start=\"1044\" data-end=\"1146\"><strong data-start=\"1047\" data-end=\"1096\">Desempe\u00f1o confiable incluso en climas c\u00e1lidos<\/strong>, gracias a su motor robusto y dise\u00f1o profesional.<\/p>\n<\/li>\n<li class=\"\" data-start=\"1147\" data-end=\"1256\">\n<p class=\"\" data-start=\"1149\" data-end=\"1256\"><strong data-start=\"1152\" data-end=\"1184\">Cristales panor\u00e1micos curvos<\/strong>, que ofrecen excelente visibilidad del producto y una est\u00e9tica moderna.<\/p>\n<\/li>\n<li class=\"\" data-start=\"1257\" data-end=\"1337\">\n<p class=\"\" data-start=\"1259\" data-end=\"1337\"><strong data-start=\"1262\" data-end=\"1293\">F\u00e1cil de limpiar y mantener<\/strong>, ideal para operaciones diarias intensivas.<\/p>\n<\/li>\n<li class=\"\" data-start=\"1338\" data-end=\"1434\">\n<p class=\"\" data-start=\"1340\" data-end=\"1434\"><strong data-start=\"1343\" data-end=\"1371\">Iluminaci\u00f3n LED interior<\/strong>, que realza los colores del gelato sin afectar la temperatura.<\/p>\n<\/li>\n<li class=\"\" data-start=\"1435\" data-end=\"1523\">\n<p class=\"\" data-start=\"1437\" data-end=\"1523\"><strong data-start=\"1440\" data-end=\"1461\">Ruedas integradas<\/strong>, para facilitar el movimiento y reubicaci\u00f3n dentro del local.<\/p>\n<\/li>\n<\/ul>\n<p class=\"\" data-start=\"1525\" data-end=\"1629\"><strong data-start=\"1525\" data-end=\"1539\">Condici\u00f3n:<\/strong> Usada, en buen estado operativo, revisada por t\u00e9cnico especializado. Lista para trabajar.<\/p>\n","protected":false},"excerpt":{"rendered":"<p class=\"\" data-start=\"346\" data-end=\"709\">La <strong data-start=\"379\" data-end=\"399\">ISA Isetta 6R TP<\/strong> es una vitrina compacta y de alto rendimiento, dise\u00f1ada especialmente para la exhibici\u00f3n y conservaci\u00f3n \u00f3ptima de gelato o helado artesanal. Su tama\u00f1o eficiente la convierte en una excelente opci\u00f3n para negocios con espacio limitado que buscan mantener la calidad del producto sin comprometer la presentaci\u00f3n.<\/p>\n","protected":false},"featured_media":3533,"comment_status":"open","ping_status":"closed","template":"","meta":[],"product_brand":[],"product_cat":[605,212,35,1038],"product_tag":[480,482,484,26,150,173,525],"class_list":{"0":"post-2541","1":"product","2":"type-product","3":"status-publish","4":"has-post-thumbnail","6":"product_cat-equipos","7":"product_cat-exhibicion","8":"product_cat-gelato","9":"product_cat-ofertas-especiales","10":"product_tag-1-fase","11":"product_tag-10-amperios","12":"product_tag-115-voltios","13":"product_tag-60-hz","14":"product_tag-gelato","15":"product_tag-isa","16":"product_tag-refrigerado-por-aire","18":"first","19":"instock","20":"taxable","21":"shipping-taxable","22":"purchasable","23":"product-type-simple"},"_links":{"self":[{"href":"https:\/\/baluna.com\/es\/wp-json\/wp\/v2\/product\/2541","targetHints":{"allow":["GET"]}}],"collection":[{"href":"https:\/\/baluna.com\/es\/wp-json\/wp\/v2\/product"}],"about":[{"href":"https:\/\/baluna.com\/es\/wp-json\/wp\/v2\/types\/product"}],"replies":[{"embeddable":true,"href":"https:\/\/baluna.com\/es\/wp-json\/wp\/v2\/comments?post=2541"}],"wp:featuredmedia":[{"embeddable":true,"href":"https:\/\/baluna.com\/es\/wp-json\/wp\/v2\/media\/3533"}],"wp:attachment":[{"href":"https:\/\/baluna.com\/es\/wp-json\/wp\/v2\/media?parent=2541"}],"wp:term":[{"taxonomy":"product_brand","embeddable":true,"href":"https:\/\/baluna.com\/es\/wp-json\/wp\/v2\/product_brand?post=2541"},{"taxonomy":"product_cat","embeddable":true,"href":"https:\/\/baluna.com\/es\/wp-json\/wp\/v2\/product_cat?post=2541"},{"taxonomy":"product_tag","embeddable":true,"href":"https:\/\/baluna.com\/es\/wp-json\/wp\/v2\/product_tag?post=2541"}],"curies":[{"name":"wp","href":"https:\/\/api.w.org\/{rel}","templated":true}]}}