{"id":2523,"date":"2025-11-14T15:36:23","date_gmt":"2025-11-14T15:36:23","guid":{"rendered":"https:\/\/baluna.katakoscreativo.com\/?post_type=product&#038;p=2523"},"modified":"2026-02-25T13:22:31","modified_gmt":"2026-02-25T13:22:31","slug":"enfriador-rapido-infrico-abt31s","status":"publish","type":"product","link":"https:\/\/baluna.com\/es\/product\/enfriador-rapido-infrico-abt31s\/","title":{"rendered":"Enfriador r\u00e1pido Infrico ABT31S"},"content":{"rendered":"<p>En el mundo competitivo de la helader\u00eda y la pasteler\u00eda, contar con el equipo adecuado es fundamental para garantizar la calidad y frescura de los productos.<\/p>\n<p><strong>Caracter\u00edsticas Destacadas<\/strong><\/p>\n<p>Construido con la robustez y elegancia del acero inoxidable, Infrico no solo garantiza durabilidad, sino tambi\u00e9n una eficiencia sin precedentes. Su estructura de una pieza y el aislamiento extra grueso aseguran una conservaci\u00f3n \u00f3ptima de la temperatura, mientras que sus estantes de acero inoxidable facilitan una organizaci\u00f3n vers\u00e1til y eficiente de los productos.<\/p>\n<p>&nbsp;<\/p>\n","protected":false},"excerpt":{"rendered":"<p>En el mundo competitivo de la helader\u00eda y la pasteler\u00eda, contar con el equipo adecuado es fundamental para garantizar la calidad y frescura de los productos.<\/p>\n","protected":false},"featured_media":3618,"comment_status":"open","ping_status":"closed","template":"","meta":[],"product_brand":[],"product_cat":[414,436,605,1038,606,629],"product_tag":[480,170,25,183,27,171,28],"class_list":{"0":"post-2523","1":"product","2":"type-product","3":"status-publish","4":"has-post-thumbnail","6":"product_cat-congeladores","7":"product_cat-congeladores-rapidos","8":"product_cat-equipos","9":"product_cat-ofertas-especiales","10":"product_cat-produccion","11":"product_cat-refrigerador-debajo-del-mostrador","12":"product_tag-1-fase","13":"product_tag-10-amperis","14":"product_tag-208-230-voltios-2","15":"product_tag-50-hz","16":"product_tag-carpigiani","17":"product_tag-congelador-rapido","18":"product_tag-refrigerado-por-aire-2","20":"first","21":"onbackorder","22":"sale","23":"taxable","24":"shipping-taxable","25":"purchasable","26":"product-type-simple"},"_links":{"self":[{"href":"https:\/\/baluna.com\/es\/wp-json\/wp\/v2\/product\/2523","targetHints":{"allow":["GET"]}}],"collection":[{"href":"https:\/\/baluna.com\/es\/wp-json\/wp\/v2\/product"}],"about":[{"href":"https:\/\/baluna.com\/es\/wp-json\/wp\/v2\/types\/product"}],"replies":[{"embeddable":true,"href":"https:\/\/baluna.com\/es\/wp-json\/wp\/v2\/comments?post=2523"}],"wp:featuredmedia":[{"embeddable":true,"href":"https:\/\/baluna.com\/es\/wp-json\/wp\/v2\/media\/3618"}],"wp:attachment":[{"href":"https:\/\/baluna.com\/es\/wp-json\/wp\/v2\/media?parent=2523"}],"wp:term":[{"taxonomy":"product_brand","embeddable":true,"href":"https:\/\/baluna.com\/es\/wp-json\/wp\/v2\/product_brand?post=2523"},{"taxonomy":"product_cat","embeddable":true,"href":"https:\/\/baluna.com\/es\/wp-json\/wp\/v2\/product_cat?post=2523"},{"taxonomy":"product_tag","embeddable":true,"href":"https:\/\/baluna.com\/es\/wp-json\/wp\/v2\/product_tag?post=2523"}],"curies":[{"name":"wp","href":"https:\/\/api.w.org\/{rel}","templated":true}]}}