{"id":2522,"date":"2025-11-14T15:36:22","date_gmt":"2025-11-14T15:36:22","guid":{"rendered":"https:\/\/baluna.katakoscreativo.com\/?post_type=product&#038;p=2522"},"modified":"2026-04-11T20:06:51","modified_gmt":"2026-04-11T20:06:51","slug":"carpicare-kit-lb-202-502-g-6m","status":"publish","type":"product","link":"https:\/\/baluna.com\/es\/product\/carpicare-kit-lb-202-502-g-6m\/","title":{"rendered":"CARPICARE KIT LB 202 &#038; 502 &#038; G 6M"},"content":{"rendered":"<p><strong>Kit CarpiCare de 6 meses (LB 202 &amp; 502 &amp; G):<\/strong> Set de piezas consumibles originales Carpigiani dise\u00f1ado para mantener la higiene perfecta y el m\u00e1ximo rendimiento de tu m\u00e1quina de helados (como los modelos LB 502). Asegura el cumplimiento de las normas HACCP y previene paradas de producci\u00f3n por p\u00e9rdida o da\u00f1o de componentes durante la limpieza.<\/p>\n","protected":false},"excerpt":{"rendered":"<p><strong>Kit CarpiCare de 6 meses (LB 202 &amp; 502 &amp; G):<\/strong> Set de piezas consumibles originales Carpigiani dise\u00f1ado para mantener la higiene perfecta y el m\u00e1ximo rendimiento de tu m\u00e1quina de helados (como los modelos LB 502). Asegura el cumplimiento de las normas HACCP y previene paradas de producci\u00f3n por p\u00e9rdida o da\u00f1o de componentes durante la limpieza.<\/p>\n","protected":false},"featured_media":3633,"comment_status":"open","ping_status":"closed","template":"","meta":[],"product_brand":[],"product_cat":[422,420],"product_tag":[],"class_list":{"0":"post-2522","1":"product","2":"type-product","3":"status-publish","4":"has-post-thumbnail","6":"product_cat-kits-de-mantenimiento","7":"product_cat-repuestos","9":"first","10":"instock","11":"virtual","12":"taxable","13":"purchasable","14":"product-type-simple"},"_links":{"self":[{"href":"https:\/\/baluna.com\/es\/wp-json\/wp\/v2\/product\/2522","targetHints":{"allow":["GET"]}}],"collection":[{"href":"https:\/\/baluna.com\/es\/wp-json\/wp\/v2\/product"}],"about":[{"href":"https:\/\/baluna.com\/es\/wp-json\/wp\/v2\/types\/product"}],"replies":[{"embeddable":true,"href":"https:\/\/baluna.com\/es\/wp-json\/wp\/v2\/comments?post=2522"}],"wp:featuredmedia":[{"embeddable":true,"href":"https:\/\/baluna.com\/es\/wp-json\/wp\/v2\/media\/3633"}],"wp:attachment":[{"href":"https:\/\/baluna.com\/es\/wp-json\/wp\/v2\/media?parent=2522"}],"wp:term":[{"taxonomy":"product_brand","embeddable":true,"href":"https:\/\/baluna.com\/es\/wp-json\/wp\/v2\/product_brand?post=2522"},{"taxonomy":"product_cat","embeddable":true,"href":"https:\/\/baluna.com\/es\/wp-json\/wp\/v2\/product_cat?post=2522"},{"taxonomy":"product_tag","embeddable":true,"href":"https:\/\/baluna.com\/es\/wp-json\/wp\/v2\/product_tag?post=2522"}],"curies":[{"name":"wp","href":"https:\/\/api.w.org\/{rel}","templated":true}]}}