{"id":2438,"date":"2025-11-14T15:35:31","date_gmt":"2025-11-14T15:35:31","guid":{"rendered":"https:\/\/baluna.katakoscreativo.com\/?post_type=product&#038;p=2438"},"modified":"2026-02-03T23:17:44","modified_gmt":"2026-02-03T23:17:44","slug":"espatulas-para-gelato-helado","status":"publish","type":"product","link":"https:\/\/baluna.com\/es\/product\/espatulas-para-gelato-helado\/","title":{"rendered":"Esp\u00e1tulas para Gelato \/ Helado"},"content":{"rendered":"<p data-start=\"266\" data-end=\"486\"><strong>(10 unidades) Esp\u00e1tulas para Gelato \/ Helado \u2013 Combo de Polipropileno Negro<\/strong><\/p>\n<p class=\"\" data-start=\"266\" data-end=\"486\">Este set incluye 10 esp\u00e1tulas profesionales para gelato o helado, fabricadas en polipropileno completamente negro, lo que les da una apariencia elegante y moderna, ideal para entornos comerciales o uso intensivo.<\/p>\n<p data-start=\"493\" data-end=\"531\"><strong data-start=\"499\" data-end=\"531\">Caracter\u00edsticas principales:<\/strong><\/p>\n<ul data-start=\"533\" data-end=\"1059\">\n<li class=\"\" data-start=\"533\" data-end=\"690\">\n<p class=\"\" data-start=\"535\" data-end=\"690\">Material: Polipropileno resistente \u2013 Ligero, duradero y f\u00e1cil de limpiar, ideal para el uso diario en helader\u00edas, cafeter\u00edas o cocinas profesionales.<\/p>\n<\/li>\n<li class=\"\" data-start=\"691\" data-end=\"798\">\n<p class=\"\" data-start=\"693\" data-end=\"798\">Dise\u00f1o ergon\u00f3mico \u2013 Mango c\u00f3modo para un mejor agarre y control al servir o trabajar con el gelato.<\/p>\n<\/li>\n<li class=\"\" data-start=\"799\" data-end=\"946\">\n<p class=\"\" data-start=\"801\" data-end=\"946\">Color negro integral \u2013 Estilo moderno y profesional, ayuda a mantener una presentaci\u00f3n uniforme y oculta mejor las manchas o marcas de uso.<\/p>\n<\/li>\n<li class=\"\" data-start=\"947\" data-end=\"1059\">\n<p class=\"\" data-start=\"949\" data-end=\"1059\">Vers\u00e1tiles \u2013 Apta tanto para servir como para alisar, mezclar o manipular el gelato dentro de las cubetas.<\/p>\n<\/li>\n<\/ul>\n<p data-start=\"1066\" data-end=\"1099\"><strong data-start=\"1073\" data-end=\"1099\">Contenido del paquete:<\/strong><\/p>\n<ul data-start=\"1100\" data-end=\"1177\">\n<li class=\"\" data-start=\"1100\" data-end=\"1177\">\n<p class=\"\" data-start=\"1102\" data-end=\"1177\">10 esp\u00e1tulas negras de polipropileno (tama\u00f1o est\u00e1ndar para uso profesional)<\/p>\n<\/li>\n<\/ul>\n<p class=\"\" data-start=\"1184\" data-end=\"1324\">Estas esp\u00e1tulas combinan funcionalidad, resistencia y una est\u00e9tica profesional, ideales para quienes trabajan con helado artesanal o gelato.<\/p>\n","protected":false},"excerpt":{"rendered":"<p>Accesorio perfecto para servir tus postres fr\u00edos con facilidad y elegancia. Este juego de tres esp\u00e1tulas es imprescindible en cualquier helader\u00eda o cocina casera.<\/p>\n","protected":false},"featured_media":2646,"comment_status":"open","ping_status":"closed","template":"","meta":[],"product_brand":[],"product_cat":[206,426,1038,418],"product_tag":[155],"class_list":{"0":"post-2438","1":"product","2":"type-product","3":"status-publish","4":"has-post-thumbnail","6":"product_cat-accesorios","7":"product_cat-espatulas","8":"product_cat-ofertas-especiales","9":"product_cat-suministros","10":"product_tag-espatula","12":"first","13":"instock","14":"sale","15":"taxable","16":"shipping-taxable","17":"purchasable","18":"product-type-simple"},"_links":{"self":[{"href":"https:\/\/baluna.com\/es\/wp-json\/wp\/v2\/product\/2438","targetHints":{"allow":["GET"]}}],"collection":[{"href":"https:\/\/baluna.com\/es\/wp-json\/wp\/v2\/product"}],"about":[{"href":"https:\/\/baluna.com\/es\/wp-json\/wp\/v2\/types\/product"}],"replies":[{"embeddable":true,"href":"https:\/\/baluna.com\/es\/wp-json\/wp\/v2\/comments?post=2438"}],"wp:featuredmedia":[{"embeddable":true,"href":"https:\/\/baluna.com\/es\/wp-json\/wp\/v2\/media\/2646"}],"wp:attachment":[{"href":"https:\/\/baluna.com\/es\/wp-json\/wp\/v2\/media?parent=2438"}],"wp:term":[{"taxonomy":"product_brand","embeddable":true,"href":"https:\/\/baluna.com\/es\/wp-json\/wp\/v2\/product_brand?post=2438"},{"taxonomy":"product_cat","embeddable":true,"href":"https:\/\/baluna.com\/es\/wp-json\/wp\/v2\/product_cat?post=2438"},{"taxonomy":"product_tag","embeddable":true,"href":"https:\/\/baluna.com\/es\/wp-json\/wp\/v2\/product_tag?post=2438"}],"curies":[{"name":"wp","href":"https:\/\/api.w.org\/{rel}","templated":true}]}}