{"id":2436,"date":"2025-11-14T15:35:30","date_gmt":"2025-11-14T15:35:30","guid":{"rendered":"https:\/\/baluna.katakoscreativo.com\/?post_type=product&#038;p=2436"},"modified":"2026-04-09T14:32:41","modified_gmt":"2026-04-09T14:32:41","slug":"isa-samoa-120-vitrina-para-gelato-de-alto-rendimiento-9-pans-usada","status":"publish","type":"product","link":"https:\/\/baluna.com\/es\/product\/isa-samoa-120-vitrina-para-gelato-de-alto-rendimiento-9-pans-usada\/","title":{"rendered":"ISA Samoa 120 \u2013 Vitrina para Gelato de Alto Rendimiento (9 Pans)"},"content":{"rendered":"<p class=\"\" data-start=\"311\" data-end=\"616\">La ISA Samoa 9\u00a0es una vitrina de exhibici\u00f3n profesional dise\u00f1ada especialmente para helado y gelato artesanal. Su tecnolog\u00eda, dise\u00f1o y funcionalidad la convierten en una excelente opci\u00f3n para negocios que buscan destacar la calidad de sus productos mientras optimizan la conservaci\u00f3n y presentaci\u00f3n.<\/p>\n<p class=\"\" data-start=\"311\" data-end=\"616\"><img fetchpriority=\"high\" decoding=\"async\" class=\"alignnone wp-image-4889 size-full\" src=\"http:\/\/baluna.com\/wp-content\/uploads\/2024\/03\/Screenshot-2025-05-13-at-11.51.31-AM.png\" alt=\"\" width=\"276\" height=\"249\" \/><\/p>\n<p data-start=\"623\" data-end=\"661\"><strong data-start=\"629\" data-end=\"661\">Caracter\u00edsticas principales:<\/strong><\/p>\n<ul>\n<li class=\"\" data-start=\"663\" data-end=\"777\">\n<p class=\"\" data-start=\"665\" data-end=\"777\">Capacidad para 9 sabores: Ideal para negocios de tama\u00f1o mediano, con espacio para 9 cubetas est\u00e1ndar (5L).<\/p>\n<\/li>\n<li class=\"\" data-start=\"778\" data-end=\"944\">\n<p class=\"\" data-start=\"780\" data-end=\"944\">Refrigeraci\u00f3n ventilada: Garantiza una temperatura uniforme en todo el producto, lo que mejora la textura del gelato y evita la formaci\u00f3n de cristales de hielo.<\/p>\n<\/li>\n<li class=\"\" data-start=\"945\" data-end=\"1053\">\n<p class=\"\" data-start=\"947\" data-end=\"1053\">Vidrio frontal recto y elevable: Ofrece una excelente visibilidad del producto y facilita la limpieza.<\/p>\n<\/li>\n<li class=\"\" data-start=\"1054\" data-end=\"1150\">\n<p class=\"\" data-start=\"1056\" data-end=\"1150\">Iluminaci\u00f3n LED: Realza los colores del gelato y mejora la experiencia visual del cliente.<\/p>\n<\/li>\n<li class=\"\" data-start=\"1151\" data-end=\"1269\">\n<p class=\"\" data-start=\"1153\" data-end=\"1269\">Dise\u00f1o italiano moderno y elegante: Aporta valor est\u00e9tico al local, aline\u00e1ndose con una imagen de marca premium.<\/p>\n<\/li>\n<li class=\"\" data-start=\"1270\" data-end=\"1371\">\n<p class=\"\" data-start=\"1272\" data-end=\"1371\">Control digital de temperatura: Precisi\u00f3n y facilidad de uso para mantener condiciones ideales.<\/p>\n<\/li>\n<li>sero fabricados en CNS, garantizando durabilidad y facilidad de uso.<\/li>\n<\/ul>\n<h3 class=\"\" data-start=\"1378\" data-end=\"1416\"><strong data-start=\"1385\" data-end=\"1416\">Beneficios para tu negocio:<\/strong><\/h3>\n<ul data-start=\"1418\" data-end=\"1779\">\n<li class=\"\" data-start=\"1418\" data-end=\"1480\">\n<p class=\"\" data-start=\"1420\" data-end=\"1480\">Aumenta las ventas gracias a una presentaci\u00f3n atractiva.<\/p>\n<\/li>\n<li class=\"\" data-start=\"1481\" data-end=\"1547\">\n<p class=\"\" data-start=\"1483\" data-end=\"1547\">Mantiene la calidad del producto, incluso en climas c\u00e1lidos.<\/p>\n<\/li>\n<li class=\"\" data-start=\"1548\" data-end=\"1672\">\n<p class=\"\" data-start=\"1550\" data-end=\"1672\">Durabilidad y confiabilidad, con materiales de alta calidad y respaldo de la marca ISA, reconocida internacionalmente.<\/p>\n<\/li>\n<li class=\"\" data-start=\"1673\" data-end=\"1779\">\n<p class=\"\" data-start=\"1675\" data-end=\"1779\">F\u00e1cil mantenimiento y operaci\u00f3n, ideal para equipos de trabajo con distintos niveles de experiencia.<\/p>\n<\/li>\n<\/ul>\n<p data-start=\"1786\" data-end=\"1808\"><strong>Ideal para:<\/strong><\/p>\n<ul data-start=\"1809\" data-end=\"1965\">\n<li class=\"\" data-start=\"1809\" data-end=\"1835\">\n<p class=\"\" data-start=\"1811\" data-end=\"1835\">Helader\u00edas artesanales<\/p>\n<\/li>\n<li class=\"\" data-start=\"1836\" data-end=\"1871\">\n<p class=\"\" data-start=\"1838\" data-end=\"1871\">Cafeter\u00edas o panader\u00edas gourmet<\/p>\n<\/li>\n<li class=\"\" data-start=\"1872\" data-end=\"1916\">\n<p class=\"\" data-start=\"1874\" data-end=\"1916\">Restaurantes que ofrecen postres premium<\/p>\n<\/li>\n<li class=\"\" data-start=\"1917\" data-end=\"1965\">\n<p class=\"\" data-start=\"1919\" data-end=\"1965\">Negocios en zonas tur\u00edsticas o de alto tr\u00e1fico<\/p>\n<\/li>\n<\/ul>\n<div>Descargar <a href=\"http:\/\/baluna.com\/wp-content\/uploads\/2024\/03\/MILLENNIUM-Gelato-December-2020-R1-CARPIGIANI-ISA.pdf\">Ficha T\u00e9cnica<\/a><\/div>\n","protected":false},"excerpt":{"rendered":"<p>La ISA Samoa 9\u00a0es una vitrina de exhibici\u00f3n profesional dise\u00f1ada especialmente para helado y gelato artesanal. Su tecnolog\u00eda, dise\u00f1o y funcionalidad la convierten en una excelente opci\u00f3n para negocios que buscan destacar la calidad de sus productos mientras optimizan la conservaci\u00f3n y presentaci\u00f3n.<\/p>\n","protected":false},"featured_media":5487,"comment_status":"open","ping_status":"closed","template":"","meta":[],"product_brand":[],"product_cat":[605,212,35,1038],"product_tag":[480,482,513,26,150,173,525],"class_list":{"0":"post-2436","1":"product","2":"type-product","3":"status-publish","4":"has-post-thumbnail","6":"product_cat-equipos","7":"product_cat-exhibicion","8":"product_cat-gelato","9":"product_cat-ofertas-especiales","10":"product_tag-1-fase","11":"product_tag-10-amperios","12":"product_tag-208-230-voltios","13":"product_tag-60-hz","14":"product_tag-gelato","15":"product_tag-isa","16":"product_tag-refrigerado-por-aire","18":"first","19":"instock","20":"taxable","21":"shipping-taxable","22":"purchasable","23":"product-type-simple"},"_links":{"self":[{"href":"https:\/\/baluna.com\/es\/wp-json\/wp\/v2\/product\/2436","targetHints":{"allow":["GET"]}}],"collection":[{"href":"https:\/\/baluna.com\/es\/wp-json\/wp\/v2\/product"}],"about":[{"href":"https:\/\/baluna.com\/es\/wp-json\/wp\/v2\/types\/product"}],"replies":[{"embeddable":true,"href":"https:\/\/baluna.com\/es\/wp-json\/wp\/v2\/comments?post=2436"}],"wp:featuredmedia":[{"embeddable":true,"href":"https:\/\/baluna.com\/es\/wp-json\/wp\/v2\/media\/5487"}],"wp:attachment":[{"href":"https:\/\/baluna.com\/es\/wp-json\/wp\/v2\/media?parent=2436"}],"wp:term":[{"taxonomy":"product_brand","embeddable":true,"href":"https:\/\/baluna.com\/es\/wp-json\/wp\/v2\/product_brand?post=2436"},{"taxonomy":"product_cat","embeddable":true,"href":"https:\/\/baluna.com\/es\/wp-json\/wp\/v2\/product_cat?post=2436"},{"taxonomy":"product_tag","embeddable":true,"href":"https:\/\/baluna.com\/es\/wp-json\/wp\/v2\/product_tag?post=2436"}],"curies":[{"name":"wp","href":"https:\/\/api.w.org\/{rel}","templated":true}]}}