{"id":2432,"date":"2026-04-14T15:35:29","date_gmt":"2026-04-14T15:35:29","guid":{"rendered":"https:\/\/baluna.katakoscreativo.com\/?post_type=product&#038;p=2432"},"modified":"2026-04-30T17:41:04","modified_gmt":"2026-04-30T17:41:04","slug":"2023-carpigiani-lb-200-g-tronic-demo","status":"publish","type":"product","link":"https:\/\/baluna.com\/es\/product\/2023-carpigiani-lb-200-g-tronic-demo\/","title":{"rendered":"2023 &#8211; Carpigiani LB 200 G Tronic (DEMO)"},"content":{"rendered":"<p><strong>Excelencia renovada en helader\u00eda artesanal<\/strong><\/p>\n<p><strong>Arte y ciencia renacen en cada lote con Carpigiani LB 200 G Tronic usada<\/strong><\/p>\n<p>La Carpigiani LB 200 G Tronic, disponible en esta versi\u00f3n Demo en muy buenas condiciones, sigue siendo un emblema de la excelencia en la fabricaci\u00f3n dehelados gelatos y sorbetes. Esta m\u00e1quina de congelaci\u00f3n por lotes de avanzada, meticulosamente mantenida, ofrece la misma calidad y rendimiento que una nueva, satisfaciendo una amplia gama de necesidades de producci\u00f3n.<\/p>\n<p><strong>Rendimiento sostenido y calidad comprobada:<\/strong><\/p>\n<p>Con su c\u00e1mara de congelaci\u00f3n de tama\u00f1o completo, la Carpigiani LB 200 G Tronic Demo\u00a0congelar hasta 5 cuartos de mezcla por lote, manteniendo un rendimiento excepcional. Su control electr\u00f3nico de consistencia, ajustable y probado, garantiza una calidad constante, ideal tanto para producciones peque\u00f1as como grandes. Las cuchillas raspadoras, en perfecto estado, son esenciales para esa textura cremosa de gelato caracter\u00edstica.<\/p>\n<p><strong>Versatilidad probada y precisi\u00f3n continua:<\/strong><\/p>\n<p>Este modelo Tronic G, es el coraz\u00f3n de cualquier negocio de helader\u00eda artesanal. Acomoda una diversidad de recetas y preferencias, manteniendo una consistencia y textura excepcionales en lotes de cualquier tama\u00f1o. Permite a los heladeros seguir creando sabores inolvidables con la misma eficacia.<\/p>\n<p><strong>Dise\u00f1o duradero y funcionalidad asegurada:<\/strong><\/p>\n<p>Incluso en su condici\u00f3n de usado, el dise\u00f1o innovador y funcional de la Carpigiani LB 200 G Tronic permanece intacto. Su perfil compacto y operaci\u00f3n intuitiva la hacen ideal para espacios reducidos, maximizando la eficiencia sin sacrificar la calidad. Su funcionamiento con energ\u00eda monof\u00e1sica asegura una integraci\u00f3n f\u00e1cil en cualquier entorno profesional.<\/p>\n<p><strong>Compromiso con la sostenibilidad: un valor constante:<\/strong><\/p>\n<p>La eficiencia energ\u00e9tica y el menor impacto ambiental de la Carpigiani LB 200 G Tronic son tan prominentes. Esto se traduce en costos operativos reducidos y beneficios sostenidos para el negocio y el planeta, manteniendo el compromiso de Carpigiani con la sostenibilidad.<\/p>\n<p>Descargar <a href=\"http:\/\/baluna.com\/wp-content\/uploads\/2023\/11\/LB-200-Tronic-G_09-2021_Standard-US_LR.pdf\">Ficha T\u00e9cnica<\/a><\/p>\n","protected":false},"excerpt":{"rendered":"<p>Un emblema de la excelencia en la fabricaci\u00f3n de helados gelatos y sorbetes. Esta m\u00e1quina de congelaci\u00f3n por lotes de avanzada, meticulosamente mantenida, ofrece la misma calidad y rendimiento que una nueva, satisfaciendo una amplia gama de necesidades de producci\u00f3n.<\/p>\n","protected":false},"featured_media":4926,"comment_status":"open","ping_status":"closed","template":"","meta":[],"product_brand":[],"product_cat":[605,35,1038,606],"product_tag":[480,25,47,26,27,36,178,28,478],"class_list":{"0":"post-2432","1":"product","2":"type-product","3":"status-publish","4":"has-post-thumbnail","6":"product_cat-equipos","7":"product_cat-gelato","8":"product_cat-ofertas-especiales","9":"product_cat-produccion","10":"product_tag-1-fase","11":"product_tag-208-230-voltios-2","12":"product_tag-40-amperios-2","13":"product_tag-60-hz","14":"product_tag-carpigiani","15":"product_tag-congelador-por-lotes-2","16":"product_tag-muy-bueno","17":"product_tag-refrigerado-por-aire-2","18":"product_tag-usado-certificado","20":"first","21":"instock","22":"sale","23":"taxable","24":"shipping-taxable","25":"purchasable","26":"product-type-simple"},"_links":{"self":[{"href":"https:\/\/baluna.com\/es\/wp-json\/wp\/v2\/product\/2432","targetHints":{"allow":["GET"]}}],"collection":[{"href":"https:\/\/baluna.com\/es\/wp-json\/wp\/v2\/product"}],"about":[{"href":"https:\/\/baluna.com\/es\/wp-json\/wp\/v2\/types\/product"}],"replies":[{"embeddable":true,"href":"https:\/\/baluna.com\/es\/wp-json\/wp\/v2\/comments?post=2432"}],"wp:featuredmedia":[{"embeddable":true,"href":"https:\/\/baluna.com\/es\/wp-json\/wp\/v2\/media\/4926"}],"wp:attachment":[{"href":"https:\/\/baluna.com\/es\/wp-json\/wp\/v2\/media?parent=2432"}],"wp:term":[{"taxonomy":"product_brand","embeddable":true,"href":"https:\/\/baluna.com\/es\/wp-json\/wp\/v2\/product_brand?post=2432"},{"taxonomy":"product_cat","embeddable":true,"href":"https:\/\/baluna.com\/es\/wp-json\/wp\/v2\/product_cat?post=2432"},{"taxonomy":"product_tag","embeddable":true,"href":"https:\/\/baluna.com\/es\/wp-json\/wp\/v2\/product_tag?post=2432"}],"curies":[{"name":"wp","href":"https:\/\/api.w.org\/{rel}","templated":true}]}}