{"id":2431,"date":"2025-11-14T15:35:29","date_gmt":"2025-11-14T15:35:29","guid":{"rendered":"https:\/\/baluna.katakoscreativo.com\/?post_type=product&#038;p=2431"},"modified":"2026-02-03T23:19:16","modified_gmt":"2026-02-03T23:19:16","slug":"2013-carpigiani-193-bar-g-2","status":"publish","type":"product","link":"https:\/\/baluna.com\/es\/product\/2013-carpigiani-193-bar-g-2\/","title":{"rendered":"2013 &#8211; Carpigiani 193 BAR G"},"content":{"rendered":"<p><strong>Innovaci\u00f3n en helado Soft de alto volumen<\/strong><\/p>\n<p><strong>La excelencia de Carpigiani en la 193 BAR G<\/strong><\/p>\n<p><strong>Innovaci\u00f3n en producci\u00f3n de helado<\/strong><\/p>\n<p>La Carpigiani 193 BAR G es un modelo de sobremesa ideal para la producci\u00f3n de alto volumen de helado soft. Este equipo bate las expectativas con su capacidad para ofrecer dos sabores y un sabor combinado (twist), garantizando una calidad de helado suave y cremosa que distingue a Carpigiani en el mercado.<\/p>\n<p><strong>Tecnolog\u00eda de control de consistencia Hard-O-Tronic<\/strong><\/p>\n<p>Una caracter\u00edstica exclusiva de la Carpigiani 193 BAR G es su tecnolog\u00eda Hard-O-Tronic, un sistema patentado que regula la refrigeraci\u00f3n midiendo la viscosidad del producto. Este sistema permite mantener un control de calidad constante, asegurando una consistencia perfecta en cada servicio.<\/p>\n<p><strong>Conveniencia y ahorro energ\u00e9tico<\/strong><\/p>\n<p>Adem\u00e1s de su rendimiento superior, este modelo se destaca por su se\u00f1al audible que alerta cuando es necesario rellenar, facilitando su operaci\u00f3n continua. Con el consumo de energ\u00eda m\u00e1s bajo de su clase y la menor cantidad de componentes para limpiar, la Carpigiani 193 BAR G representa una combinaci\u00f3n \u00f3ptima de conveniencia y eficiencia.<\/p>\n<p><strong>Seguridad y monitoreo con TEOREMA<\/strong><\/p>\n<p>El sistema TEOREMA proporciona asistencia facilitada, ofreciendo monitoreo y diagn\u00f3stico en l\u00ednea desde cualquier dispositivo. Esto aumenta la seguridad y eficiencia, asegurando un funcionamiento \u00f3ptimo en todo momento.<\/p>\n<p><strong>Modo de espera y higiene avanzada<\/strong><\/p>\n<p>El modo de espera de la Carpigiani 193 BAR G mantiene temperaturas seguras en el cilindro de congelaci\u00f3n y la tolva, utilizando una m\u00ednima cantidad de energ\u00eda. Este enfoque en la higiene y el ahorro energ\u00e9tico es crucial para cualquier establecimiento que valora la calidad y la sostenibilidad.<\/p>\n<p><strong>Conclusi\u00f3n<\/strong><\/p>\n<p>La Carpigiani 193 BAR G es la elecci\u00f3n perfecta para negocios que buscan maximizar su producci\u00f3n de helado soft sin comprometer la calidad. Su avanzada tecnolog\u00eda, eficiencia energ\u00e9tica y facilidad de uso la convierten en una inversi\u00f3n inteligente y duradera para cualquier establecimiento de helados.<\/p>\n<p>Descargar <a href=\"http:\/\/baluna.com\/wp-content\/uploads\/2023\/12\/193-BAR-G_01-2023_Standard-US_LR.pdf\">Ficha T\u00e9cnica<\/a><\/p>\n","protected":false},"excerpt":{"rendered":"<p>Es un modelo de sobremesa ideal para la producci\u00f3n de alto volumen de helado soft. Este equipo bate las expectativas con su capacidad para ofrecer dos sabores y un sabor combinado (twist), garantizando una calidad de helado suave y cremosa que distingue a Carpigiani en el mercado.<\/p>\n","protected":false},"featured_media":3532,"comment_status":"open","ping_status":"closed","template":"","meta":[],"product_brand":[],"product_cat":[605,610,1038,606],"product_tag":[131,133,26,27,45,525,132,41],"class_list":{"0":"post-2431","1":"product","2":"type-product","3":"status-publish","4":"has-post-thumbnail","6":"product_cat-equipos","7":"product_cat-helados-blandos","8":"product_cat-ofertas-especiales","9":"product_cat-produccion","10":"product_tag-208230-voltios","11":"product_tag-3-fase","12":"product_tag-60-hz","13":"product_tag-carpigiani","14":"product_tag-hard-o-tronic","15":"product_tag-refrigerado-por-aire","16":"product_tag-suave","17":"product_tag-teorema","19":"first","20":"instock","21":"sale","22":"taxable","23":"shipping-taxable","24":"purchasable","25":"product-type-simple"},"_links":{"self":[{"href":"https:\/\/baluna.com\/es\/wp-json\/wp\/v2\/product\/2431","targetHints":{"allow":["GET"]}}],"collection":[{"href":"https:\/\/baluna.com\/es\/wp-json\/wp\/v2\/product"}],"about":[{"href":"https:\/\/baluna.com\/es\/wp-json\/wp\/v2\/types\/product"}],"replies":[{"embeddable":true,"href":"https:\/\/baluna.com\/es\/wp-json\/wp\/v2\/comments?post=2431"}],"wp:featuredmedia":[{"embeddable":true,"href":"https:\/\/baluna.com\/es\/wp-json\/wp\/v2\/media\/3532"}],"wp:attachment":[{"href":"https:\/\/baluna.com\/es\/wp-json\/wp\/v2\/media?parent=2431"}],"wp:term":[{"taxonomy":"product_brand","embeddable":true,"href":"https:\/\/baluna.com\/es\/wp-json\/wp\/v2\/product_brand?post=2431"},{"taxonomy":"product_cat","embeddable":true,"href":"https:\/\/baluna.com\/es\/wp-json\/wp\/v2\/product_cat?post=2431"},{"taxonomy":"product_tag","embeddable":true,"href":"https:\/\/baluna.com\/es\/wp-json\/wp\/v2\/product_tag?post=2431"}],"curies":[{"name":"wp","href":"https:\/\/api.w.org\/{rel}","templated":true}]}}