{"id":2430,"date":"2025-11-14T15:35:29","date_gmt":"2025-11-14T15:35:29","guid":{"rendered":"https:\/\/baluna.katakoscreativo.com\/?post_type=product&#038;p=2430"},"modified":"2026-04-09T14:32:42","modified_gmt":"2026-04-09T14:32:42","slug":"2021-ifi-panorama-10-cubetas","status":"publish","type":"product","link":"https:\/\/baluna.com\/es\/product\/2021-ifi-panorama-10-cubetas\/","title":{"rendered":"2021 &#8211; IFI Panorama 10 cubetas"},"content":{"rendered":"<p><strong>2021 &#8211; IFI Panorama 10 cubetas, vitrina expositora con mostrador\/1 tanque\/1 temperatura para helado 68,09&#8243;<\/strong><\/p>\n<p><strong>Elegancia y funcionalidad para tu gelato<\/strong><\/p>\n<p><strong>Descripci\u00f3n general del producto<\/strong><\/p>\n<p>La Vitrina IFI Panorama Tubs Counter es la combinaci\u00f3n perfecta de dise\u00f1o moderno y tecnolog\u00eda avanzada, ideal para resaltar la calidad y variedad de tus helados. Con una longitud de 68.9 pulgadas y una altura de 37.44 pulgadas, esta vitrina est\u00e1 dise\u00f1ada para captar la atenci\u00f3n del cliente y facilitar la selecci\u00f3n de sabores.<\/p>\n<h3><a href=\"http:\/\/baluna.com\/wp-content\/uploads\/2024\/01\/Baluna-Producto-IFI-Vitrina-Panorama-Para-Gelato.jpg\"><img fetchpriority=\"high\" decoding=\"async\" class=\"aligncenter size-full wp-image-3324\" src=\"http:\/\/baluna.com\/wp-content\/uploads\/2024\/01\/Baluna-Producto-IFI-Vitrina-Panorama-Para-Gelato.jpg\" alt=\"Baluna - Producto - IFI -Vitrina - Panorama - Para Gelato\" width=\"1366\" height=\"768\" \/><\/a><\/h3>\n<p><strong>Caracter\u00edsticas destacadas<\/strong><\/p>\n<p>Construida con materiales de la m\u00e1s alta calidad, la Vitrina IFI Panorama cuenta con 12 recipientes de acero inoxidable para gelato, asegurando una presentaci\u00f3n impecable y una conservaci\u00f3n \u00f3ptima de la temperatura. Las etiquetas de sabor de gelato te permiten mostrar hasta 36 variedades distintas, invitando a los clientes a explorar nuevos sabores.<\/p>\n<p><strong>Temperatura y conservaci\u00f3n<\/strong><\/p>\n<p>Mant\u00e9n tu gelato en las condiciones perfectas gracias a su rango de temperatura operativa de +28.4\u00b0F a -0.4\u00b0F. La unidad de condensaci\u00f3n incorporada utiliza el gas refrigerante R452A, ofreciendo una eficiencia energ\u00e9tica superior y un menor impacto ambiental.<\/p>\n<h3><\/h3>\n<p><strong>Dise\u00f1o y estilo<\/strong><\/p>\n<p>El panel frontal de la vitrina en laminado blanco mate y los paneles laterales en chapa met\u00e1lica con acabado lacado blanco RAL 9010 proporcionan un aspecto limpio y profesional, integr\u00e1ndose armoniosamente con cualquier decoraci\u00f3n de interior.<\/p>\n<h2><a href=\"http:\/\/baluna.com\/wp-content\/uploads\/2024\/01\/Baluna-Producto-IFI-Vitrina-Panorama-Para-Gelato-1.jpg\"><img decoding=\"async\" class=\"aligncenter size-full wp-image-3323\" src=\"http:\/\/baluna.com\/wp-content\/uploads\/2024\/01\/Baluna-Producto-IFI-Vitrina-Panorama-Para-Gelato-1.jpg\" alt=\"Baluna - Producto - IFI -Vitrina - Panorama - Para Gelato\" width=\"1067\" height=\"768\" \/><\/a><\/h2>\n<p><strong>Especificaciones t\u00e9cnicas<\/strong><\/p>\n<p>Este modelo opera con una alimentaci\u00f3n de Ph\/V\/Hz 220\/1\/60, asegurando un rendimiento constante y confiable. La vitrina IFI Panorama Tubs Counter no solo es un centro de atenci\u00f3n visual, sino tambi\u00e9n un equipo de alto rendimiento dise\u00f1ado para el uso diario intenso.<\/p>\n<p><strong>Adquiere tu Vitrina IFI Panorama hoy<\/strong><\/p>\n<p>No esperes m\u00e1s para transformar tu espacio y ofrecer la mejor experiencia a tus clientes. Con solo dos piezas disponibles, la Vitrina IFI Panorama Tubs Counter es una adici\u00f3n exclusiva y sofisticada para tu negocio.<\/p>\n<p>Descargar <a href=\"http:\/\/baluna.com\/wp-content\/uploads\/2024\/01\/PANORAMA_1-level_counters-1.pdf\">Ficha T\u00e9cnica<\/a><\/p>\n","protected":false},"excerpt":{"rendered":"<p>Es la combinaci\u00f3n perfecta de dise\u00f1o moderno y tecnolog\u00eda avanzada, ideal para resaltar la calidad y variedad de tus helados. Con una longitud de 68.9 pulgadas y una altura de 37.44 pulgadas, esta vitrina est\u00e1 dise\u00f1ada para captar la atenci\u00f3n del cliente y facilitar la selecci\u00f3n de sabores.<\/p>\n","protected":false},"featured_media":4930,"comment_status":"open","ping_status":"closed","template":"","meta":[],"product_brand":[],"product_cat":[605,212,35,1038],"product_tag":[480,513,26,150,146,147,141,525,94],"class_list":{"0":"post-2430","1":"product","2":"type-product","3":"status-publish","4":"has-post-thumbnail","6":"product_cat-equipos","7":"product_cat-exhibicion","8":"product_cat-gelato","9":"product_cat-ofertas-especiales","10":"product_tag-1-fase","11":"product_tag-208-230-voltios","12":"product_tag-60-hz","13":"product_tag-gelato","14":"product_tag-gelato-baja-aireacion","15":"product_tag-gelato-helado-americano","16":"product_tag-ifi","17":"product_tag-refrigerado-por-aire","18":"product_tag-vitrina","20":"first","21":"instock","22":"taxable","23":"shipping-taxable","24":"purchasable","25":"product-type-simple"},"_links":{"self":[{"href":"https:\/\/baluna.com\/es\/wp-json\/wp\/v2\/product\/2430","targetHints":{"allow":["GET"]}}],"collection":[{"href":"https:\/\/baluna.com\/es\/wp-json\/wp\/v2\/product"}],"about":[{"href":"https:\/\/baluna.com\/es\/wp-json\/wp\/v2\/types\/product"}],"replies":[{"embeddable":true,"href":"https:\/\/baluna.com\/es\/wp-json\/wp\/v2\/comments?post=2430"}],"wp:featuredmedia":[{"embeddable":true,"href":"https:\/\/baluna.com\/es\/wp-json\/wp\/v2\/media\/4930"}],"wp:attachment":[{"href":"https:\/\/baluna.com\/es\/wp-json\/wp\/v2\/media?parent=2430"}],"wp:term":[{"taxonomy":"product_brand","embeddable":true,"href":"https:\/\/baluna.com\/es\/wp-json\/wp\/v2\/product_brand?post=2430"},{"taxonomy":"product_cat","embeddable":true,"href":"https:\/\/baluna.com\/es\/wp-json\/wp\/v2\/product_cat?post=2430"},{"taxonomy":"product_tag","embeddable":true,"href":"https:\/\/baluna.com\/es\/wp-json\/wp\/v2\/product_tag?post=2430"}],"curies":[{"name":"wp","href":"https:\/\/api.w.org\/{rel}","templated":true}]}}