{"id":2402,"date":"2025-11-14T15:35:05","date_gmt":"2025-11-14T15:35:05","guid":{"rendered":"https:\/\/baluna.katakoscreativo.com\/?post_type=product&#038;p=2402"},"modified":"2025-12-02T15:19:50","modified_gmt":"2025-12-02T15:19:50","slug":"et-al-milos-1141-table-made-in-italy","status":"publish","type":"product","link":"https:\/\/baluna.com\/es\/product\/et-al-milos-1141-table-made-in-italy\/","title":{"rendered":"Et al. Milos 1141 Table (Made in Italy)"},"content":{"rendered":"<p><strong>Mesa cuadrada de aluminio de estilo contempor\u00e1neo para contratos<\/strong><\/p>\n<p>Configuraciones:<\/p>\n<p>Negro: Acabado de la columna: negro azabache mate S9000-N \/ Acabado de la base: negro azabache mate S9000-N<\/p>\n<p>Blanco: Acabado de la columna: blanco tr\u00e1fico NCS S0502-B \/ Acabado de la base: blanco tr\u00e1fico NCS S0502-B<\/p>\n<p>Estructura de mesa con base y columna de aluminio. Altura: 72 cm.<\/p>\n<p>Las mesas Milos son elementos modernos en los que la ingenier\u00eda y la est\u00e9tica dialogan en favor de una mayor versatilidad en t\u00e9rminos de uso y funcionalidad. La estructura se define por l\u00edneas puras y arquitect\u00f3nicas que se deslizan hacia arriba hasta el tablero redondo o cuadrado. El material es aluminio fundido a alta presi\u00f3n, totalmente reciclable, con una gran resistencia mec\u00e1nica que garantiza una estabilidad perfecta gracias tambi\u00e9n al bastidor de aluminio de 4 v\u00edas con deslizadores ajustables.<\/p>\n<p>Tableros de diferentes tama\u00f1os, redondos y cuadrados, pr\u00e1cticos y funcionales, que se adaptan f\u00e1cilmente a los distintos contextos de convivencia y hospitalidad. Una colecci\u00f3n apta tanto para interiores como para exteriores, que se puede combinar con sillones, sillas y taburetes gracias a las tres alturas disponibles para las columnas.<br \/>\nUn proyecto que responde perfectamente a la voluntad de Et al. de ofrecer productos cuyas caracter\u00edsticas no solo destacan en t\u00e9rminos est\u00e9ticos, sino que tambi\u00e9n facilitan la din\u00e1mica de quienes trabajan en un entorno contract.<\/p>\n","protected":false},"excerpt":{"rendered":"<p>Estructura de mesa con base y columna de aluminio. Altura: 72 cm.<\/p>\n","protected":false},"featured_media":4339,"comment_status":"open","ping_status":"closed","template":"","meta":[],"product_brand":[],"product_cat":[206],"product_tag":[],"class_list":{"0":"post-2402","1":"product","2":"type-product","3":"status-publish","4":"has-post-thumbnail","6":"product_cat-accesorios","8":"first","9":"instock","10":"sale","11":"taxable","12":"shipping-taxable","13":"purchasable","14":"product-type-variable"},"_links":{"self":[{"href":"https:\/\/baluna.com\/es\/wp-json\/wp\/v2\/product\/2402","targetHints":{"allow":["GET"]}}],"collection":[{"href":"https:\/\/baluna.com\/es\/wp-json\/wp\/v2\/product"}],"about":[{"href":"https:\/\/baluna.com\/es\/wp-json\/wp\/v2\/types\/product"}],"replies":[{"embeddable":true,"href":"https:\/\/baluna.com\/es\/wp-json\/wp\/v2\/comments?post=2402"}],"wp:featuredmedia":[{"embeddable":true,"href":"https:\/\/baluna.com\/es\/wp-json\/wp\/v2\/media\/4339"}],"wp:attachment":[{"href":"https:\/\/baluna.com\/es\/wp-json\/wp\/v2\/media?parent=2402"}],"wp:term":[{"taxonomy":"product_brand","embeddable":true,"href":"https:\/\/baluna.com\/es\/wp-json\/wp\/v2\/product_brand?post=2402"},{"taxonomy":"product_cat","embeddable":true,"href":"https:\/\/baluna.com\/es\/wp-json\/wp\/v2\/product_cat?post=2402"},{"taxonomy":"product_tag","embeddable":true,"href":"https:\/\/baluna.com\/es\/wp-json\/wp\/v2\/product_tag?post=2402"}],"curies":[{"name":"wp","href":"https:\/\/api.w.org\/{rel}","templated":true}]}}