{"id":2374,"date":"2025-11-14T15:34:36","date_gmt":"2025-11-14T15:34:36","guid":{"rendered":"https:\/\/baluna.katakoscreativo.com\/?post_type=product&#038;p=2374"},"modified":"2026-04-09T14:34:16","modified_gmt":"2026-04-09T14:34:16","slug":"2015-cattabriga-f120g-6-bandejas-congeladora-horizontal-para-helado-bandejas-no-incluidas","status":"publish","type":"product","link":"https:\/\/baluna.com\/es\/product\/2015-cattabriga-f120g-6-bandejas-congeladora-horizontal-para-helado-bandejas-no-incluidas\/","title":{"rendered":"2015 &#8211; Cattabriga F120G 6 bandejas congeladora horizontal para helado (Bandejas no incluidas)"},"content":{"rendered":"<p><strong>El coraz\u00f3n de tu negocio de gelato<\/strong><\/p>\n<p><strong>Subt\u00edtulo: eficiencia, consistencia y calidad en cada lote<\/strong><\/p>\n<p>Descubre el Cattabriga F120G 6 Pan, un congelador de lotes de 35 litros que se erige como el pilar de las operaciones de gelato alto volumen. Este equipo, emblem\u00e1tico en la industria del helado, es la elecci\u00f3n predilecta para negocios medianos y grandes, as\u00ed como para aquellos que buscan expandir su oferta actual.<\/p>\n<p><strong>Rendimiento superior para productos excepcionales<\/strong><\/p>\n<p>El \u00a0Cattabriga F120G 6 Pan\u00a0es la cl\u00e1sica m\u00e1quina de Carpigiani que ha sido la base para la creaci\u00f3n de gelato, helados, Water Ice y m\u00e1s. Sus controles electr\u00f3nicos mantienen autom\u00e1ticamente el producto hasta que comienza la extracci\u00f3n, mientras que el batidor Carpigiani 3-E proporciona una extracci\u00f3n \u00f3ptima del producto y un alto overrun, esencial para esa textura aireada y suave que define al gelato de calidad.<\/p>\n<p><strong>Conveniencia y control al alcance de tu mano<\/strong><\/p>\n<p>Una alarma audible avisa cuando el producto est\u00e1 listo para extraer, y el Control Autom\u00e1tico ofrece una flexibilidad y facilidad de operaci\u00f3n sin par. Esta alarma tambi\u00e9n indica cuando el producto alcanza la consistencia deseada, lo que permite a los operadores mantener la calidad constante que los clientes esperan.<\/p>\n<p><strong>Ahorro energ\u00e9tico y maximizaci\u00f3n de recursos<\/strong><\/p>\n<p>El Cattabriga F120G 6 Pan\u00a0se destaca por tener el menor consumo de energ\u00eda en la industria, proporcionando algunos de los tiempos de congelaci\u00f3n de lotes m\u00e1s r\u00e1pidos. La maximizaci\u00f3n de la extracci\u00f3n ayuda a evitar el desperdicio de producto y la superposici\u00f3n m\u00ednima de sabores, lo que es crucial para negocios que valoran la eficiencia y la sostenibilidad.<\/p>\n<p><strong>Seguridad y comodidad para el operador<\/strong><\/p>\n<p>Las operaciones se realizan de pie para la comodidad del usuario, y la parrilla de la puerta de extracci\u00f3n reduce el riesgo de lesiones. El cierre de la puerta tipo cam proporciona un acceso r\u00e1pido al interior, lo que facilita tanto la operaci\u00f3n como el mantenimiento.<\/p>\n<p><strong>Higiene y mantenimiento simplificados<\/strong><\/p>\n<p>Con un grifo incorporado y una manguera flexible, la limpieza se convierte en una tarea r\u00e1pida y sencilla. Adem\u00e1s, Carpigiani ofrece el \u00abCarpi Care Kit\u00bb para el mejor mantenimiento del equipo, asegurando que tu m\u00e1quina se mantenga en condiciones \u00f3ptimas.<\/p>\n<p><strong>Capacidad para grandes demandas<\/strong><\/p>\n<p>Con una capacidad de producci\u00f3n de 20 cuartos por lote y hasta 30 galones (113 litros) de helado por hora, el Cattabriga F120G 6 Pan<b>\u00a0<\/b>es capaz de satisfacer las demandas m\u00e1s exigentes. Con un m\u00ednimo de mezcla por lote de 5.8 cuartos y un m\u00e1ximo de 12.5, esta m\u00e1quina es tan vers\u00e1til como poderosa.<\/p>\n<p>&nbsp;<\/p>\n<p>&nbsp;<\/p>\n","protected":false},"excerpt":{"rendered":"<p>Maximiza la producci\u00f3n de gelato con el Cattabriga F120G 6 Pan Horizontal Gelato Batch : eficiencia, calidad y sabor en cada lote, para negocios que lideran el mercado.<\/p>\n<p>&nbsp;<\/p>\n","protected":false},"featured_media":4910,"comment_status":"open","ping_status":"closed","template":"","meta":[],"product_brand":[],"product_cat":[605,35,1038,606],"product_tag":[513,37,500,26,27,515,527,95],"class_list":{"0":"post-2374","1":"product","2":"type-product","3":"status-publish","4":"has-post-thumbnail","6":"product_cat-equipos","7":"product_cat-gelato","8":"product_cat-ofertas-especiales","9":"product_cat-produccion","10":"product_tag-208-230-voltios","11":"product_tag-3-fases","12":"product_tag-40-amperios","13":"product_tag-60-hz","14":"product_tag-carpigiani","15":"product_tag-congelador-por-lotes","16":"product_tag-refrigerado-por-agua","17":"product_tag-usado","19":"first","20":"instock","21":"sale","22":"taxable","23":"shipping-taxable","24":"purchasable","25":"product-type-simple"},"_links":{"self":[{"href":"https:\/\/baluna.com\/es\/wp-json\/wp\/v2\/product\/2374","targetHints":{"allow":["GET"]}}],"collection":[{"href":"https:\/\/baluna.com\/es\/wp-json\/wp\/v2\/product"}],"about":[{"href":"https:\/\/baluna.com\/es\/wp-json\/wp\/v2\/types\/product"}],"replies":[{"embeddable":true,"href":"https:\/\/baluna.com\/es\/wp-json\/wp\/v2\/comments?post=2374"}],"wp:featuredmedia":[{"embeddable":true,"href":"https:\/\/baluna.com\/es\/wp-json\/wp\/v2\/media\/4910"}],"wp:attachment":[{"href":"https:\/\/baluna.com\/es\/wp-json\/wp\/v2\/media?parent=2374"}],"wp:term":[{"taxonomy":"product_brand","embeddable":true,"href":"https:\/\/baluna.com\/es\/wp-json\/wp\/v2\/product_brand?post=2374"},{"taxonomy":"product_cat","embeddable":true,"href":"https:\/\/baluna.com\/es\/wp-json\/wp\/v2\/product_cat?post=2374"},{"taxonomy":"product_tag","embeddable":true,"href":"https:\/\/baluna.com\/es\/wp-json\/wp\/v2\/product_tag?post=2374"}],"curies":[{"name":"wp","href":"https:\/\/api.w.org\/{rel}","templated":true}]}}