{"id":2249,"date":"2025-11-14T15:33:20","date_gmt":"2025-11-14T15:33:20","guid":{"rendered":"https:\/\/baluna.katakoscreativo.com\/?post_type=product&#038;p=2249"},"modified":"2026-04-09T14:35:16","modified_gmt":"2026-04-09T14:35:16","slug":"carpigiani-lb-1002-g-rtx-tru-2-demo","status":"publish","type":"product","link":"https:\/\/baluna.com\/es\/product\/carpigiani-lb-1002-g-rtx-tru-2-demo\/","title":{"rendered":"Carpigiani LB 1002 G RTX TRU 2 (Demo)"},"content":{"rendered":"<p><strong>Innovaci\u00f3n y rendimiento en helader\u00eda<\/strong><\/p>\n<p>La Carpigiani LB 1002 G RTX TRU 2 redefine los est\u00e1ndares de la producci\u00f3n de helados, ofreciendo una soluci\u00f3n din\u00e1mica y de alta capacidad para profesionales del sector. Este equipo no solo permite la creaci\u00f3n de una amplia gama de productos con diferentes texturas, desde gelato italiano hasta sorbetes y custards, sino que tambi\u00e9n se destaca por su eficiencia y versatilidad.<\/p>\n<p><strong>Caracter\u00edsticas clave que definen la excelencia<\/strong><\/p>\n<p><strong>Tecnolog\u00eda Hard-O-Dynamic para consistencia perfecta<\/strong><\/p>\n<p>Con la tecnolog\u00eda patentada Hard-O-Dynamic, la Carpigiani LB 1002 G RTX TRU 2 logra la consistencia deseada independientemente del tama\u00f1o del lote, manteniendo autom\u00e1ticamente el producto hasta que comienza la extracci\u00f3n. Su batidora, resistente a temperaturas extremas, incluye raspadores autoajustables para una extracci\u00f3n completa, maximizando la calidad del helado y gelato.<\/p>\n<p><strong>Control autom\u00e1tico y ahorro energ\u00e9tico<\/strong><\/p>\n<p>Su sistema de control autom\u00e1tico ofrece una flexibilidad y facilidad de operaci\u00f3n sin paralelos, acompa\u00f1ado de una alarma audible que se\u00f1ala cuando el producto alcanza la consistencia deseada. Este modelo se distingue por tener el menor consumo de energ\u00eda en su categor\u00eda, lo que se traduce en ahorros significativos para su negocio.<\/p>\n<p><strong>Seguridad y higiene garantizadas<\/strong><\/p>\n<p>La seguridad es una prioridad en la Carpigiani LB 1002 G RTX TRU 2, con caracter\u00edsticas como el deshielo autom\u00e1tico ante cortes de energ\u00eda para evitar da\u00f1os, y esquinas redondeadas para reducir el riesgo de lesiones. Adem\u00e1s, su dise\u00f1o facilita la limpieza, con una boquilla de llenado incorporada y una tolva de extracci\u00f3n removible, asegurando altos est\u00e1ndares de higiene.<\/p>\n<p><strong>Optimizaci\u00f3n y conveniencia para su negocio<\/strong><\/p>\n<p>Desde la maximizaci\u00f3n de la extracci\u00f3n para reducir la superposici\u00f3n de sabores hasta la opci\u00f3n de enfriamiento por aire, cada detalle ha sido pensado para ofrecer conveniencia y eficiencia. Compatible con los kits de limpieza \u00abCarpi Care\u00bb y \u00abCarpi Clean\u00bb, esta m\u00e1quina asegura un mantenimiento sencillo y efectivo, manteniendo su rendimiento \u00f3ptimo a lo largo del tiempo.<\/p>\n<p><strong>Una inversi\u00f3n inteligente en calidad y rendimiento<\/strong><\/p>\n<p>El compromiso de Carpigiani con la excelencia se refleja en cada aspecto de la LB 1002 G RTX TRU 2, desde su innovador dise\u00f1o hasta su incomparable eficiencia energ\u00e9tica y facilidad de uso. Ya sea que se especialice en helados, gelatos, sorbetes o cualquier otro postre congelado, este equipo representa una inversi\u00f3n inteligente que impulsar\u00e1 su negocio a nuevos niveles de \u00e9xito.<\/p>\n<p>Descargar <a href=\"http:\/\/baluna.com\/wp-content\/uploads\/2023\/11\/LB-1002-RTX-G-Tru-2_06-2022_Standard-US_LR.pdf\">Ficha T\u00e9cnica<\/a><\/p>\n","protected":false},"excerpt":{"rendered":"<p>Destaca por su capacidad para manejar dos sabores simult\u00e1neamente, permiti\u00e9ndote maximizar la producci\u00f3n sin sacrificar la calidad. Con dos cilindros independientes, esta m\u00e1quina est\u00e1 dise\u00f1ada para producir lotes grandes y consistentes de helado artesanal, con una atenci\u00f3n meticulosa a la textura y el sabor.<\/p>\n","protected":false},"featured_media":5490,"comment_status":"open","ping_status":"closed","template":"","meta":[],"product_brand":[],"product_cat":[605,35,621,1038,606],"product_tag":[513,37,26,486,27,515,527,41,38],"class_list":{"0":"post-2249","1":"product","2":"type-product","3":"status-publish","4":"has-post-thumbnail","6":"product_cat-equipos","7":"product_cat-gelato","8":"product_cat-granizadoras","9":"product_cat-ofertas-especiales","10":"product_cat-produccion","11":"product_tag-208-230-voltios","12":"product_tag-3-fases","13":"product_tag-60-hz","14":"product_tag-70-amperios","15":"product_tag-carpigiani","16":"product_tag-congelador-por-lotes","17":"product_tag-refrigerado-por-agua","18":"product_tag-teorema","19":"product_tag-tru-2","21":"first","22":"instock","23":"sale","24":"taxable","25":"shipping-taxable","26":"purchasable","27":"product-type-simple"},"_links":{"self":[{"href":"https:\/\/baluna.com\/es\/wp-json\/wp\/v2\/product\/2249","targetHints":{"allow":["GET"]}}],"collection":[{"href":"https:\/\/baluna.com\/es\/wp-json\/wp\/v2\/product"}],"about":[{"href":"https:\/\/baluna.com\/es\/wp-json\/wp\/v2\/types\/product"}],"replies":[{"embeddable":true,"href":"https:\/\/baluna.com\/es\/wp-json\/wp\/v2\/comments?post=2249"}],"wp:featuredmedia":[{"embeddable":true,"href":"https:\/\/baluna.com\/es\/wp-json\/wp\/v2\/media\/5490"}],"wp:attachment":[{"href":"https:\/\/baluna.com\/es\/wp-json\/wp\/v2\/media?parent=2249"}],"wp:term":[{"taxonomy":"product_brand","embeddable":true,"href":"https:\/\/baluna.com\/es\/wp-json\/wp\/v2\/product_brand?post=2249"},{"taxonomy":"product_cat","embeddable":true,"href":"https:\/\/baluna.com\/es\/wp-json\/wp\/v2\/product_cat?post=2249"},{"taxonomy":"product_tag","embeddable":true,"href":"https:\/\/baluna.com\/es\/wp-json\/wp\/v2\/product_tag?post=2249"}],"curies":[{"name":"wp","href":"https:\/\/api.w.org\/{rel}","templated":true}]}}