{"id":2214,"date":"2025-11-14T15:32:56","date_gmt":"2025-11-14T15:32:56","guid":{"rendered":"https:\/\/baluna.katakoscreativo.com\/?post_type=product&#038;p=2214"},"modified":"2025-11-28T17:58:34","modified_gmt":"2025-11-28T17:58:34","slug":"sillas-de-restaurante-resol-fiona-combo-gris-oscuro-4-sillas-fabricadas-en-espana","status":"publish","type":"product","link":"https:\/\/baluna.com\/es\/product\/sillas-de-restaurante-resol-fiona-combo-gris-oscuro-4-sillas-fabricadas-en-espana\/","title":{"rendered":"Sillas de Restaurante Resol Fiona &#8211; Combo Gris Oscuro (4 sillas) (Fabricadas en Espa\u00f1a)"},"content":{"rendered":"<p><strong>Durabilidad y dise\u00f1o al aire libre<\/strong><\/p>\n<p>El combo de 4 Sillas de Restaurante Resol Fiona es la elecci\u00f3n perfecta para aquellos que buscan calidad y durabilidad tanto en interiores como en exteriores. Estas sillas combinan funcionalidad y estilo para crear ambientes atractivos y confortables en cualquier espacio.<\/p>\n<p>C<strong>alidad superior para uso vers\u00e1til<\/strong><\/p>\n<p><strong>Material de alta resistencia<\/strong><\/p>\n<p>Las sillas Resol Fiona est\u00e1n inyectadas en polipropileno, lo que les confiere una alta resistencia frente a las exigencias del uso diario y las hace ideales para negocios con gran afluencia de p\u00fablico como restaurantes, helader\u00edas, panader\u00edas y cafeter\u00edas.<\/p>\n<p><strong>Protecci\u00f3n UV y apilables<\/strong><\/p>\n<p>Con protecci\u00f3n UV incorporada, el color gris oscuro de estas sillas se mantiene sin alterarse bajo el sol, asegurando la retenci\u00f3n del color y la integridad estructural despu\u00e9s de largas exposiciones al aire libre. Adem\u00e1s, su dise\u00f1o apilable facilita el almacenamiento y la organizaci\u00f3n del espacio.<\/p>\n<p><strong>Dise\u00f1o elegante y pr\u00e1ctico<\/strong><\/p>\n<p><strong>Est\u00e9tica moderna para exteriores e interiores<\/strong><\/p>\n<p>El dise\u00f1o moderno de las Sillas de Restaurante Resol Fiona se adapta perfectamente a cualquier entorno, a\u00f1adiendo un toque de elegancia discreta y contempor\u00e1nea tanto a espacios internos como externos.<\/p>\n<p><strong>Comodidad y funcionalidad<\/strong><\/p>\n<p>El asiento y el respaldo est\u00e1n dise\u00f1ados para ofrecer el m\u00e1ximo confort, sin sacrificar la resistencia y la facilidad de mantenimiento, caracter\u00edsticas esenciales en cualquier establecimiento de restauraci\u00f3n.<\/p>\n<p><strong>Opciones para pedidos grandes<\/strong><\/p>\n<p><strong>Servicio personalizado para negocios<\/strong><\/p>\n<p>Para aquellos interesados en adquirir cantidades mayores para sus restaurantes u otros negocios, ofrecemos un servicio personalizado. Env\u00edanos un mensaje y te ayudaremos a equipar tu espacio con la mejor opci\u00f3n.<\/p>\n<p>Las Sillas de Restaurante Resol Fiona no solo son una inversi\u00f3n en durabilidad y dise\u00f1o, sino tambi\u00e9n una declaraci\u00f3n de compromiso con la comodidad y la experiencia de tus clientes.<\/p>\n<p>Descargar <a href=\"http:\/\/baluna.com\/wp-content\/uploads\/2024\/02\/ff_fiona_sillas.pdf\">Ficha T\u00e9cnica<\/a><\/p>\n","protected":false},"excerpt":{"rendered":"<p>Es la elecci\u00f3n perfecta para aquellos que buscan calidad y durabilidad tanto en interiores como en exteriores. Estas sillas combinan funcionalidad y estilo para crear ambientes atractivos y confortables en cualquier espacio.<\/p>\n","protected":false},"featured_media":2317,"comment_status":"open","ping_status":"closed","template":"","meta":[],"product_brand":[],"product_cat":[206],"product_tag":[],"class_list":{"0":"post-2214","1":"product","2":"type-product","3":"status-publish","4":"has-post-thumbnail","6":"product_cat-accesorios","8":"first","9":"instock","10":"taxable","11":"shipping-taxable","12":"purchasable","13":"product-type-simple"},"_links":{"self":[{"href":"https:\/\/baluna.com\/es\/wp-json\/wp\/v2\/product\/2214","targetHints":{"allow":["GET"]}}],"collection":[{"href":"https:\/\/baluna.com\/es\/wp-json\/wp\/v2\/product"}],"about":[{"href":"https:\/\/baluna.com\/es\/wp-json\/wp\/v2\/types\/product"}],"replies":[{"embeddable":true,"href":"https:\/\/baluna.com\/es\/wp-json\/wp\/v2\/comments?post=2214"}],"wp:featuredmedia":[{"embeddable":true,"href":"https:\/\/baluna.com\/es\/wp-json\/wp\/v2\/media\/2317"}],"wp:attachment":[{"href":"https:\/\/baluna.com\/es\/wp-json\/wp\/v2\/media?parent=2214"}],"wp:term":[{"taxonomy":"product_brand","embeddable":true,"href":"https:\/\/baluna.com\/es\/wp-json\/wp\/v2\/product_brand?post=2214"},{"taxonomy":"product_cat","embeddable":true,"href":"https:\/\/baluna.com\/es\/wp-json\/wp\/v2\/product_cat?post=2214"},{"taxonomy":"product_tag","embeddable":true,"href":"https:\/\/baluna.com\/es\/wp-json\/wp\/v2\/product_tag?post=2214"}],"curies":[{"name":"wp","href":"https:\/\/api.w.org\/{rel}","templated":true}]}}