{"id":2179,"date":"2025-11-14T15:32:32","date_gmt":"2025-11-14T15:32:32","guid":{"rendered":"https:\/\/baluna.katakoscreativo.com\/?post_type=product&#038;p=2179"},"modified":"2026-04-04T15:16:50","modified_gmt":"2026-04-04T15:16:50","slug":"granizadora-v-air-classic-2","status":"publish","type":"product","link":"https:\/\/baluna.com\/es\/product\/granizadora-v-air-classic-2\/","title":{"rendered":"Granizadora V-air Classic 2"},"content":{"rendered":"<p>La Granizadora V-air Classic marca un nuevo hito en la industria de bebidas heladas. Dise\u00f1ada para maximizar el espacio y optimizar las rutinas de trabajo, esta granizadora combina una est\u00e9tica moderna con una funcionalidad superior, llevando la preparaci\u00f3n de slush, sorbetes y c\u00f3cteles congelados a un nivel completamente nuevo.<\/p>\n<p><a href=\"https:\/\/baluna.com\/wp-content\/uploads\/Baluna-Foto-Producto-V-air-Granizadora-Classic-Para-Cocteles-Sorbetes-Granizados.webp\"><img fetchpriority=\"high\" decoding=\"async\" class=\"aligncenter wp-image-3455 size-full\" src=\"https:\/\/baluna.com\/wp-content\/uploads\/Baluna-Foto-Producto-V-air-Granizadora-Classic-Para-Cocteles-Sorbetes-Granizados.webp\" alt=\"Baluna - Foto - Producto - V-air - Granizadora - Classic - Para Cocteles Sorbetes Granizados\" width=\"1920\" height=\"1080\" \/><\/a><\/p>\n<p><strong>Caracter\u00edsticas t\u00e9cnicas que marcan la diferencia<\/strong><\/p>\n<p><strong>Eficiencia aerodin\u00e1mica y dise\u00f1o optimizado<\/strong><\/p>\n<p>Con un enfoque en la ergonom\u00eda y la eficiencia, la Granizadora V-air Classic dispone de un dise\u00f1o aerodin\u00e1mico que facilita tanto la preparaci\u00f3n como la limpieza. Cada detalle, desde la f\u00e1cil extracci\u00f3n del filtro hasta el sistema de descongelaci\u00f3n r\u00e1pido, est\u00e1 pensado para proporcionar la mejor experiencia posible.<\/p>\n<p><a href=\"https:\/\/baluna.com\/wp-content\/uploads\/Baluna-Foto-Producto-V-air-Granizadora-Classic-Para-Cocteles-Sorbetes-Granizados-2.webp\"><img decoding=\"async\" class=\"size-thumbnail wp-image-3453 alignleft\" src=\"https:\/\/baluna.com\/wp-content\/uploads\/Baluna-Foto-Producto-V-air-Granizadora-Classic-Para-Cocteles-Sorbetes-Granizados-2.webp\" alt=\"Baluna - Foto - Producto - V-air - Granizadora - Classic - Para Cocteles Sorbetes Granizados\" width=\"280\" height=\"280\" \/><\/a><strong>Capacidad mediana para cada necesidad<\/strong><\/p>\n<p>Con una capacidad de 3,1 galones, esta granizadora es ideal para negocios de todos los tama\u00f1os. Ofrece la flexibilidad necesaria para ajustarse a diferentes vol\u00famenes de demanda sin sacrificar la calidad ni el sabor de las bebidas.<\/p>\n<p><strong>Control de densidad electr\u00f3nico y funciones inteligentes<\/strong><\/p>\n<p>La tecnolog\u00eda de vanguardia se refleja en su control de densidad electr\u00f3nico y opciones de iluminaci\u00f3n RGB, que no solo permiten personalizar cada bebida sino que tambi\u00e9n atraen la atenci\u00f3n de los clientes, incrementando as\u00ed el atractivo visual y la funcionalidad de la m\u00e1quina.<\/p>\n<p>&nbsp;<\/p>\n<p><strong>Facilidad de mantenimiento para larga durabilidad<\/strong><\/p>\n<p>Con kits de servicio disponibles para intervenciones preventivas a los 6 y 12 meses, la Granizadora V-air Classic asegura un mantenimiento eficiente y una durabilidad prolongada, lo que representa un retorno de la inversi\u00f3n asegurado para cualquier negocio.<\/p>\n<p><a href=\"https:\/\/baluna.com\/wp-content\/uploads\/Baluna-Foto-Producto-V-air-Granizadora-Classic-Para-Cocteles-Sorbetes-Granizados-1.webp\"><img decoding=\"async\" class=\"aligncenter wp-image-3454 size-large\" src=\"https:\/\/baluna.com\/wp-content\/uploads\/Baluna-Foto-Producto-V-air-Granizadora-Classic-Para-Cocteles-Sorbetes-Granizados-1.webp\" alt=\"Baluna - Foto - Producto - V-air - Granizadora - Classic - Para Cocteles Sorbetes Granizados\" width=\"979\" height=\"800\" \/><\/a><\/p>\n<p>&nbsp;<\/p>\n<p><strong>Beneficios exclusivos de la Granizadora V-air Classic<\/strong><\/p>\n<p><strong>Uso \u00f3ptimo del espacio y dise\u00f1o contempor\u00e1neo<\/strong><\/p>\n<p>Esta granizadora no solo ahorra espacio valioso sino que su dise\u00f1o contempor\u00e1neo y las tapas iluminadas la convierten en un elemento destacado en cualquier establecimiento, fomentando una imagen moderna y profesional.<\/p>\n<p><strong>Innovaci\u00f3n en cada sorbo<\/strong><\/p>\n<p>La innovaci\u00f3n no termina en su dise\u00f1o. La Granizadora V-air Classic promete una revoluci\u00f3n en cada sorbo con su sistema de descongelaci\u00f3n 75% m\u00e1s r\u00e1pido, asegurando que cada bebida se sirva en su punto \u00f3ptimo de sabor y textura.<\/p>\n<p><strong>Conclusi\u00f3n<\/strong><\/p>\n<p>La Granizadora V-air Classic es el ep\u00edtome de la innovaci\u00f3n en m\u00e1quinas de slush. Combina perfectamente la tradici\u00f3n de bebidas heladas con la m\u00e1s moderna tecnolog\u00eda, ofreciendo una soluci\u00f3n completa para negocios que buscan eficiencia, calidad y un servicio excepcional.<\/p>\n","protected":false},"excerpt":{"rendered":"<p>Es el ep\u00edtome de la innovaci\u00f3n en m\u00e1quinas de slush. Combina perfectamente la tradici\u00f3n de bebidas heladas con la m\u00e1s moderna tecnolog\u00eda, ofreciendo una soluci\u00f3n completa para negocios que buscan eficiencia, calidad y un servicio excepcional.<\/p>\n","protected":false},"featured_media":2275,"comment_status":"open","ping_status":"closed","template":"","meta":[],"product_brand":[],"product_cat":[605,621,606],"product_tag":[152,153,154],"class_list":{"0":"post-2179","1":"product","2":"type-product","3":"status-publish","4":"has-post-thumbnail","6":"product_cat-equipos","7":"product_cat-granizadoras","8":"product_cat-produccion","9":"product_tag-granizadora","10":"product_tag-slush","11":"product_tag-v-air","13":"first","14":"instock","15":"taxable","16":"shipping-taxable","17":"product-type-simple"},"_links":{"self":[{"href":"https:\/\/baluna.com\/es\/wp-json\/wp\/v2\/product\/2179","targetHints":{"allow":["GET"]}}],"collection":[{"href":"https:\/\/baluna.com\/es\/wp-json\/wp\/v2\/product"}],"about":[{"href":"https:\/\/baluna.com\/es\/wp-json\/wp\/v2\/types\/product"}],"replies":[{"embeddable":true,"href":"https:\/\/baluna.com\/es\/wp-json\/wp\/v2\/comments?post=2179"}],"wp:featuredmedia":[{"embeddable":true,"href":"https:\/\/baluna.com\/es\/wp-json\/wp\/v2\/media\/2275"}],"wp:attachment":[{"href":"https:\/\/baluna.com\/es\/wp-json\/wp\/v2\/media?parent=2179"}],"wp:term":[{"taxonomy":"product_brand","embeddable":true,"href":"https:\/\/baluna.com\/es\/wp-json\/wp\/v2\/product_brand?post=2179"},{"taxonomy":"product_cat","embeddable":true,"href":"https:\/\/baluna.com\/es\/wp-json\/wp\/v2\/product_cat?post=2179"},{"taxonomy":"product_tag","embeddable":true,"href":"https:\/\/baluna.com\/es\/wp-json\/wp\/v2\/product_tag?post=2179"}],"curies":[{"name":"wp","href":"https:\/\/api.w.org\/{rel}","templated":true}]}}