{"id":2176,"date":"2025-11-14T15:32:31","date_gmt":"2025-11-14T15:32:31","guid":{"rendered":"https:\/\/baluna.katakoscreativo.com\/?post_type=product&#038;p=2176"},"modified":"2026-04-06T21:28:38","modified_gmt":"2026-04-06T21:28:38","slug":"vitrina-ifi-colonna-para-pasteleria-l-68-9","status":"publish","type":"product","link":"https:\/\/baluna.com\/es\/product\/vitrina-ifi-colonna-para-pasteleria-l-68-9\/","title":{"rendered":"Vitrina IFI Colonna para Pasteler\u00eda (L 68.9&#8243;)"},"content":{"rendered":"<p><strong>Introducci\u00f3n a Colonna<\/strong><\/p>\n<p>La Vitrina IFI Colonna es una pieza central en cualquier espacio de exhibici\u00f3n de pasteler\u00eda. Su dise\u00f1o \u00fanico en el que forma y funci\u00f3n se unen, ofrece una experiencia visual y de sabor sin igual, libre de pesos y estructuras superiores, creando una isla iluminada donde la excelencia artesanal se encuentra con el deseo del cliente.<\/p>\n<p><a href=\"https:\/\/baluna.com\/wp-content\/uploads\/Baluna-Foto-Producto-IFI-Vitrina-Colonna-para-Gelato-o-Helados-o-Pasteleria-8.webp\"><img fetchpriority=\"high\" decoding=\"async\" class=\"aligncenter wp-image-3411 size-full\" src=\"https:\/\/baluna.com\/wp-content\/uploads\/Baluna-Foto-Producto-IFI-Vitrina-Colonna-para-Gelato-o-Helados-o-Pasteleria-8.webp\" alt=\"Baluna - Foto - Producto - IFI - Vitrina - Colonna - para Pasteleria\" width=\"1162\" height=\"768\" \/><\/a><\/p>\n<p><strong>Dise\u00f1o y caracter\u00edsticas exclusivas<\/strong><\/p>\n<p>Cada aspecto de Colonna est\u00e1 pensado para ofrecer un acabado superior y una atenci\u00f3n meticulosa al detalle. Desde su bandeja de exhibici\u00f3n extra\u00edble patentada hasta su cristal frontal que se abre a 45\u00b0, cada elemento subraya el dise\u00f1o \u00fanico y original de esta vitrina.<\/p>\n<p><a href=\"https:\/\/baluna.com\/wp-content\/uploads\/Baluna-Foto-Producto-IFI-Vitrina-Colonna-para-Gelato-o-Helados-o-Pasteleria-6.webp\"><img decoding=\"async\" class=\"alignleft wp-image-3413 size-thumbnail\" src=\"https:\/\/baluna.com\/wp-content\/uploads\/Baluna-Foto-Producto-IFI-Vitrina-Colonna-para-Gelato-o-Helados-o-Pasteleria-6.webp\" alt=\"Baluna - Foto - Producto - IFI - Vitrina - Colonna - para Pasteleria\" width=\"280\" height=\"280\" \/><\/a><\/p>\n<p><strong>Tecnolog\u00eda de conservaci\u00f3n<\/strong><\/p>\n<p>Colonna presenta una tecnolog\u00eda de refrigeraci\u00f3n ventilada que garantiza la difusi\u00f3n uniforme del aire fr\u00edo, esencial para la preservaci\u00f3n \u00f3ptima de la pasteler\u00eda. Adem\u00e1s, cuenta con un sistema de descongelaci\u00f3n el\u00e9ctrica que mantiene la temperatura y humedad ideales a trav\u00e9s del panel de control.<\/p>\n<p><strong>Marco de vidrio y modularidad<\/strong><\/p>\n<p>El marco de vidrio de Colonna, con su impecable transparencia, asegura la m\u00e1xima visibilidad de los productos en exhibici\u00f3n. La iluminaci\u00f3n LED modular y las distintas temperaturas de color realzan la apariencia de la pasteler\u00eda, mientras que el sistema de puertas de cristal doble garantiza una conservaci\u00f3n eficiente.<\/p>\n<p><strong>Configuraciones flexibles<\/strong><\/p>\n<p><a href=\"https:\/\/baluna.com\/wp-content\/uploads\/Baluna-Foto-Producto-IFI-Vitrina-Colonna-para-Gelato-o-Helados-o-Pasteleria-5.webp\"><img decoding=\"async\" class=\"size-thumbnail wp-image-3414 alignright\" src=\"https:\/\/baluna.com\/wp-content\/uploads\/Baluna-Foto-Producto-IFI-Vitrina-Colonna-para-Gelato-o-Helados-o-Pasteleria-5.webp\" alt=\"Baluna - Foto - Producto - IFI - Vitrina - Colonna - para Gelato Helado o Pasteleria\" width=\"280\" height=\"280\" \/><\/a><\/p>\n<p>Las unidades de Colonna pueden conectarse para formar una presentaci\u00f3n continua, ideal para diferenciar sabores, aromas y temperaturas, ofreciendo as\u00ed una experiencia personalizada para cada cliente.<\/p>\n<p><strong>Conclusi\u00f3n: el escaparate de helado definitivo<\/strong><\/p>\n<p>Elegir la Vitrina IFI Colonna es optar por una exhibici\u00f3n que no solo preserva la calidad y el sabor de la pasteler\u00eda, sino que tambi\u00e9n lo presenta de manera excepcional, invitando a los clientes a disfrutar de una experiencia sensorial completa.<\/p>\n<p>&nbsp;<\/p>\n<p>Descargar <a href=\"http:\/\/baluna.com\/wp-content\/uploads\/2024\/01\/COLONNA_cut-sheet_2022.pdf\">Ficha T\u00e9cnica<\/a><\/p>\n","protected":false},"excerpt":{"rendered":"<p>Es optar por una exhibici\u00f3n que no solo preserva la calidad y el sabor de la pasteler\u00eda, sino que tambi\u00e9n lo presenta de manera excepcional, invitando a los clientes a disfrutar de una experiencia sensorial completa.<\/p>\n","protected":false},"featured_media":2261,"comment_status":"open","ping_status":"closed","template":"","meta":[],"product_brand":[],"product_cat":[605,212,33],"product_tag":[480,25,26,141,142,28,143,94],"class_list":{"0":"post-2176","1":"product","2":"type-product","3":"status-publish","4":"has-post-thumbnail","6":"product_cat-equipos","7":"product_cat-exhibicion","8":"product_cat-pasteleria-y-praline","9":"product_tag-1-fase","10":"product_tag-208-230-voltios-2","11":"product_tag-60-hz","12":"product_tag-ifi","13":"product_tag-pastry","14":"product_tag-refrigerado-por-aire-2","15":"product_tag-specialty-pastry","16":"product_tag-vitrina","18":"first","19":"instock","20":"taxable","21":"shipping-taxable","22":"product-type-simple"},"_links":{"self":[{"href":"https:\/\/baluna.com\/es\/wp-json\/wp\/v2\/product\/2176","targetHints":{"allow":["GET"]}}],"collection":[{"href":"https:\/\/baluna.com\/es\/wp-json\/wp\/v2\/product"}],"about":[{"href":"https:\/\/baluna.com\/es\/wp-json\/wp\/v2\/types\/product"}],"replies":[{"embeddable":true,"href":"https:\/\/baluna.com\/es\/wp-json\/wp\/v2\/comments?post=2176"}],"wp:featuredmedia":[{"embeddable":true,"href":"https:\/\/baluna.com\/es\/wp-json\/wp\/v2\/media\/2261"}],"wp:attachment":[{"href":"https:\/\/baluna.com\/es\/wp-json\/wp\/v2\/media?parent=2176"}],"wp:term":[{"taxonomy":"product_brand","embeddable":true,"href":"https:\/\/baluna.com\/es\/wp-json\/wp\/v2\/product_brand?post=2176"},{"taxonomy":"product_cat","embeddable":true,"href":"https:\/\/baluna.com\/es\/wp-json\/wp\/v2\/product_cat?post=2176"},{"taxonomy":"product_tag","embeddable":true,"href":"https:\/\/baluna.com\/es\/wp-json\/wp\/v2\/product_tag?post=2176"}],"curies":[{"name":"wp","href":"https:\/\/api.w.org\/{rel}","templated":true}]}}