{"id":2174,"date":"2025-11-14T15:32:31","date_gmt":"2025-11-14T15:32:31","guid":{"rendered":"https:\/\/baluna.katakoscreativo.com\/?post_type=product&#038;p=2174"},"modified":"2026-04-09T14:36:09","modified_gmt":"2026-04-09T14:36:09","slug":"vitrina-ifi-jolly-para-gelato-o-helado-66-l-46-46-h-53-19","status":"publish","type":"product","link":"https:\/\/baluna.com\/es\/product\/vitrina-ifi-jolly-para-gelato-o-helado-66-l-46-46-h-53-19\/","title":{"rendered":"Vitrina IFI Jolly para Gelato o Helado (6+6 L 46.46&#8243; H 53.19&#8243;)"},"content":{"rendered":"<p><strong>Presentaci\u00f3n innovadora con Jolly<\/strong><\/p>\n<p>Descubre Jolly, la primera vitrina profesional independiente de IFI dise\u00f1ada para dar a tu gelato el protagonismo que merece. Con su exclusiva Tecnolog\u00eda de Refrigeraci\u00f3n H\u00edbrida y fuente adicional de refrigeraci\u00f3n, Jolly garantiza un enfriamiento ininterrumpido incluso durante los ciclos de descongelaci\u00f3n, protegiendo tu gelato contra los cambios bruscos de temperatura.<\/p>\n<p><strong>Detalles que marcan la diferencia<\/strong><\/p>\n<p>Cada elemento de Jolly est\u00e1 pensado para ofrecer un acabado superior y un m\u00e1ximo cuidado en los detalles, desde su dise\u00f1o compacto y base en polietileno para un entorno m\u00e1s silencioso y sostenible, hasta sus gu\u00edas de puertas correderas integradas con tratamiento antioxidante antimicrobiano.<\/p>\n<p><a href=\"https:\/\/baluna.com\/wp-content\/uploads\/Baluna-Foto-Producto-IFI-Vitrina-Jolly-para-Gelato-o-Helados.webp\"><img fetchpriority=\"high\" decoding=\"async\" class=\"aligncenter wp-image-3406 size-full\" src=\"https:\/\/baluna.com\/wp-content\/uploads\/Baluna-Foto-Producto-IFI-Vitrina-Jolly-para-Gelato-o-Helados.webp\" alt=\"Vitrina IFI Jolly para Gelato o Helado\" width=\"1162\" height=\"768\" \/><\/a><\/p>\n<p><strong>Tecnolog\u00eda de preservaci\u00f3n avanzada<\/strong><\/p>\n<p>La Vitrina Jolly est\u00e1 equipada con un sistema de refrigeraci\u00f3n ventilado que asegura la distribuci\u00f3n uniforme del aire fr\u00edo. Este innovador sistema, junto con la tecnolog\u00eda de enfriamiento h\u00edbrido, mantiene la temperatura perfecta de forma continua para la preservaci\u00f3n \u00f3ptima del gelato.<\/p>\n<p><strong>Marco de vidrio y configuraci\u00f3n elegante<\/strong><\/p>\n<p>El marco de vidrio autoportante de Jolly, con su m\u00e1xima transparencia y aislamiento t\u00e9rmico, realza la presentaci\u00f3n del gelato, asegurando una visibilidad clara sin condensaci\u00f3n y manteniendo el fr\u00edo dentro de la vitrina. Con puertas correderas de metacrilato claro y sellos semiherm\u00e9ticos, se minimiza la entrada de aire externo.<\/p>\n<p><strong>Flexibilidad y funcionalidad<\/strong><\/p>\n<p>Jolly, con su superficie de trabajo en aluminio pulido y gu\u00edas deslizantes integradas, est\u00e1 dise\u00f1ada para el confort del operador y una higiene m\u00e1xima. La vitrina est\u00e1 disponible con pies ajustables o ruedas giratorias, ofreciendo versatilidad y movilidad sin esfuerzo.<\/p>\n<p><strong>Conclusi\u00f3n: el escaparate perfecto para gelato y helado<\/strong><\/p>\n<p>La Vitrina IFI Jolly es m\u00e1s que un simple exhibidor, es una declaraci\u00f3n de calidad y dise\u00f1o, que asegura que tus creaciones de gelato y helado sean siempre el centro de atenci\u00f3n, frescas y listas para disfrutar.<\/p>\n<p>&nbsp;<\/p>\n<p>Descargar <a href=\"http:\/\/baluna.com\/wp-content\/uploads\/2024\/01\/JOLLY_GELATO_Spec-Sheet.pdf\">Ficha T\u00e9cnica<\/a><\/p>\n","protected":false},"excerpt":{"rendered":"<p>Es m\u00e1s que un simple exhibidor, es una declaraci\u00f3n de calidad y dise\u00f1o, que asegura que tus creaciones de gelato y helado sean siempre el centro de atenci\u00f3n, frescas y listas para disfrutar.<\/p>\n","protected":false},"featured_media":2257,"comment_status":"open","ping_status":"closed","template":"","meta":[],"product_brand":[],"product_cat":[605,212,35],"product_tag":[480,513,26,150,146,147,141,525,94],"class_list":{"0":"post-2174","1":"product","2":"type-product","3":"status-publish","4":"has-post-thumbnail","6":"product_cat-equipos","7":"product_cat-exhibicion","8":"product_cat-gelato","9":"product_tag-1-fase","10":"product_tag-208-230-voltios","11":"product_tag-60-hz","12":"product_tag-gelato","13":"product_tag-gelato-baja-aireacion","14":"product_tag-gelato-helado-americano","15":"product_tag-ifi","16":"product_tag-refrigerado-por-aire","17":"product_tag-vitrina","19":"first","20":"instock","21":"taxable","22":"shipping-taxable","23":"product-type-simple"},"_links":{"self":[{"href":"https:\/\/baluna.com\/es\/wp-json\/wp\/v2\/product\/2174","targetHints":{"allow":["GET"]}}],"collection":[{"href":"https:\/\/baluna.com\/es\/wp-json\/wp\/v2\/product"}],"about":[{"href":"https:\/\/baluna.com\/es\/wp-json\/wp\/v2\/types\/product"}],"replies":[{"embeddable":true,"href":"https:\/\/baluna.com\/es\/wp-json\/wp\/v2\/comments?post=2174"}],"wp:featuredmedia":[{"embeddable":true,"href":"https:\/\/baluna.com\/es\/wp-json\/wp\/v2\/media\/2257"}],"wp:attachment":[{"href":"https:\/\/baluna.com\/es\/wp-json\/wp\/v2\/media?parent=2174"}],"wp:term":[{"taxonomy":"product_brand","embeddable":true,"href":"https:\/\/baluna.com\/es\/wp-json\/wp\/v2\/product_brand?post=2174"},{"taxonomy":"product_cat","embeddable":true,"href":"https:\/\/baluna.com\/es\/wp-json\/wp\/v2\/product_cat?post=2174"},{"taxonomy":"product_tag","embeddable":true,"href":"https:\/\/baluna.com\/es\/wp-json\/wp\/v2\/product_tag?post=2174"}],"curies":[{"name":"wp","href":"https:\/\/api.w.org\/{rel}","templated":true}]}}