{"id":2171,"date":"2025-11-14T15:32:30","date_gmt":"2025-11-14T15:32:30","guid":{"rendered":"https:\/\/baluna.katakoscreativo.com\/?post_type=product&#038;p=2171"},"modified":"2026-04-09T14:36:48","modified_gmt":"2026-04-09T14:36:48","slug":"vitrina-ifi-milia-para-gelato-o-helado-99-full-color-laminate-copia","status":"publish","type":"product","link":"https:\/\/baluna.com\/es\/product\/vitrina-ifi-milia-para-gelato-o-helado-99-full-color-laminate-copia\/","title":{"rendered":"Vitrina IFI Milia para Gelato o Helado (9+9 Full color laminate)"},"content":{"rendered":"<p><strong>Excelencia desde todo punto de vista<\/strong><\/p>\n<p><strong>Bienvenidos a la experiencia Milia<\/strong><\/p>\n<p>La Vitrina IFI Milia es el reflejo de la excelencia en cada punto de vista, dise\u00f1ada por Makio Hasuike &amp; Co. para ofrecer la mejor visibilidad a tus gelatos y helados sin barreras visuales y con un sistema de iluminaci\u00f3n LED de tres fuentes que resaltan la calidad y atractivo de tus productos.<\/p>\n<h3><a href=\"http:\/\/baluna.com\/wp-content\/uploads\/2024\/01\/Baluna-Producto-Carpigiani-Vitrina-Milia-Para-Gelato-o-Helado.jpg\"><img fetchpriority=\"high\" decoding=\"async\" class=\"aligncenter wp-image-3397 size-full\" src=\"http:\/\/baluna.com\/wp-content\/uploads\/2024\/01\/Baluna-Producto-Carpigiani-Vitrina-Milia-Para-Gelato-o-Helado.jpg\" alt=\"Baluna - Producto - Carpigiani -Vitrina - Milia - Para Gelato o Helado\" width=\"1160\" height=\"768\" \/><\/a><\/h3>\n<p><strong>Detalles que definen la calidad<\/strong><\/p>\n<p>Con un acabado interior en negro y una estructura autoportante de vidrio, Milia integra gu\u00edas de puertas correderas con tratamiento antioxidante antimicrobiano GHA\u00ae, destacando en higiene y facilidad de mantenimiento con un enfoque en el ahorro de energ\u00eda.<\/p>\n<p><strong>Tecnolog\u00eda de preservaci\u00f3n innovadora<\/strong><\/p>\n<p>La Vitrina Milia est\u00e1 equipada con un sistema de refrigeraci\u00f3n ventilado, asegurando una difusi\u00f3n homog\u00e9nea del aire fr\u00edo. Su sistema de refrigeraci\u00f3n con doble evaporador y desescarche r\u00e1pido y diversificado garantiza una temperatura ideal constante para la preservaci\u00f3n de gelato.<\/p>\n<p><strong>Visibilidad y presentaci\u00f3n premium<\/strong><\/p>\n<p>Destacando por la ausencia de barreras visuales frontales y una admisi\u00f3n de aire invisible, Milia asegura que tus creaciones se muestren m\u00e1gicamente suspendidas y perfectamente visibles desde cualquier \u00e1ngulo, realzando la experiencia est\u00e9tica del cliente.<\/p>\n<p><a href=\"http:\/\/baluna.com\/wp-content\/uploads\/2024\/01\/Baluna-Producto-Carpigiani-Vitrina-Milia-Para-Gelato-o-Helado-1.jpg\"><img decoding=\"async\" class=\"size-thumbnail wp-image-3396 alignleft\" src=\"http:\/\/baluna.com\/wp-content\/uploads\/2024\/01\/Baluna-Producto-Carpigiani-Vitrina-Milia-Para-Gelato-o-Helado-1-280x280.jpg\" alt=\"Baluna - Producto - Carpigiani -Vitrina - Milia - Para Gelato o Helado\" width=\"280\" height=\"280\" \/><\/a><\/p>\n<p><strong>Estructura y configuraciones vers\u00e1tiles<\/strong><\/p>\n<p>La Vitrina Milia dispone de un marco de vidrio autoportante, con vidrio frontal grande y doble acristalamiento que asegura una aislaci\u00f3n t\u00e9rmica excepcional. Las puertas correderas del lado del operador cuentan con un sistema de cierre HCS y sellos semiherm\u00e9ticos que minimizan la entrada de aire externo.<\/p>\n<p><strong>Adaptabilidad y movilidad<\/strong><\/p>\n<p>Con pies ajustables y la opci\u00f3n de ruedas giratorias a pedido, la Vitrina Milia ofrece dos formas de ducto: con parante en metacrilato para vitrinas del mismo servicio o con vidrio doble acristalado divisorio para vitrinas de servicios diferentes.<\/p>\n<p><strong>Conclusi\u00f3n: un escaparate de elegancia y funcionalidad<\/strong><\/p>\n<p>Optar por la Vitrina IFI Milia es elegir una combinaci\u00f3n de elegancia y avance tecnol\u00f3gico, una vitrina que no solo preserva la calidad de tus helados y gelatos, sino que tambi\u00e9n los presenta de manera espectacular, convirti\u00e9ndolos en el centro de todas las miradas.<\/p>\n<p>Descargar <a href=\"http:\/\/baluna.com\/wp-content\/uploads\/2024\/01\/IFI_MILIA_GELATO_data-sheet_12.2022.pdf\">Ficha T\u00e9cnica<\/a><\/p>\n","protected":false},"excerpt":{"rendered":"<p>Es el reflejo de la excelencia en cada punto de vista, dise\u00f1ada por Makio Hasuike &amp; Co. para ofrecer la mejor visibilidad a tus gelatos y helados sin barreras visuales y con un sistema de iluminaci\u00f3n LED de tres fuentes que resaltan la calidad y atractivo de tus productos.<\/p>\n","protected":false},"featured_media":2242,"comment_status":"open","ping_status":"closed","template":"","meta":[],"product_brand":[],"product_cat":[605,212,35],"product_tag":[480,513,26,150,146,147,141,525,94],"class_list":{"0":"post-2171","1":"product","2":"type-product","3":"status-publish","4":"has-post-thumbnail","6":"product_cat-equipos","7":"product_cat-exhibicion","8":"product_cat-gelato","9":"product_tag-1-fase","10":"product_tag-208-230-voltios","11":"product_tag-60-hz","12":"product_tag-gelato","13":"product_tag-gelato-baja-aireacion","14":"product_tag-gelato-helado-americano","15":"product_tag-ifi","16":"product_tag-refrigerado-por-aire","17":"product_tag-vitrina","19":"first","20":"instock","21":"taxable","22":"shipping-taxable","23":"product-type-simple"},"_links":{"self":[{"href":"https:\/\/baluna.com\/es\/wp-json\/wp\/v2\/product\/2171","targetHints":{"allow":["GET"]}}],"collection":[{"href":"https:\/\/baluna.com\/es\/wp-json\/wp\/v2\/product"}],"about":[{"href":"https:\/\/baluna.com\/es\/wp-json\/wp\/v2\/types\/product"}],"replies":[{"embeddable":true,"href":"https:\/\/baluna.com\/es\/wp-json\/wp\/v2\/comments?post=2171"}],"wp:featuredmedia":[{"embeddable":true,"href":"https:\/\/baluna.com\/es\/wp-json\/wp\/v2\/media\/2242"}],"wp:attachment":[{"href":"https:\/\/baluna.com\/es\/wp-json\/wp\/v2\/media?parent=2171"}],"wp:term":[{"taxonomy":"product_brand","embeddable":true,"href":"https:\/\/baluna.com\/es\/wp-json\/wp\/v2\/product_brand?post=2171"},{"taxonomy":"product_cat","embeddable":true,"href":"https:\/\/baluna.com\/es\/wp-json\/wp\/v2\/product_cat?post=2171"},{"taxonomy":"product_tag","embeddable":true,"href":"https:\/\/baluna.com\/es\/wp-json\/wp\/v2\/product_tag?post=2171"}],"curies":[{"name":"wp","href":"https:\/\/api.w.org\/{rel}","templated":true}]}}