{"id":2167,"date":"2025-11-14T15:32:30","date_gmt":"2025-11-14T15:32:30","guid":{"rendered":"https:\/\/baluna.katakoscreativo.com\/?post_type=product&#038;p=2167"},"modified":"2026-04-09T14:36:11","modified_gmt":"2026-04-09T14:36:11","slug":"vitrina-ifi-cloud-para-gelato-o-helado-1212-with-rear-glass-panel","status":"publish","type":"product","link":"https:\/\/baluna.com\/es\/product\/vitrina-ifi-cloud-para-gelato-o-helado-1212-with-rear-glass-panel\/","title":{"rendered":"Vitrina IFI Cloud para helado o gelato"},"content":{"rendered":"<p><strong>Descubre la Vitrina IFI Cloud<\/strong><\/p>\n<p>La Vitrina IFI Cloud es sin\u00f3nimo de perfecci\u00f3n en cada detalle, dise\u00f1ada para darle a tus gelatos y helados la visibilidad que se merecen, sin barreras visuales y con un gran cristal frontal. Su iluminaci\u00f3n especial con fuentes de LED RGB resalta la autenticidad de tus creaciones, manteni\u00e9ndolas frescas y atractivas.<\/p>\n<h3><a href=\"https:\/\/baluna.com\/wp-content\/uploads\/Baluna-Producto-Carpigiani-Vitrina-Cloud-Para-Gelato-Helado.webp\"><img fetchpriority=\"high\" decoding=\"async\" class=\"aligncenter wp-image-3387 size-full\" src=\"https:\/\/baluna.com\/wp-content\/uploads\/Baluna-Producto-Carpigiani-Vitrina-Cloud-Para-Gelato-Helado.webp\" alt=\"Baluna - Producto - Carpigiani -Vitrina - Cloud - Para Gelato Helado\" width=\"1160\" height=\"768\" \/><\/a><\/h3>\n<p><strong>Dise\u00f1o y visibilidad<\/strong><\/p>\n<p>Con una base \u00fanica e iluminada y el tanque revestido de vidrio templado retroiluminado, la Vitrina Cloud es un caso compacto y profesional que transforma la presentaci\u00f3n de tus productos en una emoci\u00f3n de luz, destacando el gelato como si estuviese flotando en una nube, visible desde cualquier punto.<\/p>\n<p><a href=\"https:\/\/baluna.com\/wp-content\/uploads\/Baluna-Producto-Carpigiani-Vitrina-Cloud-Para-Gelato-Helado-2.webp\"><img decoding=\"async\" class=\"alignleft wp-image-3385\" src=\"https:\/\/baluna.com\/wp-content\/uploads\/Baluna-Producto-Carpigiani-Vitrina-Cloud-Para-Gelato-Helado-2.webp\" alt=\"Baluna - Producto - Carpigiani -Vitrina - Cloud - Para Gelato Helado\" width=\"300\" height=\"199\" \/><\/a><strong>Caracter\u00edsticas generales<\/strong><\/p>\n<p>La estructura de soporte inferior est\u00e1 hecha de acero tubular con recubrimiento en polvo epoxi y lados externos en piedra acr\u00edlica blanca. El interior, completamente revestido de vidrio blanco y alumbrado por LEDs RGB, permite elegir el color de la iluminaci\u00f3n tanto en la superficie de exposici\u00f3n como en el panel trasero y el z\u00f3calo superior.<\/p>\n<p><strong>Tecnolog\u00eda de preservaci\u00f3n<\/strong><\/p>\n<p>Equipada con un sistema de refrigeraci\u00f3n ventilado, la Vitrina Cloud asegura una difusi\u00f3n homog\u00e9nea del aire fr\u00edo, manteniendo una temperatura constante ideal para la preservaci\u00f3n del gelato. Adem\u00e1s, cuenta con un sistema de descongelaci\u00f3n inteligente y r\u00e1pida, garantizando la frescura y las propiedades de los alimentos.<\/p>\n<p><strong>Marco de vidrio y configuraciones<\/strong><a href=\"https:\/\/baluna.com\/wp-content\/uploads\/Baluna-Producto-Carpigiani-Vitrina-Cloud-Para-Gelato-Helado-1.webp\"><img decoding=\"async\" class=\"size-thumbnail wp-image-3386 alignright\" src=\"https:\/\/baluna.com\/wp-content\/uploads\/Baluna-Producto-Carpigiani-Vitrina-Cloud-Para-Gelato-Helado-1.webp\" alt=\"Baluna - Producto - Carpigiani -Vitrina - Cloud - Para Gelato Helado\" width=\"280\" height=\"280\" \/><\/a><\/p>\n<p>El marco de vidrio de la Vitrina Cloud, de gran atractivo visual y funcionalidad, ayuda a la correcta circulaci\u00f3n del aire fr\u00edo. El vidrio frontal es pirol\u00edtico, calefactado y templado, con apertura asistida que facilita el acceso para operaciones de carga y limpieza. Adem\u00e1s, se ofrece con puertas correderas de metacrilato y versiones de vidrio templado y calefactado.<\/p>\n<p><strong>Personalizaci\u00f3n y versatilidad<\/strong><\/p>\n<p>Cada vitrina Cloud mantiene su lado de vidrio estructural propio, permitiendo ser colocadas una al lado de la otra, ya sea con el mismo servicio o con diferentes, ofreciendo una personalizaci\u00f3n completa para tu negocio.<\/p>\n<p><strong>Conclusi\u00f3n: preservaci\u00f3n y estilo<\/strong><\/p>\n<p>Al elegir la Vitrina IFI Cloud para tus gelatos y helados, eliges no solo un exhibidor que conserva la calidad, sino tambi\u00e9n una pieza de dise\u00f1o que eleva la presentaci\u00f3n de tus productos a una obra de arte luminosa y atractiva para tus clientes.<\/p>\n<p>Descargar <a href=\"https:\/\/baluna.com\/wp-content\/uploads\/ifi-cloud-refirgerated-display-cabinet-catlogue-en.pdf\">Ficha T\u00e9cnica<\/a><\/p>\n","protected":false},"excerpt":{"rendered":"<p>Es m\u00e1s que un refrigerador para gelato o helado; es una declaraci\u00f3n de estilo y compromiso con la calidad. Al escoger Tonda, eliges destacar en un mercado competitivo, ofreciendo no solo sabores exquisitos, sino tambi\u00e9n una experiencia visual inolvidable para tus clientes.<\/p>\n","protected":false},"featured_media":2236,"comment_status":"open","ping_status":"closed","template":"","meta":[],"product_brand":[],"product_cat":[605,212,35],"product_tag":[480,513,26,150,146,147,141,525,94],"class_list":{"0":"post-2167","1":"product","2":"type-product","3":"status-publish","4":"has-post-thumbnail","6":"product_cat-equipos","7":"product_cat-exhibicion","8":"product_cat-gelato","9":"product_tag-1-fase","10":"product_tag-208-230-voltios","11":"product_tag-60-hz","12":"product_tag-gelato","13":"product_tag-gelato-baja-aireacion","14":"product_tag-gelato-helado-americano","15":"product_tag-ifi","16":"product_tag-refrigerado-por-aire","17":"product_tag-vitrina","19":"first","20":"instock","21":"taxable","22":"shipping-taxable","23":"product-type-simple"},"_links":{"self":[{"href":"https:\/\/baluna.com\/es\/wp-json\/wp\/v2\/product\/2167","targetHints":{"allow":["GET"]}}],"collection":[{"href":"https:\/\/baluna.com\/es\/wp-json\/wp\/v2\/product"}],"about":[{"href":"https:\/\/baluna.com\/es\/wp-json\/wp\/v2\/types\/product"}],"replies":[{"embeddable":true,"href":"https:\/\/baluna.com\/es\/wp-json\/wp\/v2\/comments?post=2167"}],"wp:featuredmedia":[{"embeddable":true,"href":"https:\/\/baluna.com\/es\/wp-json\/wp\/v2\/media\/2236"}],"wp:attachment":[{"href":"https:\/\/baluna.com\/es\/wp-json\/wp\/v2\/media?parent=2167"}],"wp:term":[{"taxonomy":"product_brand","embeddable":true,"href":"https:\/\/baluna.com\/es\/wp-json\/wp\/v2\/product_brand?post=2167"},{"taxonomy":"product_cat","embeddable":true,"href":"https:\/\/baluna.com\/es\/wp-json\/wp\/v2\/product_cat?post=2167"},{"taxonomy":"product_tag","embeddable":true,"href":"https:\/\/baluna.com\/es\/wp-json\/wp\/v2\/product_tag?post=2167"}],"curies":[{"name":"wp","href":"https:\/\/api.w.org\/{rel}","templated":true}]}}