{"id":2136,"date":"2025-11-14T15:32:06","date_gmt":"2025-11-14T15:32:06","guid":{"rendered":"https:\/\/baluna.katakoscreativo.com\/?post_type=product&#038;p=2136"},"modified":"2026-04-14T19:26:48","modified_gmt":"2026-04-14T19:26:48","slug":"vitrina-ifi-pivot-vertical-para-pasteleria-25-59","status":"publish","type":"product","link":"https:\/\/baluna.com\/es\/product\/vitrina-ifi-pivot-vertical-para-pasteleria-25-59\/","title":{"rendered":"Vitrina IFI Pivot Vertical para Pasteleria 25.59&#8243;"},"content":{"rendered":"<h1>Vitrina IFI Pivot Vertical para Pasteler\u00eda \u2013 Exhibici\u00f3n de Alta Gama<\/h1>\n<h2>Introducci\u00f3n al Dise\u00f1o Innovador<\/h2>\n<p>La <strong>Vitrina IFI Pivot Vertical para\u00a0 Pasteler\u00eda<\/strong> es un escaparate de dise\u00f1o elegante y funcionalidad excepcional, ideal para destacar tus creaciones m\u00e1s exquisitas. Con una altura de 74.8&#8243; y un ancho de 25.59&#8243;, este mueble es una obra maestra de la exhibici\u00f3n.<\/p>\n<h3>Est\u00e9tica y Presentaci\u00f3n<\/h3>\n<p>Su color negro sofisticado y la inclusi\u00f3n de 6 estantes de vidrio hacen de esta vitrina un punto focal en cualquier establecimiento, permitiendo una visibilidad \u00f3ptima y una presentaci\u00f3n atractiva de pasteles.<\/p>\n<h3>Funcionalidad Convertible<\/h3>\n<p>Con una temperatura ajustable desde +39.2\u00b0F\u00a0 hasta +46.4\u00b0F para pasteles, la Vitrina IFI Pivot ofrece versatilidad sin precedentes. Cambia f\u00e1cilmente entre funciones seg\u00fan las necesidades de tu negocio, manteniendo siempre la calidad de tus productos.<\/p>\n<h3>Eficiencia y Durabilidad<\/h3>\n<p>Equipada con bisagras de puerta derecha y una unidad de condensaci\u00f3n que usa gas refrigerante R452A, esta vitrina no solo es eficiente en su consumo energ\u00e9tico sino tambi\u00e9n robusta y duradera para el uso comercial diario.<\/p>\n<h2>Especificaciones T\u00e9cnicas<\/h2>\n<p>La vitrina opera con una alimentaci\u00f3n de Ph\/V\/Hz 208-220\/1\/60, asegurando una operaci\u00f3n consistente y confiable. Los 4 ruedas giratorias facilitan su movilidad, permitiendo reposicionar la vitrina con facilidad y sin interrumpir tu servicio.<\/p>\n<h2><a href=\"http:\/\/baluna.com\/wp-content\/uploads\/2024\/01\/Baluna-Producto-IFI-Vitrina-Pivot-Para-Gelato-Helado-o-Pasteleria.jpg\"><img fetchpriority=\"high\" decoding=\"async\" class=\"aligncenter size-full wp-image-3337\" src=\"http:\/\/baluna.com\/wp-content\/uploads\/2024\/01\/Baluna-Producto-IFI-Vitrina-Pivot-Para-Gelato-Helado-o-Pasteleria.jpg\" alt=\"Baluna - Producto - IFI -Vitrina - Pivot - Para Gelato Helado o Pasteleria\" width=\"1159\" height=\"768\" \/><\/a><\/h2>\n<h2>Conclusi\u00f3n y Llamado a la Acci\u00f3n<\/h2>\n<p>La Vitrina IFI Pivot Vertical para Pasteler\u00eda es la elecci\u00f3n inteligente para los profesionales que no se conforman con menos que la perfecci\u00f3n. Invirtiendo en esta vitrina, inviertes en la reputaci\u00f3n y el futuro de tu negocio. No dejes pasar la oportunidad de marcar la diferencia en tu establecimiento.<\/p>\n<p>[row h_align=\u00bbleft\u00bb] [col span__sm=\u00bb12&#8243; align=\u00bbleft\u00bb] [button text=\u00bbDescargar Spec Sheet\u00bb link=\u00bbhttp:\/\/baluna.com\/wp-content\/uploads\/2024\/01\/IFI_PIVOT_Frozen-Pastry_ETL_data-sheet_12.2022.pdf\u00bb target=\u00bb_blank\u00bb] [\/col] [\/row]<\/p>\n","protected":false},"excerpt":{"rendered":"<h2>Vitrina IFI Pivot Vertical para Pasteleria 25.59&#8243;<\/h2>\n<p>Es la elecci\u00f3n inteligente para los profesionales que no se conforman con menos que la perfecci\u00f3n. Invirtiendo en esta vitrina, inviertes en la reputaci\u00f3n y el futuro de tu negocio. No dejes pasar la oportunidad de marcar la diferencia en tu establecimiento.<\/p>\n","protected":false},"featured_media":2229,"comment_status":"open","ping_status":"closed","template":"","meta":[],"product_brand":[],"product_cat":[605,212,33],"product_tag":[480,513,26,141,142,525,94],"class_list":{"0":"post-2136","1":"product","2":"type-product","3":"status-publish","4":"has-post-thumbnail","6":"product_cat-equipos","7":"product_cat-exhibicion","8":"product_cat-pasteleria-y-praline","9":"product_tag-1-fase","10":"product_tag-208-230-voltios","11":"product_tag-60-hz","12":"product_tag-ifi","13":"product_tag-pastry","14":"product_tag-refrigerado-por-aire","15":"product_tag-vitrina","17":"first","18":"instock","19":"taxable","20":"shipping-taxable","21":"product-type-simple"},"_links":{"self":[{"href":"https:\/\/baluna.com\/es\/wp-json\/wp\/v2\/product\/2136","targetHints":{"allow":["GET"]}}],"collection":[{"href":"https:\/\/baluna.com\/es\/wp-json\/wp\/v2\/product"}],"about":[{"href":"https:\/\/baluna.com\/es\/wp-json\/wp\/v2\/types\/product"}],"replies":[{"embeddable":true,"href":"https:\/\/baluna.com\/es\/wp-json\/wp\/v2\/comments?post=2136"}],"wp:featuredmedia":[{"embeddable":true,"href":"https:\/\/baluna.com\/es\/wp-json\/wp\/v2\/media\/2229"}],"wp:attachment":[{"href":"https:\/\/baluna.com\/es\/wp-json\/wp\/v2\/media?parent=2136"}],"wp:term":[{"taxonomy":"product_brand","embeddable":true,"href":"https:\/\/baluna.com\/es\/wp-json\/wp\/v2\/product_brand?post=2136"},{"taxonomy":"product_cat","embeddable":true,"href":"https:\/\/baluna.com\/es\/wp-json\/wp\/v2\/product_cat?post=2136"},{"taxonomy":"product_tag","embeddable":true,"href":"https:\/\/baluna.com\/es\/wp-json\/wp\/v2\/product_tag?post=2136"}],"curies":[{"name":"wp","href":"https:\/\/api.w.org\/{rel}","templated":true}]}}