{"id":2135,"date":"2025-11-14T15:32:06","date_gmt":"2025-11-14T15:32:06","guid":{"rendered":"https:\/\/baluna.katakoscreativo.com\/?post_type=product&#038;p=2135"},"modified":"2026-04-10T12:30:06","modified_gmt":"2026-04-10T12:30:06","slug":"vitrina-ifi-pivot-vertical-para-gelato-y-pasteleria-33-46","status":"publish","type":"product","link":"https:\/\/baluna.com\/es\/product\/vitrina-ifi-pivot-vertical-para-gelato-y-pasteleria-33-46\/","title":{"rendered":"Vitrina IFI Pivot Vertical para Gelato y Pasteleria 33.46&#8243;"},"content":{"rendered":"<p><strong>Exhibici\u00f3n de alta gama<\/strong><\/p>\n<p><strong>Introducci\u00f3n al dise\u00f1o innovador<\/strong><\/p>\n<p>La Vitrina IFI Pivot Vertical para Gelato y Pasteler\u00eda es un escaparate de dise\u00f1o elegante y funcionalidad excepcional, ideal para destacar tus creaciones m\u00e1s exquisitas. Con una altura de 74.8&#8243; y un ancho de 33.46&#8243;, este mueble es una obra maestra de la exhibici\u00f3n.<\/p>\n<p><strong>Est\u00e9tica y presentaci\u00f3n<\/strong><\/p>\n<p>Su color negro sofisticado y la inclusi\u00f3n de 6 estantes de vidrio hacen de esta vitrina un punto focal en cualquier establecimiento, permitiendo una visibilidad \u00f3ptima y una presentaci\u00f3n atractiva de gelatos y pasteles.<\/p>\n<p><strong>Funcionalidad convertible<\/strong><\/p>\n<p>Con una temperatura ajustable desde +39.2\u00b0F para pasteles hasta -0.4\u00b0F para gelatos, la Vitrina IFI Pivot ofrece versatilidad sin precedentes. Cambia f\u00e1cilmente entre funciones seg\u00fan las necesidades de tu negocio, manteniendo siempre la calidad de tus productos.<\/p>\n<p><strong>Eficiencia y durabilidad<\/strong><\/p>\n<p>Equipada con bisagras de puerta derecha y una unidad de condensaci\u00f3n que usa gas refrigerante R452A, esta vitrina no solo es eficiente en su consumo energ\u00e9tico sino tambi\u00e9n robusta y duradera para el uso comercial diario.<\/p>\n<p><strong>Especificaciones t\u00e9cnicas<\/strong><\/p>\n<p>La vitrina opera con una alimentaci\u00f3n de Ph\/V\/Hz 208-220\/1\/60, asegurando una operaci\u00f3n consistente y confiable. Los 4 ruedas giratorias facilitan su movilidad, permitiendo reposicionar la vitrina con facilidad y sin interrumpir tu servicio.<\/p>\n<h2><a href=\"http:\/\/baluna.com\/wp-content\/uploads\/2024\/01\/Baluna-Producto-IFI-Vitrina-Pivot-Para-Gelato-Helado-o-Pasteleria.jpg\"><img fetchpriority=\"high\" decoding=\"async\" class=\"aligncenter size-full wp-image-3337\" src=\"http:\/\/baluna.com\/wp-content\/uploads\/2024\/01\/Baluna-Producto-IFI-Vitrina-Pivot-Para-Gelato-Helado-o-Pasteleria.jpg\" alt=\"Baluna - Producto - IFI -Vitrina - Pivot - Para Gelato Helado o Pasteleria\" width=\"1159\" height=\"768\" \/><\/a><\/h2>\n<p><strong>Conclusi\u00f3n y llamado a la acci\u00f3n<\/strong><\/p>\n<p>La Vitrina IFI Pivot Vertical para Gelato y Pasteler\u00eda es la elecci\u00f3n inteligente para los profesionales que no se conforman con menos que la perfecci\u00f3n. Invirtiendo en esta vitrina, inviertes en la reputaci\u00f3n y el futuro de tu negocio. No dejes pasar la oportunidad de marcar la diferencia en tu establecimiento.<\/p>\n<p>Descargar <a href=\"http:\/\/baluna.com\/wp-content\/uploads\/2024\/01\/IFI_PIVOT_Frozen-Pastry_ETL_data-sheet_12.2022.pdf\">Ficha T\u00e9cnica<\/a><\/p>\n","protected":false},"excerpt":{"rendered":"<p>Es la elecci\u00f3n inteligente para los profesionales que no se conforman con menos que la perfecci\u00f3n. Invirtiendo en esta vitrina, inviertes en la reputaci\u00f3n y el futuro de tu negocio. No dejes pasar la oportunidad de marcar la diferencia en tu establecimiento.<\/p>\n","protected":false},"featured_media":2226,"comment_status":"open","ping_status":"closed","template":"","meta":[],"product_brand":[],"product_cat":[605,212,35,33],"product_tag":[480,513,26,150,146,147,141,142,525,94],"class_list":{"0":"post-2135","1":"product","2":"type-product","3":"status-publish","4":"has-post-thumbnail","6":"product_cat-equipos","7":"product_cat-exhibicion","8":"product_cat-gelato","9":"product_cat-pasteleria-y-praline","10":"product_tag-1-fase","11":"product_tag-208-230-voltios","12":"product_tag-60-hz","13":"product_tag-gelato","14":"product_tag-gelato-baja-aireacion","15":"product_tag-gelato-helado-americano","16":"product_tag-ifi","17":"product_tag-pastry","18":"product_tag-refrigerado-por-aire","19":"product_tag-vitrina","21":"first","22":"instock","23":"taxable","24":"shipping-taxable","25":"product-type-simple"},"_links":{"self":[{"href":"https:\/\/baluna.com\/es\/wp-json\/wp\/v2\/product\/2135","targetHints":{"allow":["GET"]}}],"collection":[{"href":"https:\/\/baluna.com\/es\/wp-json\/wp\/v2\/product"}],"about":[{"href":"https:\/\/baluna.com\/es\/wp-json\/wp\/v2\/types\/product"}],"replies":[{"embeddable":true,"href":"https:\/\/baluna.com\/es\/wp-json\/wp\/v2\/comments?post=2135"}],"wp:featuredmedia":[{"embeddable":true,"href":"https:\/\/baluna.com\/es\/wp-json\/wp\/v2\/media\/2226"}],"wp:attachment":[{"href":"https:\/\/baluna.com\/es\/wp-json\/wp\/v2\/media?parent=2135"}],"wp:term":[{"taxonomy":"product_brand","embeddable":true,"href":"https:\/\/baluna.com\/es\/wp-json\/wp\/v2\/product_brand?post=2135"},{"taxonomy":"product_cat","embeddable":true,"href":"https:\/\/baluna.com\/es\/wp-json\/wp\/v2\/product_cat?post=2135"},{"taxonomy":"product_tag","embeddable":true,"href":"https:\/\/baluna.com\/es\/wp-json\/wp\/v2\/product_tag?post=2135"}],"curies":[{"name":"wp","href":"https:\/\/api.w.org\/{rel}","templated":true}]}}