{"id":2131,"date":"2025-11-14T15:32:05","date_gmt":"2025-11-14T15:32:05","guid":{"rendered":"https:\/\/baluna.katakoscreativo.com\/?post_type=product&#038;p=2131"},"modified":"2026-04-09T14:38:15","modified_gmt":"2026-04-09T14:38:15","slug":"vitrina-ifi-america-1-tanque-1-temperatura-para-gelato-29-96","status":"publish","type":"product","link":"https:\/\/baluna.com\/es\/product\/vitrina-ifi-america-1-tanque-1-temperatura-para-gelato-29-96\/","title":{"rendered":"Vitrina IFI Am\u00e9rica 1 tanque 1 temperatura para Gelato 29.96&#8243;"},"content":{"rendered":"<p><strong>Vitrina IFI Am\u00e9rica para gelato \u2013 compacta y vers\u00e1til<\/strong><\/p>\n<p><strong>Una joya de exhibici\u00f3n para tu gelato<\/strong><\/p>\n<p>La Vitrina IFI Am\u00e9rica para Gelato es una soluci\u00f3n de exhibici\u00f3n premium dise\u00f1ada para maximizar la visibilidad de tu producto. Con medidas de L 29.96&#8243; x H 37.68&#8243;, esta vitrina compacta es perfecta para establecimientos que buscan calidad y dise\u00f1o en un espacio reducido.<\/p>\n<p><strong>Capacidad y presentaci\u00f3n<\/strong><\/p>\n<p>Aunque los baldes y soportes no est\u00e1n incluidos, esta vitrina te ofrece la libertad de personalizar la disposici\u00f3n de tus gelatos con espacio para hasta 10 etiquetas de sabor, permitiendo a tus clientes conocer la variedad de tus delicias heladas.<\/p>\n<h3><a href=\"http:\/\/baluna.com\/wp-content\/uploads\/2024\/01\/Baluna-Producto-IFI-Vitrina-America-Panorama-para-Gelato.jpg\"><img fetchpriority=\"high\" decoding=\"async\" class=\"aligncenter size-full wp-image-3330\" src=\"http:\/\/baluna.com\/wp-content\/uploads\/2024\/01\/Baluna-Producto-IFI-Vitrina-America-Panorama-para-Gelato.jpg\" alt=\"Baluna - Producto - IFI -Vitrina - America - Panorama - para Gelato\" width=\"1074\" height=\"768\" \/><\/a><\/h3>\n<p><strong>Temperatura \u00f3ptima para gelato<\/strong><\/p>\n<p>La temperatura operativa de la vitrina, que var\u00eda entre +28.4\u00b0F y -4\u00b0F, asegura la conservaci\u00f3n perfecta de la textura y sabor del gelato. El sistema de refrigeraci\u00f3n con gas R404A es eficiente y respetuoso con el medio ambiente, proporcionando un rendimiento constante.<\/p>\n<p><strong>Dise\u00f1o y movilidad<\/strong><\/p>\n<p>Con paneles frontales y laterales en chapa met\u00e1lica blanca RAL 9010 lacada, esta vitrina presenta un dise\u00f1o limpio y moderno que se adapta a cualquier estilo de decoraci\u00f3n. Adem\u00e1s, las 4 ruedas giratorias ofrecen una movilidad sin esfuerzo, permiti\u00e9ndote cambiar la disposici\u00f3n de tu local en minutos.<\/p>\n<p><strong>Especificaciones t\u00e9cnicas<\/strong><\/p>\n<p>Funcionando con un voltaje de Ph\/V\/Hz 220\/1\/60, la Vitrina IFI Am\u00e9rica est\u00e1 construida para cumplir con las demandas de negocios con alto volumen de ventas, garantizando un servicio confiable y de larga duraci\u00f3n.<\/p>\n<p><strong>Transforma tu negocio con la Vitrina IFI Am\u00e9rica<\/strong><\/p>\n<p>Con solo una pieza disponible, no dejes pasar la oportunidad de adquirir esta vitrina exclusiva. Haz que tu gelato sea el centro de atenci\u00f3n y brinda a tus clientes una experiencia inolvidable con la Vitrina IFI America para Gelato.<\/p>\n<p>Descargar <a href=\"http:\/\/baluna.com\/wp-content\/uploads\/2024\/01\/AMERICA_cut-sheet_08.2020.pdf\">Ficha T\u00e9cnica<\/a><\/p>\n","protected":false},"excerpt":{"rendered":"<p>Es una soluci\u00f3n de exhibici\u00f3n premium dise\u00f1ada para maximizar la visibilidad de tu producto. Con medidas de L 29.96&#8243; x H 37.68&#8243;, esta vitrina compacta es perfecta para establecimientos que buscan calidad y dise\u00f1o en un espacio reducido.<\/p>\n","protected":false},"featured_media":2206,"comment_status":"open","ping_status":"closed","template":"","meta":[],"product_brand":[],"product_cat":[605,212,35],"product_tag":[480,513,26,150,146,147,141,525,94],"class_list":{"0":"post-2131","1":"product","2":"type-product","3":"status-publish","4":"has-post-thumbnail","6":"product_cat-equipos","7":"product_cat-exhibicion","8":"product_cat-gelato","9":"product_tag-1-fase","10":"product_tag-208-230-voltios","11":"product_tag-60-hz","12":"product_tag-gelato","13":"product_tag-gelato-baja-aireacion","14":"product_tag-gelato-helado-americano","15":"product_tag-ifi","16":"product_tag-refrigerado-por-aire","17":"product_tag-vitrina","19":"first","20":"instock","21":"taxable","22":"shipping-taxable","23":"product-type-simple"},"_links":{"self":[{"href":"https:\/\/baluna.com\/es\/wp-json\/wp\/v2\/product\/2131","targetHints":{"allow":["GET"]}}],"collection":[{"href":"https:\/\/baluna.com\/es\/wp-json\/wp\/v2\/product"}],"about":[{"href":"https:\/\/baluna.com\/es\/wp-json\/wp\/v2\/types\/product"}],"replies":[{"embeddable":true,"href":"https:\/\/baluna.com\/es\/wp-json\/wp\/v2\/comments?post=2131"}],"wp:featuredmedia":[{"embeddable":true,"href":"https:\/\/baluna.com\/es\/wp-json\/wp\/v2\/media\/2206"}],"wp:attachment":[{"href":"https:\/\/baluna.com\/es\/wp-json\/wp\/v2\/media?parent=2131"}],"wp:term":[{"taxonomy":"product_brand","embeddable":true,"href":"https:\/\/baluna.com\/es\/wp-json\/wp\/v2\/product_brand?post=2131"},{"taxonomy":"product_cat","embeddable":true,"href":"https:\/\/baluna.com\/es\/wp-json\/wp\/v2\/product_cat?post=2131"},{"taxonomy":"product_tag","embeddable":true,"href":"https:\/\/baluna.com\/es\/wp-json\/wp\/v2\/product_tag?post=2131"}],"curies":[{"name":"wp","href":"https:\/\/api.w.org\/{rel}","templated":true}]}}