{"id":2126,"date":"2025-11-14T15:32:04","date_gmt":"2025-11-14T15:32:04","guid":{"rendered":"https:\/\/baluna.katakoscreativo.com\/?post_type=product&#038;p=2126"},"modified":"2026-04-09T14:38:48","modified_gmt":"2026-04-09T14:38:48","slug":"vitrina-ifi-lumiere-para-gelato-24-sabores-85-63","status":"publish","type":"product","link":"https:\/\/baluna.com\/es\/product\/vitrina-ifi-lumiere-para-gelato-24-sabores-85-63\/","title":{"rendered":"Vitrina IFI Lumi\u00e8re para Gelato 24 Sabores 85.63&#8243;"},"content":{"rendered":"<p><strong>Exhibici\u00f3n premium y dise\u00f1o innovador<\/strong><\/p>\n<p>La Vitrina IFI Lumi\u00e8re para Gelato 24 Sabores es la pieza central ideal para destacar la artesan\u00eda y el sabor de tu gelato, con una presentaci\u00f3n que cautiva y preserva la calidad \u00f3ptima.<\/p>\n<p><strong>Caracter\u00edsticas \u00fanicas para un gelato irresistible<\/strong><\/p>\n<p><strong>Dise\u00f1o elegante y funcionalidad superior<\/strong><\/p>\n<p>Con unas dimensiones de 85.63&#8243; de longitud y 51.02&#8243; de altura, esta vitrina ha sido dise\u00f1ada pensando en la visibilidad y accesibilidad, ofreciendo una temperatura de funcionamiento que var\u00eda entre +28.4\u00b0F y -0.4\u00b0F para mantener el gelato en la consistencia perfecta.<\/p>\n<p><strong>Tecnolog\u00eda avanzada en refrigeraci\u00f3n<\/strong><\/p>\n<p>Equipada con una unidad de condensaci\u00f3n que utiliza gas refrigerante R404A, la Vitrina IFI Lumi\u00e8re garantiza un enfriamiento eficiente y sostenible.<\/p>\n<p><strong>Detalles de la Vitrina IFI Lumi\u00e8re para Gelato 24 Sabores<\/strong><\/p>\n<h3><a href=\"http:\/\/baluna.com\/wp-content\/uploads\/2024\/01\/Baluna-Producto-IFI-Vitrina-Lumiere-para-Gelato-12-sabores-2.jpg\"><img fetchpriority=\"high\" decoding=\"async\" class=\"aligncenter size-full wp-image-3258\" src=\"http:\/\/baluna.com\/wp-content\/uploads\/2024\/01\/Baluna-Producto-IFI-Vitrina-Lumiere-para-Gelato-12-sabores-2.jpg\" alt=\"Baluna - Producto - IFI -Vitrina - Lumiere - para Gelato\" width=\"1161\" height=\"768\" \/><\/a><\/h3>\n<p><strong>Capacidad y exhibici\u00f3n<\/strong><\/p>\n<p>Esta vitrina incluye 24 bandejas de gelato, permitiendo presentar una amplia gama de sabores, y viene acompa\u00f1ada de 36 etiquetas para describir cada uno de ellos, brindando una experiencia informativa y atractiva para los clientes.<\/p>\n<p><strong>Est\u00e9tica contempor\u00e1nea<\/strong><\/p>\n<p>El panel frontal y los laterales lacados en blanco RAL 9016 aportan un toque de modernidad y pureza, resaltando visualmente la rica paleta de colores de los gelatos artesanales.<\/p>\n<p><strong>Conclusi\u00f3n: la vitrina Perfecta para gelater\u00edas de alta gama<\/strong><\/p>\n<p>La Vitrina IFI Lumi\u00e8re para Gelato 24 Sabores no es solo una vitrina, es un escaparate de la calidad y pasi\u00f3n que pones en cada sabor. Su dise\u00f1o innovador, junto con la tecnolog\u00eda de refrigeraci\u00f3n de vanguardia, proporciona el entorno ideal para invitar a la degustaci\u00f3n y al deleite visual.<\/p>\n<p>Descargar <a href=\"http:\/\/baluna.com\/wp-content\/uploads\/2024\/01\/LUMIERE_cut-sheet_02.2021.pdf\">Ficha T\u00e9cnica<\/a><\/p>\n","protected":false},"excerpt":{"rendered":"<p>Es la pieza central ideal para destacar la artesan\u00eda y el sabor de tu gelato, con una presentaci\u00f3n que cautiva y preserva la calidad \u00f3ptima.<\/p>\n","protected":false},"featured_media":2195,"comment_status":"open","ping_status":"closed","template":"","meta":[],"product_brand":[],"product_cat":[605,212,35],"product_tag":[480,513,26,150,146,147,141,525,94],"class_list":{"0":"post-2126","1":"product","2":"type-product","3":"status-publish","4":"has-post-thumbnail","6":"product_cat-equipos","7":"product_cat-exhibicion","8":"product_cat-gelato","9":"product_tag-1-fase","10":"product_tag-208-230-voltios","11":"product_tag-60-hz","12":"product_tag-gelato","13":"product_tag-gelato-baja-aireacion","14":"product_tag-gelato-helado-americano","15":"product_tag-ifi","16":"product_tag-refrigerado-por-aire","17":"product_tag-vitrina","19":"first","20":"instock","21":"taxable","22":"shipping-taxable","23":"product-type-simple"},"_links":{"self":[{"href":"https:\/\/baluna.com\/es\/wp-json\/wp\/v2\/product\/2126","targetHints":{"allow":["GET"]}}],"collection":[{"href":"https:\/\/baluna.com\/es\/wp-json\/wp\/v2\/product"}],"about":[{"href":"https:\/\/baluna.com\/es\/wp-json\/wp\/v2\/types\/product"}],"replies":[{"embeddable":true,"href":"https:\/\/baluna.com\/es\/wp-json\/wp\/v2\/comments?post=2126"}],"wp:featuredmedia":[{"embeddable":true,"href":"https:\/\/baluna.com\/es\/wp-json\/wp\/v2\/media\/2195"}],"wp:attachment":[{"href":"https:\/\/baluna.com\/es\/wp-json\/wp\/v2\/media?parent=2126"}],"wp:term":[{"taxonomy":"product_brand","embeddable":true,"href":"https:\/\/baluna.com\/es\/wp-json\/wp\/v2\/product_brand?post=2126"},{"taxonomy":"product_cat","embeddable":true,"href":"https:\/\/baluna.com\/es\/wp-json\/wp\/v2\/product_cat?post=2126"},{"taxonomy":"product_tag","embeddable":true,"href":"https:\/\/baluna.com\/es\/wp-json\/wp\/v2\/product_tag?post=2126"}],"curies":[{"name":"wp","href":"https:\/\/api.w.org\/{rel}","templated":true}]}}