{"id":2087,"date":"2025-11-14T15:31:38","date_gmt":"2025-11-14T15:31:38","guid":{"rendered":"https:\/\/baluna.katakoscreativo.com\/?post_type=product&#038;p=2087"},"modified":"2026-04-14T19:27:46","modified_gmt":"2026-04-14T19:27:46","slug":"vitrina-ifi-mix-49-21-temperatura-ambiente","status":"publish","type":"product","link":"https:\/\/baluna.com\/es\/product\/vitrina-ifi-mix-49-21-temperatura-ambiente\/","title":{"rendered":"Vitrina IFI Mix 49.21&#8243; Temperatura Ambiente"},"content":{"rendered":"<p><strong>La vitrina perfecta para exhibici\u00f3n a temperatura ambiente<\/strong><\/p>\n<p>La Vitrina IFI Mix\u00a0es la soluci\u00f3n ideal para presentar tus productos en un entorno elegante y moderno, garantizando que cada art\u00edculo se muestre de manera \u00f3ptima a temperatura ambiente.<\/p>\n<p><strong>Presentaci\u00f3n impecable y dise\u00f1o moderno<\/strong><\/p>\n<p><strong>Elegancia y visibilidad<\/strong><\/p>\n<p>Con un largo de 49.21&#8243; y una altura de 53.14&#8243;, la vitrina IFI Mix proporciona una superficie de exhibici\u00f3n de acero inoxidable y dos estantes de vidrio que destacan tus productos a la perfecci\u00f3n, permitiendo una visibilidad clara desde cualquier \u00e1ngulo.<\/p>\n<h3><\/h3>\n<p><a href=\"http:\/\/baluna.com\/wp-content\/uploads\/2024\/01\/Baluna-Producto-IFI-Mix-Display-Case.jpg\"><img fetchpriority=\"high\" decoding=\"async\" class=\"aligncenter wp-image-3212 size-medium\" src=\"http:\/\/baluna.com\/wp-content\/uploads\/2024\/01\/Baluna-Producto-IFI-Mix-Display-Case-604x400.jpg\" alt=\"Baluna - Producto - IFI - Mix - Display Case\" width=\"604\" height=\"400\" \/><\/a><\/p>\n<p><strong>Materiales de calidad y acabados refined<\/strong><\/p>\n<p>La combinaci\u00f3n de un panel frontal en laminado mate blanco y paneles laterales en chapa met\u00e1lica con lacado blanco RAL 9010, aporta un toque de distinci\u00f3n a la est\u00e9tica de tu espacio comercial.<\/p>\n<p><strong>Caracter\u00edsticas destacadas de la Vitrina IFI Mix<\/strong><\/p>\n<p><strong>Versatilidad en la exhibici\u00f3n<\/strong><\/p>\n<p>Ideal para una variedad de productos que no requieren refrigeraci\u00f3n, desde reposter\u00eda hasta productos empaquetados, la Vitrina IFI Mix es vers\u00e1til y se adapta a las necesidades de tu negocio.<\/p>\n<p><strong>Durabilidad y f\u00e1cil mantenimiento<\/strong><\/p>\n<p>Construida para durar, esta vitrina cuenta con una estructura robusta y es f\u00e1cil de limpiar, asegurando que tus productos siempre se presenten en un entorno higi\u00e9nico y atractivo.<\/p>\n<p><strong>Conclusi\u00f3n: una soluci\u00f3n exquisita para exhibici\u00f3n<\/strong><\/p>\n<p>La Vitrina IFI Mix\u00a0no es solo una vitrina, es una declaraci\u00f3n de estilo y funcionalidad. Ya sea que est\u00e9s presentando pasteles artesanales, panes reci\u00e9n horneados o delicatessen, esta vitrina es la elecci\u00f3n perfecta para negocios que buscan calidad y dise\u00f1o en su mobiliario comercial.<\/p>\n<p>Descargar <a href=\"http:\/\/baluna.com\/wp-content\/uploads\/2024\/01\/MIX_VENT_COLD_Spec-Sheet.pdf\">Ficha T\u00e9cnica<\/a><\/p>\n","protected":false},"excerpt":{"rendered":"<p>Es una declaraci\u00f3n de estilo y funcionalidad. Ya sea que est\u00e9s presentando pasteles artesanales, panes reci\u00e9n horneados o delicatessen, esta vitrina es la elecci\u00f3n perfecta para negocios que buscan calidad y dise\u00f1o en su mobiliario comercial.<\/p>\n","protected":false},"featured_media":2158,"comment_status":"open","ping_status":"closed","template":"","meta":[],"product_brand":[],"product_cat":[605,212,410,33],"product_tag":[480,513,26,141,94],"class_list":{"0":"post-2087","1":"product","2":"type-product","3":"status-publish","4":"has-post-thumbnail","6":"product_cat-equipos","7":"product_cat-exhibicion","8":"product_cat-panaderia","9":"product_cat-pasteleria-y-praline","10":"product_tag-1-fase","11":"product_tag-208-230-voltios","12":"product_tag-60-hz","13":"product_tag-ifi","14":"product_tag-vitrina","16":"first","17":"instock","18":"taxable","19":"shipping-taxable","20":"product-type-simple"},"_links":{"self":[{"href":"https:\/\/baluna.com\/es\/wp-json\/wp\/v2\/product\/2087","targetHints":{"allow":["GET"]}}],"collection":[{"href":"https:\/\/baluna.com\/es\/wp-json\/wp\/v2\/product"}],"about":[{"href":"https:\/\/baluna.com\/es\/wp-json\/wp\/v2\/types\/product"}],"replies":[{"embeddable":true,"href":"https:\/\/baluna.com\/es\/wp-json\/wp\/v2\/comments?post=2087"}],"wp:featuredmedia":[{"embeddable":true,"href":"https:\/\/baluna.com\/es\/wp-json\/wp\/v2\/media\/2158"}],"wp:attachment":[{"href":"https:\/\/baluna.com\/es\/wp-json\/wp\/v2\/media?parent=2087"}],"wp:term":[{"taxonomy":"product_brand","embeddable":true,"href":"https:\/\/baluna.com\/es\/wp-json\/wp\/v2\/product_brand?post=2087"},{"taxonomy":"product_cat","embeddable":true,"href":"https:\/\/baluna.com\/es\/wp-json\/wp\/v2\/product_cat?post=2087"},{"taxonomy":"product_tag","embeddable":true,"href":"https:\/\/baluna.com\/es\/wp-json\/wp\/v2\/product_tag?post=2087"}],"curies":[{"name":"wp","href":"https:\/\/api.w.org\/{rel}","templated":true}]}}