{"id":2086,"date":"2025-11-14T15:31:38","date_gmt":"2025-11-14T15:31:38","guid":{"rendered":"https:\/\/baluna.katakoscreativo.com\/?post_type=product&#038;p=2086"},"modified":"2025-12-20T14:03:13","modified_gmt":"2025-12-20T14:03:13","slug":"vitrina-ifi-lilium-grab-go-h-45-47-l-56-3","status":"publish","type":"product","link":"https:\/\/baluna.com\/es\/product\/vitrina-ifi-lilium-grab-go-h-45-47-l-56-3\/","title":{"rendered":"Vitrina IFI Lilium Grab &#038; Go H 45.47&#8243; L 56.3&#8243;"},"content":{"rendered":"<p><strong>Innovaci\u00f3n y elegancia para la exhibici\u00f3n de productos<\/strong><\/p>\n<p>La Vitrina IFI Lilium Grab &amp; Go\u00a0redefine la experiencia de compra con su dise\u00f1o sofisticado y funcionalidad avanzada, ideal para presentar una variedad de productos frescos y listos para llevar.<\/p>\n<p><strong>Dise\u00f1o inteligente para servicio eficiente<\/strong><\/p>\n<p><strong>Estructura de vidrio de alta calidad<\/strong><\/p>\n<p>La vitrina cuenta con lados de doble vidrio templado y una parte superior tambi\u00e9n de doble vidrio templado de 520 mm (20.47\u201d) de profundidad, que sirve como una superficie adicional para exhibici\u00f3n a temperatura neutra. Un deflector de PETG transparente se coloca al final del doble acristalamiento inferior para asegurar una direcci\u00f3n correcta del aire.<\/p>\n<h3><img fetchpriority=\"high\" decoding=\"async\" class=\"size-medium wp-image-3205 aligncenter\" src=\"http:\/\/baluna.com\/wp-content\/uploads\/2024\/01\/Baluna-Producto-IFI-Lilium-Grab-Go-Display-Case-4-604x400.jpg\" alt=\"Baluna - Producto - IFI - Lilium Grab &amp; Go Display Case\" width=\"604\" height=\"400\" \/><\/h3>\n<p><strong>Servicio nocturno y iluminaci\u00f3n estrat\u00e9gica<\/strong><\/p>\n<p>Para la comodidad de operaciones fuera de horario, esta vitrina se puede cerrar por la noche con una cortina enrollable autom\u00e1tica ubicada en la parte inferior, del lado del cliente. La iluminaci\u00f3n LED integrada de 4000 K en todas las estanter\u00edas y en los montantes verticales resalta cada producto, creando un marco luminoso alrededor de la exhibici\u00f3n.<\/p>\n<p><strong>Caracter\u00edsticas innovadoras de la Vitrina IFI Lilium Grab &amp; Go<\/strong><\/p>\n<p><strong>Versatilidad y accesibilidad<\/strong><\/p>\n<p>Con superficies de exhibici\u00f3n de acero inoxidable y dos estantes de vidrio refrigerados, esta vitrina es perfecta para una amplia gama de productos, desde reposter\u00eda hasta refrigerios fr\u00edos.<\/p>\n<p><strong>Control preciso de temperatura y eficiencia energ\u00e9tica<\/strong><\/p>\n<p>Mant\u00e9n tus productos en las condiciones ideales con un control de temperatura meticuloso y una unidad de condensaci\u00f3n con gas ecol\u00f3gico R290, todo dentro de una estructura elegante con paneles frontales y laterales en chapa met\u00e1lica lacada en blanco RAL 9010.<\/p>\n<p><strong>Funcionalidad y estilo para la exhibici\u00f3n<\/strong><\/p>\n<p>Los deflectores de precio ergon\u00f3micos en cada estante no solo facilitan la colocaci\u00f3n de etiquetas, sino que tambi\u00e9n son cruciales para garantizar una distribuci\u00f3n uniforme del aire fr\u00edo en toda la vitrina.<\/p>\n<p><strong>Conclusi\u00f3n: Una soluci\u00f3n completa para la presentaci\u00f3n de productos<\/strong><\/p>\n<p>La Vitrina IFI Liliuma Grab &amp; Go\u00a0es la soluci\u00f3n perfecta para negocios que buscan ofrecer productos de calidad en un entorno accesible y atractivo. Su construcci\u00f3n bien pensada y la iluminaci\u00f3n integrada hacen de esta vitrina una pieza central impactante para cualquier espacio comercial.<\/p>\n<footer><\/footer>\n<p>Descargar <a href=\"http:\/\/baluna.com\/wp-content\/uploads\/2024\/01\/IFI_LILIUM_ETL_cut-sheet_01.08.2021.pdf\">Ficha T\u00e9cnica<\/a><\/p>\n<p>Descargar <a href=\"http:\/\/baluna.com\/wp-content\/uploads\/2024\/01\/MUM-A4-Lilium-ETL-10_21-Inglese.pdf\">Variantes de Productos<\/a><\/p>\n","protected":false},"excerpt":{"rendered":"<p>Es la soluci\u00f3n perfecta para negocios que buscan ofrecer productos de calidad en un entorno accesible y atractivo. Su construcci\u00f3n bien pensada y la iluminaci\u00f3n integrada hacen de esta vitrina una pieza central impactante para cualquier espacio comercial.<\/p>\n","protected":false},"featured_media":2154,"comment_status":"open","ping_status":"closed","template":"","meta":[],"product_brand":[],"product_cat":[605,212,33],"product_tag":[480,25,26,144,141,94],"class_list":{"0":"post-2086","1":"product","2":"type-product","3":"status-publish","4":"has-post-thumbnail","6":"product_cat-equipos","7":"product_cat-exhibicion","8":"product_cat-pasteleria-y-praline","9":"product_tag-1-fase","10":"product_tag-208-230-voltios-2","11":"product_tag-60-hz","12":"product_tag-grab-go","13":"product_tag-ifi","14":"product_tag-vitrina","16":"first","17":"instock","18":"taxable","19":"shipping-taxable","20":"product-type-simple"},"_links":{"self":[{"href":"https:\/\/baluna.com\/es\/wp-json\/wp\/v2\/product\/2086","targetHints":{"allow":["GET"]}}],"collection":[{"href":"https:\/\/baluna.com\/es\/wp-json\/wp\/v2\/product"}],"about":[{"href":"https:\/\/baluna.com\/es\/wp-json\/wp\/v2\/types\/product"}],"replies":[{"embeddable":true,"href":"https:\/\/baluna.com\/es\/wp-json\/wp\/v2\/comments?post=2086"}],"wp:featuredmedia":[{"embeddable":true,"href":"https:\/\/baluna.com\/es\/wp-json\/wp\/v2\/media\/2154"}],"wp:attachment":[{"href":"https:\/\/baluna.com\/es\/wp-json\/wp\/v2\/media?parent=2086"}],"wp:term":[{"taxonomy":"product_brand","embeddable":true,"href":"https:\/\/baluna.com\/es\/wp-json\/wp\/v2\/product_brand?post=2086"},{"taxonomy":"product_cat","embeddable":true,"href":"https:\/\/baluna.com\/es\/wp-json\/wp\/v2\/product_cat?post=2086"},{"taxonomy":"product_tag","embeddable":true,"href":"https:\/\/baluna.com\/es\/wp-json\/wp\/v2\/product_tag?post=2086"}],"curies":[{"name":"wp","href":"https:\/\/api.w.org\/{rel}","templated":true}]}}