{"id":2072,"date":"2025-11-14T15:31:36","date_gmt":"2025-11-14T15:31:36","guid":{"rendered":"https:\/\/baluna.katakoscreativo.com\/?post_type=product&#038;p=2072"},"modified":"2025-11-25T15:27:26","modified_gmt":"2025-11-25T15:27:26","slug":"carpigiani-star-nozzle-metal","status":"publish","type":"product","link":"https:\/\/baluna.com\/es\/product\/carpigiani-star-nozzle-metal\/","title":{"rendered":"Carpigiani Star Nozzle (Metal)"},"content":{"rendered":"<p><strong>Creatividad y diversi\u00f3n en tus helados suaves<\/strong><\/p>\n<p>Agrega un toque de creatividad a tu oferta de helados con el Carpigiani Star Nozzle (Metal), la boquilla perfecta para m\u00e1quinas de helado suave Carpigiani.<\/p>\n<p>I<strong>nnovaci\u00f3n y presentaci\u00f3n atractiva<\/strong><\/p>\n<p><strong>Descubre el Carpigiani Star Nozzle (Metal)<\/strong><\/p>\n<p>El Carpigiani Star Nozzle (Metal) se acopla f\u00e1cilmente al dispensador de tus modelos Carpigiani STAR y m\u00e1quinas de helado suave Soft and Go y Mr Art series. Crea grandes cintas de helado con forma de estrella para una presentaci\u00f3n m\u00e1s caprichosa y atractiva.<\/p>\n<p><strong>Facilidad de uso y versatilidad<\/strong><\/p>\n<p>Este nozzle met\u00e1lico no solo es f\u00e1cil de colocar, sino que tambi\u00e9n se retira con simplicidad cuando deseas cambiar tipos de boquillas. Adem\u00e1s, su limpieza y sanitizaci\u00f3n son sencillas, lo que te permite mantener altos est\u00e1ndares higi\u00e9nicos en tu negocio.<\/p>\n<p><strong>Beneficios del Carpigiani Star Nozzle(Metal)<\/strong><\/p>\n<p><strong>Presentaciones \u00fanicas y atractivas<\/strong><\/p>\n<p>Con el Carpigiani Star Nozzle (Metal), puedes ofrecer a tus clientes helados no solo deliciosos sino tambi\u00e9n divertidos y agradables a la vista, diferenciando tu oferta de la competencia.<\/p>\n<p><strong>Dise\u00f1o durable y pr\u00e1ctico<\/strong><\/p>\n<p>Hecho de metal, este nozzle garantiza durabilidad y resistencia al uso constante, siendo una inversi\u00f3n inteligente para tu helader\u00eda.<\/p>\n<p><strong>Conclusi\u00f3n: un plus de diversi\u00f3n y estilo<\/strong><\/p>\n<p>El Carpigiani Star Nozzle (Metal) es m\u00e1s que un simple accesorio; es un impulso a la creatividad y una promesa de diversi\u00f3n en cada cono de helado suave que sirvas. Su facilidad de uso, su dise\u00f1o atractivo y la posibilidad de ofrecer un producto distintivo lo convierten en una elecci\u00f3n acertada para cualquier establecimiento de helados.<\/p>\n","protected":false},"excerpt":{"rendered":"<p>Es m\u00e1s que un simple accesorio; es un impulso a la creatividad y una promesa de diversi\u00f3n en cada cono de helado suave que sirvas. Su facilidad de uso, su dise\u00f1o atractivo y la posibilidad de ofrecer un producto distintivo lo convierten en una elecci\u00f3n acertada para cualquier establecimiento de helados.<\/p>\n","protected":false},"featured_media":2108,"comment_status":"open","ping_status":"closed","template":"","meta":[],"product_brand":[],"product_cat":[206],"product_tag":[30,27],"class_list":{"0":"post-2072","1":"product","2":"type-product","3":"status-publish","4":"has-post-thumbnail","6":"product_cat-accesorios","7":"product_tag-accesorio","8":"product_tag-carpigiani","10":"first","11":"instock","12":"sale","13":"taxable","14":"shipping-taxable","15":"purchasable","16":"product-type-simple"},"_links":{"self":[{"href":"https:\/\/baluna.com\/es\/wp-json\/wp\/v2\/product\/2072","targetHints":{"allow":["GET"]}}],"collection":[{"href":"https:\/\/baluna.com\/es\/wp-json\/wp\/v2\/product"}],"about":[{"href":"https:\/\/baluna.com\/es\/wp-json\/wp\/v2\/types\/product"}],"replies":[{"embeddable":true,"href":"https:\/\/baluna.com\/es\/wp-json\/wp\/v2\/comments?post=2072"}],"wp:featuredmedia":[{"embeddable":true,"href":"https:\/\/baluna.com\/es\/wp-json\/wp\/v2\/media\/2108"}],"wp:attachment":[{"href":"https:\/\/baluna.com\/es\/wp-json\/wp\/v2\/media?parent=2072"}],"wp:term":[{"taxonomy":"product_brand","embeddable":true,"href":"https:\/\/baluna.com\/es\/wp-json\/wp\/v2\/product_brand?post=2072"},{"taxonomy":"product_cat","embeddable":true,"href":"https:\/\/baluna.com\/es\/wp-json\/wp\/v2\/product_cat?post=2072"},{"taxonomy":"product_tag","embeddable":true,"href":"https:\/\/baluna.com\/es\/wp-json\/wp\/v2\/product_tag?post=2072"}],"curies":[{"name":"wp","href":"https:\/\/api.w.org\/{rel}","templated":true}]}}