{"id":2052,"date":"2025-11-14T15:31:12","date_gmt":"2025-11-14T15:31:12","guid":{"rendered":"https:\/\/baluna.katakoscreativo.com\/?post_type=product&#038;p=2052"},"modified":"2025-12-21T14:37:13","modified_gmt":"2025-12-21T14:37:13","slug":"carpigiani-uf-253-e-p-2","status":"publish","type":"product","link":"https:\/\/baluna.com\/es\/product\/carpigiani-uf-253-e-p-2\/","title":{"rendered":"Carpigiani UF 253 E P"},"content":{"rendered":"<p><strong>Innovaci\u00f3n y calidad en helado suave<\/strong><\/p>\n<p><strong>Modelo de alto rendimiento para operaciones eficientes<\/strong><\/p>\n<p><strong>Alto rendimiento y calidad excepcional<\/strong><\/p>\n<p>La Carpigiani UF 253 E P es un modelo de alto rendimiento para helado suave que combina la tecnolog\u00eda Carpigiani con operaciones simples y eficientes. Equipada con la tecnolog\u00eda patentada Hard-O-Tronic para control de consistencia, regula la refrigeraci\u00f3n midiendo la viscosidad del producto para mantener un control de calidad constante. Su sistema de inyecci\u00f3n de mezcla patentado produce una calidad de producto inigualable. La conveniencia se mejora ya que el producto se alimenta desde la parte trasera del cilindro, lo que elimina la necesidad de cebar y permite un mayor control del overrun. Los controles t\u00e1ctiles separados para cada cilindro permiten hacer combinaciones de giros de productos diferentes. Cada cilindro puede funcionar de forma independiente, y uno puede funcionar solo durante la temporada baja\u200b\u200b.<\/p>\n<p><strong>Ahorro y eficiencia energ\u00e9tica<\/strong><\/p>\n<p>El modelo UF 253 E P cuenta con un interruptor de modo de espera \/ conservaci\u00f3n de energ\u00eda que reduce los costos operativos durante los per\u00edodos de inactividad. Su sistema de autocontrol minimiza errores costosos\u200b\u200b.<\/p>\n<p><strong>Seguridad y higiene<\/strong><\/p>\n<p>La seguridad se garantiza con una se\u00f1al audible que alerta cuando es necesario rellenar. El modo de espera mantiene temperaturas seguras en el cilindro de congelaci\u00f3n. Adem\u00e1s, est\u00e1n disponibles los kits Carpi Care y Carpi Clean para mantener la m\u00e1quina higi\u00e9nicamente limpia\u200b\u200b.<\/p>\n<p><strong>Especificaciones t\u00e9cnicas<\/strong><\/p>\n<p>Las dimensiones de la Carpigiani UF 253 E P son 22 pulgadas de ancho, 34.1 pulgadas de profundidad y 61 pulgadas de altura. El peso neto es de 705 libras (320 kg) para la versi\u00f3n refrigerada por aire y 793 libras (360 kg) para la versi\u00f3n refrigerada por aire. Requiere una conexi\u00f3n el\u00e9ctrica dedicada de 208-230\/60\/1 W \/ A o 208-230\/60\/3 W \/ A. Cuenta con un motor batidor de 1,5 HP y un sistema de refrigeraci\u00f3n R449A. La capacidad de la tolva es de 18 cuartos (17 litros)\u200b\u200b.<\/p>\n<p><strong>Compromiso de Carpigiani con la calidad y la innovaci\u00f3n<\/strong><\/p>\n<p>Carpigiani se compromete a mantener sus equipos siempre a la vanguardia, reserv\u00e1ndose el derecho de modificar cualquier parte necesaria sin previo aviso. Esta unidad puede ser fabricada con caracter\u00edsticas el\u00e9ctricas diferentes y puede tener aprobaciones adicionales de agencias reguladoras\u200b.<\/p>\n<p>Descargar <a href=\"http:\/\/baluna.com\/wp-content\/uploads\/2023\/12\/UF-253-E-P_06-2022_Standard-US_LR.pdf\">Ficha T\u00e9cnica<\/a><\/p>\n","protected":false},"excerpt":{"rendered":"<p>Equipada con la tecnolog\u00eda patentada Hard-O-Tronic para control de consistencia, regula la refrigeraci\u00f3n midiendo la viscosidad del producto para mantener un control de calidad constante. Su sistema de inyecci\u00f3n de mezcla patentado produce una calidad de producto inigualable. La conveniencia se mejora ya que el producto se alimenta desde la parte trasera del cilindro, lo que elimina la necesidad de cebar y permite un mayor control del overrun.<\/p>\n","protected":false},"featured_media":2065,"comment_status":"open","ping_status":"closed","template":"","meta":[],"product_brand":[],"product_cat":[605,610,606],"product_tag":[480,131,26,27,45,527,132],"class_list":{"0":"post-2052","1":"product","2":"type-product","3":"status-publish","4":"has-post-thumbnail","6":"product_cat-equipos","7":"product_cat-helados-blandos","8":"product_cat-produccion","9":"product_tag-1-fase","10":"product_tag-208230-voltios","11":"product_tag-60-hz","12":"product_tag-carpigiani","13":"product_tag-hard-o-tronic","14":"product_tag-refrigerado-por-agua","15":"product_tag-suave","17":"first","18":"instock","19":"taxable","20":"shipping-taxable","21":"product-type-simple"},"_links":{"self":[{"href":"https:\/\/baluna.com\/es\/wp-json\/wp\/v2\/product\/2052","targetHints":{"allow":["GET"]}}],"collection":[{"href":"https:\/\/baluna.com\/es\/wp-json\/wp\/v2\/product"}],"about":[{"href":"https:\/\/baluna.com\/es\/wp-json\/wp\/v2\/types\/product"}],"replies":[{"embeddable":true,"href":"https:\/\/baluna.com\/es\/wp-json\/wp\/v2\/comments?post=2052"}],"wp:featuredmedia":[{"embeddable":true,"href":"https:\/\/baluna.com\/es\/wp-json\/wp\/v2\/media\/2065"}],"wp:attachment":[{"href":"https:\/\/baluna.com\/es\/wp-json\/wp\/v2\/media?parent=2052"}],"wp:term":[{"taxonomy":"product_brand","embeddable":true,"href":"https:\/\/baluna.com\/es\/wp-json\/wp\/v2\/product_brand?post=2052"},{"taxonomy":"product_cat","embeddable":true,"href":"https:\/\/baluna.com\/es\/wp-json\/wp\/v2\/product_cat?post=2052"},{"taxonomy":"product_tag","embeddable":true,"href":"https:\/\/baluna.com\/es\/wp-json\/wp\/v2\/product_tag?post=2052"}],"curies":[{"name":"wp","href":"https:\/\/api.w.org\/{rel}","templated":true}]}}