{"id":2001,"date":"2025-11-14T15:30:47","date_gmt":"2025-11-14T15:30:47","guid":{"rendered":"https:\/\/baluna.katakoscreativo.com\/?post_type=product&#038;p=2001"},"modified":"2025-12-29T21:23:21","modified_gmt":"2025-12-29T21:23:21","slug":"carpigiani-uf-920-sp-p","status":"publish","type":"product","link":"https:\/\/baluna.com\/es\/product\/carpigiani-uf-920-sp-p\/","title":{"rendered":"Carpigiani *UF 920 SP P"},"content":{"rendered":"<p><strong>L\u00edder en producci\u00f3n de helado suave<\/strong><\/p>\n<p><strong>Modelo de alta capacidad para satisfacer las mayores demandas<\/strong><\/p>\n<p><strong>Rendimiento y calidad excepcionales<\/strong><\/p>\n<p>La Carpigiani *UF 920 SP P se destaca por su alta capacidad de producci\u00f3n, superando a modelos similares. Dise\u00f1ada para producir helado suave, gelato, sorbete y recetas a base de plantas con una calidad inigualable, esta m\u00e1quina incorpora la tecnolog\u00eda Hard-O-Tronic para el control de consistencia. Adem\u00e1s, permite el uso de diferentes boquillas con la Puerta Estrella opcional para crear formas \u00fanicas y productos monoporci\u00f3n.<\/p>\n<p><strong>Conveniencia y facilidad de uso<\/strong><\/p>\n<p>Con una pantalla y controles amigables para el usuario, los operadores pueden ajustar f\u00e1cilmente la estructura del producto. La mezcla se alimenta desde la parte trasera del cilindro, lo que elimina la necesidad de cebar y facilita la adici\u00f3n de producto a cada tolva sin derrames.<\/p>\n<p><strong>Ahorro y eficiencia energ\u00e9tica<\/strong><\/p>\n<p>El modelo *UF 920 SP P reduce los costos de mano de obra con sus caracter\u00edsticas de limpieza extendida y su modo de espera conserva energ\u00eda, reduciendo los costos operativos durante los per\u00edodos de inactividad.<\/p>\n<p><strong>Seguridad avanzada con TEOREMA<\/strong><\/p>\n<p>El sistema TEOREMA proporciona asistencia facilitada con monitoreo y diagn\u00f3stico en l\u00ednea, accesible desde cualquier lugar a trav\u00e9s de una tableta, tel\u00e9fono o PC.<\/p>\n<p><strong>Higiene y mantenimiento<\/strong><\/p>\n<p>El modo de espera mantiene temperaturas seguras del producto en el cilindro de congelaci\u00f3n y la tolva mezcladora, utilizando energ\u00eda m\u00ednima durante los per\u00edodos de inactividad. El sistema de tratamiento t\u00e9rmico autom\u00e1tico permite establecer un tratamiento a intervalos de hasta 42 d\u00edas. Los kits Carpi Care y Carpi Clean est\u00e1n disponibles para mantener la m\u00e1quina higi\u00e9nicamente limpia.<\/p>\n<p><strong>Especificaciones t\u00e9cnicas<\/strong><\/p>\n<p>La Carpigiani *UF 920 SP P tiene dimensiones de 28.1 pulgadas de ancho, 47.2 pulgadas de profundidad y 61.3 pulgadas de altura, con un peso neto de 1005 libras (456 kg). Utiliza refrigerante R449A y requiere dos circuitos el\u00e9ctricos dedicados. Cuenta con un motor batidor de 3 HP + 3 HP y una capacidad total de tolva de 42.2 cuartos l\u00edquidos (40 litros).<\/p>\n<p><strong>Compromiso de Carpigiani con la innovaci\u00f3n<\/strong><\/p>\n<p>Carpigiani mantiene sus equipos siempre a la vanguardia, adapt\u00e1ndose a las necesidades cambiantes del mercado y de sus clientes.<\/p>\n<p>Descargar <a href=\"http:\/\/baluna.com\/wp-content\/uploads\/2023\/12\/UF-920-SP-P_09-2023_Ice-Cream-US_LR.pdf\">Ficha T\u00e9cnica<\/a><\/p>\n","protected":false},"excerpt":{"rendered":"<p>Se destaca por su alta capacidad de producci\u00f3n, superando a modelos similares. Dise\u00f1ada para producir helado suave, gelato, sorbete y recetas a base de plantas con una calidad inigualable, esta m\u00e1quina incorpora la tecnolog\u00eda Hard-O-Tronic para el control de consistencia<\/p>\n","protected":false},"featured_media":2092,"comment_status":"open","ping_status":"closed","template":"","meta":[],"product_brand":[],"product_cat":[605,610,438,627],"product_tag":[131,133,26,27,45,28,132,41],"class_list":{"0":"post-2001","1":"product","2":"type-product","3":"status-publish","4":"has-post-thumbnail","6":"product_cat-equipos","7":"product_cat-helados-blandos","8":"product_cat-merengadas-y-batidos","9":"product_cat-produccion","10":"product_tag-208230-voltios","11":"product_tag-3-fase","12":"product_tag-60-hz","13":"product_tag-carpigiani","14":"product_tag-hard-o-tronic","15":"product_tag-refrigerado-por-aire-2","16":"product_tag-suave","17":"product_tag-teorema","19":"first","20":"instock","21":"taxable","22":"shipping-taxable","23":"product-type-simple"},"_links":{"self":[{"href":"https:\/\/baluna.com\/es\/wp-json\/wp\/v2\/product\/2001","targetHints":{"allow":["GET"]}}],"collection":[{"href":"https:\/\/baluna.com\/es\/wp-json\/wp\/v2\/product"}],"about":[{"href":"https:\/\/baluna.com\/es\/wp-json\/wp\/v2\/types\/product"}],"replies":[{"embeddable":true,"href":"https:\/\/baluna.com\/es\/wp-json\/wp\/v2\/comments?post=2001"}],"wp:featuredmedia":[{"embeddable":true,"href":"https:\/\/baluna.com\/es\/wp-json\/wp\/v2\/media\/2092"}],"wp:attachment":[{"href":"https:\/\/baluna.com\/es\/wp-json\/wp\/v2\/media?parent=2001"}],"wp:term":[{"taxonomy":"product_brand","embeddable":true,"href":"https:\/\/baluna.com\/es\/wp-json\/wp\/v2\/product_brand?post=2001"},{"taxonomy":"product_cat","embeddable":true,"href":"https:\/\/baluna.com\/es\/wp-json\/wp\/v2\/product_cat?post=2001"},{"taxonomy":"product_tag","embeddable":true,"href":"https:\/\/baluna.com\/es\/wp-json\/wp\/v2\/product_tag?post=2001"}],"curies":[{"name":"wp","href":"https:\/\/api.w.org\/{rel}","templated":true}]}}