{"id":1999,"date":"2025-11-14T15:30:47","date_gmt":"2025-11-14T15:30:47","guid":{"rendered":"https:\/\/baluna.katakoscreativo.com\/?post_type=product&#038;p=1999"},"modified":"2025-12-21T13:52:46","modified_gmt":"2025-12-21T13:52:46","slug":"carpigiani-uf-920-sp-g","status":"publish","type":"product","link":"https:\/\/baluna.com\/es\/product\/carpigiani-uf-920-sp-g\/","title":{"rendered":"Carpigiani *UF 920 SP G"},"content":{"rendered":"<p><strong>Innovaci\u00f3n y rendimiento en helado suave<\/strong><\/p>\n<p><strong>Un gigante en la producci\u00f3n de helado suave<\/strong><\/p>\n<p><strong>Alto rendimiento y calidad excepcional<\/strong><\/p>\n<p>La Carpigiani *UF 920 SP G se destaca por su alta capacidad de producci\u00f3n, superando a modelos similares en su clase. Dise\u00f1ada para satisfacer las m\u00e1s altas demandas de producci\u00f3n, esta m\u00e1quina produce helado suave, gelato, sorbete y recetas a base de plantas con una calidad incomparable. Utiliza la tecnolog\u00eda patentada Hard-O-Tronic para control de consistencia, y ofrece la opci\u00f3n de la \u00abPuerta Estrella\u00bb para usar diferentes boquillas y crear formas \u00fanicas y productos monoporci\u00f3n.<\/p>\n<p><strong>Conveniencia y f\u00e1cil manejo<\/strong><\/p>\n<p>Con una interfaz de usuario amigable y controles ajustables, los usuarios pueden modificar f\u00e1cilmente la estructura del producto. Un aviso sonoro indica cuando es necesario rellenar la mezcla, que se alimenta desde la parte trasera del cilindro, eliminando la necesidad de cebar. La tapa de la tolva de goma facilita la adici\u00f3n de productos a cada tolva evitando derrames.<\/p>\n<p><strong>Ahorro y eficiencia<\/strong><\/p>\n<p>La *UF 920 SP G reduce los costos laborales gracias a sus caracter\u00edsticas de limpieza extendidas y su modo de espera conserva energ\u00eda, reduciendo los costos operativos durante los per\u00edodos de inactividad. Su sistema de autocontrol minimiza errores costosos.<\/p>\n<p><strong>Seguridad avanzada con TEOREMA<\/strong><\/p>\n<p>TEOREMA ofrece asistencia facilitada con monitoreo y diagn\u00f3stico en l\u00ednea accesible desde cualquier lugar a trav\u00e9s de una tableta, tel\u00e9fono o PC.<\/p>\n<p><strong>Higiene y mantenimiento<\/strong><\/p>\n<p>El modo de espera mantiene temperaturas seguras del producto en el cilindro de congelaci\u00f3n y la tolva mezcladora, utilizando una energ\u00eda m\u00ednima durante per\u00edodos de inactividad. El sistema de tratamiento t\u00e9rmico autom\u00e1tico permite establecer el tratamiento t\u00e9rmico en un intervalo m\u00e1ximo de 42 d\u00edas. Los kits Carpi Care y Carpi Clean est\u00e1n disponibles para mantener la m\u00e1quina higi\u00e9nicamente limpia.<\/p>\n<p><strong>Especificaciones t\u00e9cnicas<\/strong><\/p>\n<p>La Carpigiani *UF 920 SP G tiene unas dimensiones de 28.1 pulgadas de ancho, 47.2 pulgadas de profundidad y 61.3 pulgadas de altura, con un peso neto de 929 libras (426 kg) en su versi\u00f3n refrigerada por agua y 1005 libras (456 kg) en su versi\u00f3n refrigerada por aire. Requiere dos circuitos el\u00e9ctricos dedicados de 208-230\/60\/1 W \/ A o 208-230\/60\/1-3 W \/ A. Cuenta con un motor batidor de 3 HP + 3 HP y un sistema de refrigeraci\u00f3n R449A. La capacidad individual de cada tolva es de 21.1 cuartos l\u00edquidos (20 litros), con una capacidad total de 42.2 cuartos l\u00edquidos (40 litros).<\/p>\n<p><strong>Compromiso de Carpigiani con la calidad y la innovaci\u00f3n<\/strong><\/p>\n<p>Carpigiani se compromete a mantener sus equipos siempre a la vanguardia, reserv\u00e1ndose el derecho de modificar cualquier parte necesaria sin previo aviso. Esta unidad puede ser fabricada con caracter\u00edsticas el\u00e9ctricas diferentes y puede tener aprobaciones adicionales de agencias reguladoras.<\/p>\n<p>Descargar <a href=\"http:\/\/baluna.com\/wp-content\/uploads\/2023\/12\/UF-920-SP-G_09-2023_Ice-Cream-US_LR.pdf\">Ficha T\u00e9cnica<\/a><\/p>\n","protected":false},"excerpt":{"rendered":"<p>Se destaca por su alta capacidad de producci\u00f3n, superando a modelos similares en su clase. Dise\u00f1ada para satisfacer las m\u00e1s altas demandas de producci\u00f3n, esta m\u00e1quina produce helado suave, gelato, sorbete y recetas a base de plantas con una calidad incomparable.<\/p>\n","protected":false},"featured_media":2062,"comment_status":"open","ping_status":"closed","template":"","meta":[],"product_brand":[],"product_cat":[605,610,438,606],"product_tag":[480,131,26,27,45,28,132,41],"class_list":{"0":"post-1999","1":"product","2":"type-product","3":"status-publish","4":"has-post-thumbnail","6":"product_cat-equipos","7":"product_cat-helados-blandos","8":"product_cat-merengadas-y-batidos","9":"product_cat-produccion","10":"product_tag-1-fase","11":"product_tag-208230-voltios","12":"product_tag-60-hz","13":"product_tag-carpigiani","14":"product_tag-hard-o-tronic","15":"product_tag-refrigerado-por-aire-2","16":"product_tag-suave","17":"product_tag-teorema","19":"first","20":"instock","21":"taxable","22":"shipping-taxable","23":"product-type-simple"},"_links":{"self":[{"href":"https:\/\/baluna.com\/es\/wp-json\/wp\/v2\/product\/1999","targetHints":{"allow":["GET"]}}],"collection":[{"href":"https:\/\/baluna.com\/es\/wp-json\/wp\/v2\/product"}],"about":[{"href":"https:\/\/baluna.com\/es\/wp-json\/wp\/v2\/types\/product"}],"replies":[{"embeddable":true,"href":"https:\/\/baluna.com\/es\/wp-json\/wp\/v2\/comments?post=1999"}],"wp:featuredmedia":[{"embeddable":true,"href":"https:\/\/baluna.com\/es\/wp-json\/wp\/v2\/media\/2062"}],"wp:attachment":[{"href":"https:\/\/baluna.com\/es\/wp-json\/wp\/v2\/media?parent=1999"}],"wp:term":[{"taxonomy":"product_brand","embeddable":true,"href":"https:\/\/baluna.com\/es\/wp-json\/wp\/v2\/product_brand?post=1999"},{"taxonomy":"product_cat","embeddable":true,"href":"https:\/\/baluna.com\/es\/wp-json\/wp\/v2\/product_cat?post=1999"},{"taxonomy":"product_tag","embeddable":true,"href":"https:\/\/baluna.com\/es\/wp-json\/wp\/v2\/product_tag?post=1999"}],"curies":[{"name":"wp","href":"https:\/\/api.w.org\/{rel}","templated":true}]}}