{"id":1970,"date":"2025-11-14T15:30:23","date_gmt":"2025-11-14T15:30:23","guid":{"rendered":"https:\/\/baluna.katakoscreativo.com\/?post_type=product&#038;p=1970"},"modified":"2025-12-21T14:20:42","modified_gmt":"2025-12-21T14:20:42","slug":"carpigiani-193-sp-g","status":"publish","type":"product","link":"https:\/\/baluna.com\/es\/product\/carpigiani-193-sp-g\/","title":{"rendered":"Carpigiani 193 SP G"},"content":{"rendered":"<p><strong>Innovaci\u00f3n en helado suave de alta producci\u00f3n<\/strong><\/p>\n<p><strong>El modelo de sobremesa definitivo para producci\u00f3n de alto volumen<\/strong><\/p>\n<p><strong>Rendimiento y calidad excepcionales<\/strong><\/p>\n<p>La Carpigiani 193 SP G es el modelo ideal de alimentaci\u00f3n por gravedad para la producci\u00f3n de alto volumen con tratamiento t\u00e9rmico. Esta m\u00e1quina, reconocida por producir el helado suave m\u00e1s cremoso del mercado, es potente y personalizable para dos sabores y sabor combinado. Su tecnolog\u00eda exclusiva Hard-O-Tronic de control de consistencia regula la refrigeraci\u00f3n midiendo la viscosidad del producto para mantener un control de calidad constante. Adem\u00e1s, la Puerta Estrella opcional permite el uso de diferentes boquillas para crear formas \u00fanicas y productos monoporci\u00f3n.<\/p>\n<p><strong>Conveniencia y ahorro<\/strong><\/p>\n<p>El agitador en la tolva evita la separaci\u00f3n de la mezcla y mantiene una temperatura refrigerada constante. Un aviso sonoro indica cu\u00e1ndo es necesario rellenar. La mezcla se alimenta desde la parte trasera del cilindro, eliminando la necesidad de cebar y permitiendo un mayor control del overrun. Esta m\u00e1quina ofrece el menor consumo de energ\u00eda y la menor cantidad de componentes para limpiar en la industria, con una construcci\u00f3n \u00fanica del cilindro que ofrece mejores resultados utilizando menos electricidad.<\/p>\n<p><strong>Seguridad y monitoreo con TEOREMA<\/strong><\/p>\n<p>El sistema TEOREMA proporciona asistencia facilitada, ofreciendo monitoreo y diagn\u00f3stico en l\u00ednea accesible desde una tableta, tel\u00e9fono o PC en cualquier lugar.<\/p>\n<p><strong>Higiene y mantenimiento simplificado<\/strong><\/p>\n<p>El modo de espera mantiene temperaturas seguras del producto en el cilindro de congelaci\u00f3n y en la tolva mezcladora, utilizando una energ\u00eda m\u00ednima durante largos per\u00edodos de no uso. El sistema autom\u00e1tico de tratamiento t\u00e9rmico permite establecer el tratamiento t\u00e9rmico autom\u00e1tico en un intervalo m\u00e1ximo de 42 d\u00edas.<\/p>\n<p><strong>Kits de limpieza Carpi Care y Carpi Clean<\/strong><\/p>\n<p>Para mantener la m\u00e1quina higi\u00e9nicamente limpia, se ofrecen los kits Carpi Care y Carpi Clean.<\/p>\n<p><strong>Especificaciones t\u00e9cnicas<\/strong><\/p>\n<p>La Carpigiani 193 SP G tiene dimensiones de 21.5 pulgadas de ancho, 34.4 pulgadas de profundidad y 35.3 pulgadas de altura. Pesa 418 libras (190 kg) y tiene una capacidad de tolva de 19 cuartos (18 litros). Funciona con un suministro el\u00e9ctrico de 208-230\/60\/1 A o 208-230\/60\/3 W \/ A y cuenta con un motor batidor de 12 HP + 12 HP y un sistema de refrigeraci\u00f3n R449A. La m\u00e1quina est\u00e1 disponible tanto en versiones refrigeradas por agua como por aire.<\/p>\n<p><strong>Compromiso de Carpigiani con la calidad y la innovaci\u00f3n<\/strong><\/p>\n<p>Carpigiani se compromete a mantener sus equipos siempre a la vanguardia de la tecnolog\u00eda y el dise\u00f1o, reserv\u00e1ndose el derecho de modificar cualquier parte necesaria sin previo aviso.<\/p>\n<p>Descargar <a href=\"http:\/\/baluna.com\/wp-content\/uploads\/2023\/12\/193-SP-G_01-2023_Standard-US_LR.pdf\">Ficha T\u00e9cnica<\/a><\/p>\n","protected":false},"excerpt":{"rendered":"<p>Un modelo ideal de alimentaci\u00f3n por gravedad para la producci\u00f3n de alto volumen con tratamiento t\u00e9rmico. Esta m\u00e1quina, reconocida por producir el helado suave m\u00e1s cremoso del mercado, es potente y personalizable p55ara dos sabores y sabor combinado<\/p>\n","protected":false},"featured_media":2061,"comment_status":"open","ping_status":"closed","template":"","meta":[],"product_brand":[],"product_cat":[605,610,438,606],"product_tag":[480,131,26,27,45,28,132,41],"class_list":{"0":"post-1970","1":"product","2":"type-product","3":"status-publish","4":"has-post-thumbnail","6":"product_cat-equipos","7":"product_cat-helados-blandos","8":"product_cat-merengadas-y-batidos","9":"product_cat-produccion","10":"product_tag-1-fase","11":"product_tag-208230-voltios","12":"product_tag-60-hz","13":"product_tag-carpigiani","14":"product_tag-hard-o-tronic","15":"product_tag-refrigerado-por-aire-2","16":"product_tag-suave","17":"product_tag-teorema","19":"first","20":"instock","21":"taxable","22":"shipping-taxable","23":"product-type-simple"},"_links":{"self":[{"href":"https:\/\/baluna.com\/es\/wp-json\/wp\/v2\/product\/1970","targetHints":{"allow":["GET"]}}],"collection":[{"href":"https:\/\/baluna.com\/es\/wp-json\/wp\/v2\/product"}],"about":[{"href":"https:\/\/baluna.com\/es\/wp-json\/wp\/v2\/types\/product"}],"replies":[{"embeddable":true,"href":"https:\/\/baluna.com\/es\/wp-json\/wp\/v2\/comments?post=1970"}],"wp:featuredmedia":[{"embeddable":true,"href":"https:\/\/baluna.com\/es\/wp-json\/wp\/v2\/media\/2061"}],"wp:attachment":[{"href":"https:\/\/baluna.com\/es\/wp-json\/wp\/v2\/media?parent=1970"}],"wp:term":[{"taxonomy":"product_brand","embeddable":true,"href":"https:\/\/baluna.com\/es\/wp-json\/wp\/v2\/product_brand?post=1970"},{"taxonomy":"product_cat","embeddable":true,"href":"https:\/\/baluna.com\/es\/wp-json\/wp\/v2\/product_cat?post=1970"},{"taxonomy":"product_tag","embeddable":true,"href":"https:\/\/baluna.com\/es\/wp-json\/wp\/v2\/product_tag?post=1970"}],"curies":[{"name":"wp","href":"https:\/\/api.w.org\/{rel}","templated":true}]}}