{"id":1961,"date":"2025-11-14T15:30:22","date_gmt":"2025-11-14T15:30:22","guid":{"rendered":"https:\/\/baluna.katakoscreativo.com\/?post_type=product&#038;p=1961"},"modified":"2025-12-21T14:40:44","modified_gmt":"2025-12-21T14:40:44","slug":"carpigiani-uf-263-g-2","status":"publish","type":"product","link":"https:\/\/baluna.com\/es\/product\/carpigiani-uf-263-g-2\/","title":{"rendered":"Carpigiani UF 263 G"},"content":{"rendered":"<p><strong>La soluci\u00f3n definitiva en helado suave y yogurt helado<\/strong><\/p>\n<p><strong>Explora las capacidades \u00fanicas de Carpigiani UF 263 G<\/strong><\/p>\n<p><strong>Alto rendimiento en producci\u00f3n de helado<\/strong><\/p>\n<p>La <strong>Carpigiani UF 263 G<\/strong>, una m\u00e1quina de helado suave y yogurt helado, es reconocida por su capacidad para producir grandes vol\u00famenes sin sacrificar la calidad. Capaz de elaborar dos productos diferentes simult\u00e1neamente, como helado y sorbete, y ofreciendo un sabor combinado, esta m\u00e1quina es perfecta para establecimientos que buscan diversificar su oferta.<\/p>\n<p><strong>Control y versatilidad con tecnolog\u00eda avanzada<\/strong><\/p>\n<p>Equipada con controles t\u00e1ctiles independientes para cada cilindro, la <strong>Carpigiani UF 263 G<\/strong> permite la producci\u00f3n de combinaciones de sabores, adapt\u00e1ndose a las preferencias de los clientes. Cada cilindro puede funcionar de manera independiente, permitiendo ajustar la consistencia de los productos de manera eficaz.<\/p>\n<p><strong>Conveniencia y eficiencia energ\u00e9tica<\/strong><\/p>\n<p>Este modelo se destaca por su facilidad de uso, incluyendo una se\u00f1al audible que indica la necesidad de rellenar, y un sistema de autodiagn\u00f3stico que minimiza errores costosos. Su modo de espera reduce los costos operativos durante los per\u00edodos de inactividad, y su dise\u00f1o eficiente en t\u00e9rminos de energ\u00eda asegura un ahorro significativo.<\/p>\n<p><strong>Seguridad y mantenimiento<\/strong><\/p>\n<p>La <strong>Carpigiani UF 263 G<\/strong> mantiene temperaturas seguras en el cilindro de congelaci\u00f3n y la tolva durante el modo de espera, y su memoria integrada facilita las reparaciones. Adem\u00e1s, su agitador de una sola pieza es f\u00e1cil de limpiar, garantizando la higiene y el mantenimiento sin complicaciones.<\/p>\n<p><strong>Conclusi\u00f3n<\/strong><\/p>\n<p>Con su impresionante capacidad de producci\u00f3n, controles avanzados y eficiencia energ\u00e9tica, la <strong>Carpigiani UF 263 G<\/strong> es la elecci\u00f3n ideal para negocios que desean ofrecer helado suave y yogurt helado de alta calidad con facilidad y eficiencia. Su tecnolog\u00eda innovadora y facilidad de mantenimiento la convierten en una inversi\u00f3n valiosa y duradera para cualquier establecimiento.<\/p>\n<p>Descargar <a href=\"http:\/\/baluna.com\/wp-content\/uploads\/2023\/12\/UF-263-G_06-2022_Standard-US_LR.pdf\">Ficha T\u00e9cnica<\/a><\/p>\n","protected":false},"excerpt":{"rendered":"<p>Una m\u00e1quina de helado suave y yogurt helado, es reconocida por su capacidad para producir grandes vol\u00famenes sin sacrificar la calidad. Capaz de elaborar dos productos diferentes simult\u00e1neamente, como helado y sorbete, y ofreciendo un sabor combinado, esta m\u00e1quina es perfecta para establecimientos que buscan diversificar su oferta.<\/p>\n","protected":false},"featured_media":3598,"comment_status":"open","ping_status":"closed","template":"","meta":[],"product_brand":[],"product_cat":[605,610,606],"product_tag":[131,133,26,27,28,132],"class_list":{"0":"post-1961","1":"product","2":"type-product","3":"status-publish","4":"has-post-thumbnail","6":"product_cat-equipos","7":"product_cat-helados-blandos","8":"product_cat-produccion","9":"product_tag-208230-voltios","10":"product_tag-3-fase","11":"product_tag-60-hz","12":"product_tag-carpigiani","13":"product_tag-refrigerado-por-aire-2","14":"product_tag-suave","16":"first","17":"instock","18":"taxable","19":"shipping-taxable","20":"product-type-simple"},"_links":{"self":[{"href":"https:\/\/baluna.com\/es\/wp-json\/wp\/v2\/product\/1961","targetHints":{"allow":["GET"]}}],"collection":[{"href":"https:\/\/baluna.com\/es\/wp-json\/wp\/v2\/product"}],"about":[{"href":"https:\/\/baluna.com\/es\/wp-json\/wp\/v2\/types\/product"}],"replies":[{"embeddable":true,"href":"https:\/\/baluna.com\/es\/wp-json\/wp\/v2\/comments?post=1961"}],"wp:featuredmedia":[{"embeddable":true,"href":"https:\/\/baluna.com\/es\/wp-json\/wp\/v2\/media\/3598"}],"wp:attachment":[{"href":"https:\/\/baluna.com\/es\/wp-json\/wp\/v2\/media?parent=1961"}],"wp:term":[{"taxonomy":"product_brand","embeddable":true,"href":"https:\/\/baluna.com\/es\/wp-json\/wp\/v2\/product_brand?post=1961"},{"taxonomy":"product_cat","embeddable":true,"href":"https:\/\/baluna.com\/es\/wp-json\/wp\/v2\/product_cat?post=1961"},{"taxonomy":"product_tag","embeddable":true,"href":"https:\/\/baluna.com\/es\/wp-json\/wp\/v2\/product_tag?post=1961"}],"curies":[{"name":"wp","href":"https:\/\/api.w.org\/{rel}","templated":true}]}}