{"id":1957,"date":"2025-11-14T15:30:21","date_gmt":"2025-11-14T15:30:21","guid":{"rendered":"https:\/\/baluna.katakoscreativo.com\/?post_type=product&#038;p=1957"},"modified":"2025-12-21T14:10:08","modified_gmt":"2025-12-21T14:10:08","slug":"carpigiani-191-sp-e-p-2","status":"publish","type":"product","link":"https:\/\/baluna.com\/es\/product\/carpigiani-191-sp-e-p-2\/","title":{"rendered":"Carpigiani 191 SP E P"},"content":{"rendered":"<p><strong>Eficiencia y calidad en helado suave<\/strong><\/p>\n<p><strong>Modelo contempor\u00e1neo para producci\u00f3n de helado de alta calidad<\/strong><\/p>\n<p><strong>Rendimiento y calidad superior<\/strong><\/p>\n<p>La Carpigiani 191 SP E P es un modelo potente y personalizable que se destaca en el mercado por producir el helado suave m\u00e1s cremoso. Su sistema de flujo de grifo permite un control ajustable del flujo del producto, y el producto se alimenta desde la parte trasera del cilindro, eliminando la necesidad de cebar y permitiendo un control m\u00e1s preciso del overrun. La Puerta Estrella opcional permite usar diferentes boquillas para crear formas \u00fanicas y productos monoporci\u00f3n. Adem\u00e1s, su tolva evita la separaci\u00f3n de la mezcla y mantiene una temperatura refrigerada constante\u200b\u200b.<\/p>\n<p><strong>Ahorro energ\u00e9tico<\/strong><\/p>\n<p>Este modelo se distingue por su construcci\u00f3n \u00fanica del cilindro que ofrece mejores resultados utilizando menos electricidad, lo que se traduce en ahorros significativos de energ\u00eda\u200b.<\/p>\n<p><strong>Seguridad y monitoreo con TEOREMA<\/strong><\/p>\n<p>El sistema TEOREMA proporciona asistencia facilitada, ofreciendo monitoreo y diagn\u00f3stico en l\u00ednea accesible desde cualquier lugar a trav\u00e9s de una tableta, tel\u00e9fono o PC\u200b\u200b.<\/p>\n<p><strong>Higiene y modo de espera<\/strong><\/p>\n<p>El modo de espera mantiene temperaturas seguras en el cilindro de congelaci\u00f3n y la tolva mezcladora, utilizando una energ\u00eda m\u00ednima durante los per\u00edodos de inactividad. Adem\u00e1s, el sistema de tratamiento t\u00e9rmico autom\u00e1tico permite establecer el tratamiento t\u00e9rmico en un intervalo m\u00e1ximo de 42 d\u00edas. Los kits Carpi Care y Carpi Clean est\u00e1n disponibles para mantener la m\u00e1quina higi\u00e9nicamente limpia\u200b\u200b.<\/p>\n<p><strong>Especificaciones t\u00e9cnicas<\/strong><\/p>\n<p>La Carpigiani 191 SP E P tiene unas dimensiones de 20.01 pulgadas de ancho, 27.7 pulgadas de profundidad y 35.4 pulgadas de altura, con un peso neto de 309 libras (140 kg) en su versi\u00f3n refrigerada por agua y aire. Requiere una conexi\u00f3n el\u00e9ctrica dedicada de 208-230\/60\/1 W \/ A y cuenta con un motor batidor de 12 HP. Su sistema de refrigeraci\u00f3n es R449A, y la capacidad de la tolva es de 13 cuartos (12.3 litros)\u200b.<\/p>\n<p><strong>Compromiso de Carpigiani con la calidad y la innovaci\u00f3n<\/strong><\/p>\n<p>Carpigiani se compromete a mantener sus equipos siempre a la vanguardia, reserv\u00e1ndose el derecho de modificar cualquier parte necesaria sin previo aviso. Esta unidad puede ser fabricada con caracter\u00edsticas el\u00e9ctricas diferentes y puede tener aprobaciones adicionales de agencias reguladoras\u200b\u200b.<\/p>\n<p>&nbsp;<\/p>\n<p>Descargar <a href=\"http:\/\/baluna.com\/wp-content\/uploads\/2023\/12\/191-SP-E-P_11-2022_Standard-US_LR.pdf\">Ficha T\u00e9cnica<\/a><\/p>\n","protected":false},"excerpt":{"rendered":"<p>Modelo potente y personalizable que se destaca en el mercado por producir el helado suave m\u00e1s cremoso. Su sistema de flujo de grifo permite un control ajustable del flujo del producto, y el producto se alimenta desde la parte trasera del cilindro, eliminando la necesidad de cebar y permitiendo un control m\u00e1s preciso del overrun.<\/p>\n","protected":false},"featured_media":2067,"comment_status":"open","ping_status":"closed","template":"","meta":[],"product_brand":[],"product_cat":[605,610,438,606],"product_tag":[131,133,26,27,28,132,41],"class_list":{"0":"post-1957","1":"product","2":"type-product","3":"status-publish","4":"has-post-thumbnail","6":"product_cat-equipos","7":"product_cat-helados-blandos","8":"product_cat-merengadas-y-batidos","9":"product_cat-produccion","10":"product_tag-208230-voltios","11":"product_tag-3-fase","12":"product_tag-60-hz","13":"product_tag-carpigiani","14":"product_tag-refrigerado-por-aire-2","15":"product_tag-suave","16":"product_tag-teorema","18":"first","19":"instock","20":"taxable","21":"shipping-taxable","22":"product-type-simple"},"_links":{"self":[{"href":"https:\/\/baluna.com\/es\/wp-json\/wp\/v2\/product\/1957","targetHints":{"allow":["GET"]}}],"collection":[{"href":"https:\/\/baluna.com\/es\/wp-json\/wp\/v2\/product"}],"about":[{"href":"https:\/\/baluna.com\/es\/wp-json\/wp\/v2\/types\/product"}],"replies":[{"embeddable":true,"href":"https:\/\/baluna.com\/es\/wp-json\/wp\/v2\/comments?post=1957"}],"wp:featuredmedia":[{"embeddable":true,"href":"https:\/\/baluna.com\/es\/wp-json\/wp\/v2\/media\/2067"}],"wp:attachment":[{"href":"https:\/\/baluna.com\/es\/wp-json\/wp\/v2\/media?parent=1957"}],"wp:term":[{"taxonomy":"product_brand","embeddable":true,"href":"https:\/\/baluna.com\/es\/wp-json\/wp\/v2\/product_brand?post=1957"},{"taxonomy":"product_cat","embeddable":true,"href":"https:\/\/baluna.com\/es\/wp-json\/wp\/v2\/product_cat?post=1957"},{"taxonomy":"product_tag","embeddable":true,"href":"https:\/\/baluna.com\/es\/wp-json\/wp\/v2\/product_tag?post=1957"}],"curies":[{"name":"wp","href":"https:\/\/api.w.org\/{rel}","templated":true}]}}