{"id":1955,"date":"2025-11-14T15:30:20","date_gmt":"2025-11-14T15:30:20","guid":{"rendered":"https:\/\/baluna.katakoscreativo.com\/?post_type=product&#038;p=1955"},"modified":"2025-12-21T14:06:55","modified_gmt":"2025-12-21T14:06:55","slug":"carpigiani-191-bar-e-g","status":"publish","type":"product","link":"https:\/\/baluna.com\/es\/product\/carpigiani-191-bar-e-g\/","title":{"rendered":"Carpigiani 191 BAR E G"},"content":{"rendered":"<p><strong>Innovaci\u00f3n y calidad en helado soft<\/strong><\/p>\n<p><strong>Descubre la excelencia de Carpigiani 191 BAR E G<\/strong><\/p>\n<p><strong>Introducci\u00f3n a la innovaci\u00f3n<\/strong><\/p>\n<p>La <strong>Carpigiani 191 BAR E G<\/strong>, un modelo de sobremesa para servir helado soft, es la s\u00edntesis perfecta de rendimiento y calidad. Este modelo personalizable y potente se ha ganado una reputaci\u00f3n por ofrecer el helado soft m\u00e1s suave y cremoso del mercado, elevando el est\u00e1ndar de lo que se puede esperar de una m\u00e1quina de helados.<\/p>\n<p><strong>Caracter\u00edsticas excepcionales<\/strong><\/p>\n<p>Este equipo no solo se destaca por su eficiencia y ahorro energ\u00e9tico, sino tambi\u00e9n por su dise\u00f1o pr\u00e1ctico y compacto, ideal para cualquier espacio. Incorpora un sistema de se\u00f1ales audibles para alertar cuando se necesita rellenar, facilitando as\u00ed su operaci\u00f3n continua. Con la menor cantidad de componentes para limpiar en la industria, ofrece una conveniencia sin igual.<\/p>\n<p><strong>Tecnolog\u00eda y seguridad<\/strong><\/p>\n<p>La <strong>Carpigiani 191 BAR E G<\/strong> cuenta con TEOREMA, un sistema avanzado que permite la asistencia remota y diagn\u00f3stico en l\u00ednea, aumentando la seguridad y eficiencia en su uso. Este sistema garantiza una monitorizaci\u00f3n y diagn\u00f3stico eficaz desde cualquier dispositivo, asegurando un funcionamiento \u00f3ptimo en todo momento.<\/p>\n<p><strong>Higiene y ahorro<\/strong><\/p>\n<p>La m\u00e1quina tambi\u00e9n se distingue por su modo de espera, que mantiene temperaturas seguras en el cilindro de congelaci\u00f3n y en la tolva con un m\u00ednimo gasto energ\u00e9tico durante periodos de inactividad. Este enfoque en la higiene y el ahorro energ\u00e9tico es fundamental para cualquier establecimiento que se preocupe por la calidad y sostenibilidad.<\/p>\n<p><strong>Conclusi\u00f3n<\/strong><\/p>\n<p>En conclusi\u00f3n, la <strong>Carpigiani 191 BAR E G<\/strong> es la elecci\u00f3n ideal para negocios que buscan ofrecer helado soft de la m\u00e1s alta calidad. Su combinaci\u00f3n de tecnolog\u00eda de vanguardia, facilidad de uso, higiene avanzada y eficiencia energ\u00e9tica la convierten en una inversi\u00f3n inteligente y duradera.<\/p>\n<p>Descargar <a href=\"http:\/\/baluna.com\/wp-content\/uploads\/2023\/12\/191-BAR-E-G_11-2022_Standard-US_LR.pdf\">Ficha T\u00e9cnica<\/a><\/p>\n","protected":false},"excerpt":{"rendered":"<p>Un modelo de sobremesa para servir helado soft, es la s\u00edntesis perfecta de rendimiento y calidad. Este modelo personalizable y potente se ha ganado una reputaci\u00f3n por ofrecer el helado soft m\u00e1s suave y cremoso del mercado, elevando el est\u00e1ndar de lo que se puede esperar de una m\u00e1quina de helados.<\/p>\n","protected":false},"featured_media":3966,"comment_status":"open","ping_status":"closed","template":"","meta":[],"product_brand":[],"product_cat":[605,610,606],"product_tag":[480,131,26,27,28,132],"class_list":{"0":"post-1955","1":"product","2":"type-product","3":"status-publish","4":"has-post-thumbnail","6":"product_cat-equipos","7":"product_cat-helados-blandos","8":"product_cat-produccion","9":"product_tag-1-fase","10":"product_tag-208230-voltios","11":"product_tag-60-hz","12":"product_tag-carpigiani","13":"product_tag-refrigerado-por-aire-2","14":"product_tag-suave","16":"first","17":"instock","18":"taxable","19":"shipping-taxable","20":"product-type-simple"},"_links":{"self":[{"href":"https:\/\/baluna.com\/es\/wp-json\/wp\/v2\/product\/1955","targetHints":{"allow":["GET"]}}],"collection":[{"href":"https:\/\/baluna.com\/es\/wp-json\/wp\/v2\/product"}],"about":[{"href":"https:\/\/baluna.com\/es\/wp-json\/wp\/v2\/types\/product"}],"replies":[{"embeddable":true,"href":"https:\/\/baluna.com\/es\/wp-json\/wp\/v2\/comments?post=1955"}],"wp:featuredmedia":[{"embeddable":true,"href":"https:\/\/baluna.com\/es\/wp-json\/wp\/v2\/media\/3966"}],"wp:attachment":[{"href":"https:\/\/baluna.com\/es\/wp-json\/wp\/v2\/media?parent=1955"}],"wp:term":[{"taxonomy":"product_brand","embeddable":true,"href":"https:\/\/baluna.com\/es\/wp-json\/wp\/v2\/product_brand?post=1955"},{"taxonomy":"product_cat","embeddable":true,"href":"https:\/\/baluna.com\/es\/wp-json\/wp\/v2\/product_cat?post=1955"},{"taxonomy":"product_tag","embeddable":true,"href":"https:\/\/baluna.com\/es\/wp-json\/wp\/v2\/product_tag?post=1955"}],"curies":[{"name":"wp","href":"https:\/\/api.w.org\/{rel}","templated":true}]}}