{"id":1949,"date":"2025-11-14T15:30:19","date_gmt":"2025-11-14T15:30:19","guid":{"rendered":"https:\/\/baluna.katakoscreativo.com\/?post_type=product&#038;p=1949"},"modified":"2026-04-09T14:39:30","modified_gmt":"2026-04-09T14:39:30","slug":"carpigiani-synthesis-2-h","status":"publish","type":"product","link":"https:\/\/baluna.com\/es\/product\/carpigiani-synthesis-2-h\/","title":{"rendered":"Carpigiani Synthesis 2 H"},"content":{"rendered":"<p><strong>Producci\u00f3n, almacenamiento y servicio de gelato en un solo sistema<\/strong><\/p>\n<p>El Carpigiani Synthesis 2 H representa una revoluci\u00f3n en la producci\u00f3n de gelato y otros postres congelados. Este sistema modular innovador permite producir, almacenar y servir gelato, sorbete, helado, granita siciliana y slush directamente frente a los clientes en solo unos simples pasos, todo en el mismo cilindro.<\/p>\n<p><strong>Caracter\u00edsticas sestacadas del Carpigiani Synthesis 2 H:<\/strong><\/p>\n<ul>\n<li><strong>Sistema modular:<\/strong> Cada m\u00f3dulo consta de dos cilindros completamente independientes, permitiendo producir diferentes sabores de gelato al mismo tiempo.<\/li>\n<li><strong>Tecnolog\u00eda Hard-O-Tronic\u00ae:<\/strong> Gracias a este sistema exclusivo, siempre se pueden obtener resultados perfectos. El progreso de la congelaci\u00f3n se muestra constantemente en la pantalla LCD.<\/li>\n<li><strong>Dise\u00f1o elegante:<\/strong> El dise\u00f1o moderno y blanco de Carpigiani Synthesis 2 H es ideal para ubicarse en la vista de los clientes, y se puede personalizar el color de los paneles frontales y laterales para adaptarse al estilo de tu negocio.<\/li>\n<li><strong>Facilidad de uso:<\/strong> Cada cilindro tiene una pantalla dedicada que indica qu\u00e9 sabor debe mezclarse. Adem\u00e1s, gracias al sistema Hard-O-Tronic, el gelato o postre congelado se har\u00e1 seg\u00fan la consistencia preestablecida en solo unos minutos.<\/li>\n<\/ul>\n<p><strong>Producci\u00f3n en tres pasos:<\/strong><\/p>\n<ol>\n<li>Abre la tapa.<\/li>\n<li>Vierte la mezcla.<\/li>\n<li>Elige el ciclo de producci\u00f3n.<\/li>\n<\/ol>\n<p>Una vez que la congelaci\u00f3n del lote est\u00e9 completa, SyNTHESIS 2 H autom\u00e1ticamente entrar\u00e1 en el modo de almacenamiento est\u00e1tico para mantener la textura y sabor del producto.<\/p>\n<p><strong>Conclusi\u00f3n:<\/strong><\/p>\n<p>El Carpigiani SyNTHESIS 2 H es una herramienta esencial para cualquier negocio que busque ofrecer postres congelados de alta calidad. Su combinaci\u00f3n de tecnolog\u00eda avanzada, dise\u00f1o modular y facilidad de uso lo convierten en una soluci\u00f3n integral para la producci\u00f3n de gelato y otros postres congelados.<\/p>\n<p>Descargar <a href=\"http:\/\/baluna.com\/wp-content\/uploads\/2023\/10\/Synthesis-2-H_03-2023_USA_LR-1.pdf\">Ficha T\u00e9cnica<\/a><\/p>\n","protected":false},"excerpt":{"rendered":"<p>El Carpigiani Synthesis 2 H representa una revoluci\u00f3n en la producci\u00f3n de gelato y otros postres congelados. Este sistema modular innovador permite producir, almacenar y servir gelato, sorbete, helado, granita siciliana y slush directamente frente a los clientes en solo unos simples pasos, todo en el mismo cilindro.<\/p>\n","protected":false},"featured_media":3971,"comment_status":"open","ping_status":"closed","template":"","meta":[],"product_brand":[],"product_cat":[605,35,606],"product_tag":[480,34,513,26,27,525,41],"class_list":{"0":"post-1949","1":"product","2":"type-product","3":"status-publish","4":"has-post-thumbnail","6":"product_cat-equipos","7":"product_cat-gelato","8":"product_cat-produccion","9":"product_tag-1-fase","10":"product_tag-15-amperios","11":"product_tag-208-230-voltios","12":"product_tag-60-hz","13":"product_tag-carpigiani","14":"product_tag-refrigerado-por-aire","15":"product_tag-teorema","17":"first","18":"instock","19":"taxable","20":"shipping-taxable","21":"product-type-simple"},"_links":{"self":[{"href":"https:\/\/baluna.com\/es\/wp-json\/wp\/v2\/product\/1949","targetHints":{"allow":["GET"]}}],"collection":[{"href":"https:\/\/baluna.com\/es\/wp-json\/wp\/v2\/product"}],"about":[{"href":"https:\/\/baluna.com\/es\/wp-json\/wp\/v2\/types\/product"}],"replies":[{"embeddable":true,"href":"https:\/\/baluna.com\/es\/wp-json\/wp\/v2\/comments?post=1949"}],"wp:featuredmedia":[{"embeddable":true,"href":"https:\/\/baluna.com\/es\/wp-json\/wp\/v2\/media\/3971"}],"wp:attachment":[{"href":"https:\/\/baluna.com\/es\/wp-json\/wp\/v2\/media?parent=1949"}],"wp:term":[{"taxonomy":"product_brand","embeddable":true,"href":"https:\/\/baluna.com\/es\/wp-json\/wp\/v2\/product_brand?post=1949"},{"taxonomy":"product_cat","embeddable":true,"href":"https:\/\/baluna.com\/es\/wp-json\/wp\/v2\/product_cat?post=1949"},{"taxonomy":"product_tag","embeddable":true,"href":"https:\/\/baluna.com\/es\/wp-json\/wp\/v2\/product_tag?post=1949"}],"curies":[{"name":"wp","href":"https:\/\/api.w.org\/{rel}","templated":true}]}}