{"id":1937,"date":"2025-11-14T15:29:52","date_gmt":"2025-11-14T15:29:52","guid":{"rendered":"https:\/\/baluna.katakoscreativo.com\/?post_type=product&#038;p=1937"},"modified":"2026-04-14T19:28:39","modified_gmt":"2026-04-14T19:28:39","slug":"carpigiani-pastochef-pc-18-rtl-2","status":"publish","type":"product","link":"https:\/\/baluna.com\/es\/product\/carpigiani-pastochef-pc-18-rtl-2\/","title":{"rendered":"Carpigiani Pastochef PC 18 RTL"},"content":{"rendered":"<p><strong>El aliado perfecto para la pasteler\u00eda y chocolater\u00eda moderna<\/strong><\/p>\n<p><strong>Innovaci\u00f3n y versatilidad en tu cocina<\/strong><\/p>\n<p>\u00bfBuscas elevar tus habilidades en pasteler\u00eda y chocolater\u00eda al siguiente nivel? \u00a1Presentamos el Carpigiani Pastochef PC 18 RTL! Una maravilla de la tecnolog\u00eda que fusiona tradici\u00f3n con innovaci\u00f3n, permiti\u00e9ndote crear desde las m\u00e1s cl\u00e1sicas cremas de pasteler\u00eda hasta las recetas m\u00e1s audaces y contempor\u00e1neas.<\/p>\n<p><strong>Caracter\u00edsticas principales<\/strong><\/p>\n<ul>\n<li><strong>Rendimiento superior:<\/strong> Con Carpigiani Pastochef PC 18 RTL, no solo mezclar\u00e1s y cocinar\u00e1s, sino que tambi\u00e9n podr\u00e1s calentar, enfriar, envejecer y almacenar tus creaciones. Es el compa\u00f1ero ideal para elaborar la perfecta Ganache Cream, salsas tradicionales como la Bechamel, exquisitas mermeladas de frutas y hasta platos salados de renombre como la Polenta &amp; Ragu Bolognese.<\/li>\n<li><strong>Conveniencia sin igual:<\/strong> Olv\u00eddate de los procesos tradicionalmente laboriosos. Con Pastochef, preparar\u00e1s recetas que anteriormente eran un desaf\u00edo, manteniendo siempre la m\u00e1xima calidad. Adem\u00e1s, su grifo est\u00e1 dise\u00f1ado para manejar tanto productos l\u00edquidos como aquellos de consistencia espesa, brind\u00e1ndote una versatilidad sin precedentes.<\/li>\n<li><strong>Seguridad garantizada:<\/strong> Pensando en ti, hemos incorporado un cierre de seguridad para proteger los ingredientes l\u00edquidos. Adem\u00e1s, su cubierta protectora evitar\u00e1 salpicaduras, garantizando un proceso limpio y seguro de principio a fin.<\/li>\n<li><strong>Higiene al m\u00e1ximo:<\/strong> En situaciones imprevistas, como cortes de agua o electricidad, Pastochef garantiza la seguridad de tu producto, ofreciendo soluciones inteligentes que aseguran la integridad de tus preparaciones.<\/li>\n<li><strong>Especificaciones a tu medida:<\/strong> Con una conexi\u00f3n el\u00e9ctrica dedicada y una capacidad de tanque optimizada, Pastochef se adapta a las necesidades de tu cocina, garantizando eficiencia y confiabilidad.<\/li>\n<\/ul>\n<p>Descargar <a href=\"http:\/\/baluna.com\/wp-content\/uploads\/2023\/11\/Pastochef-18-RTL_06-2021_Standard-US_LR.pdf\">Ficha T\u00e9cnica<\/a><\/p>\n","protected":false},"excerpt":{"rendered":"<p>Tu aliado en pasteler\u00eda y chocolater\u00eda. Mezcla, cocina y almacena con eficiencia, seguridad e innovaci\u00f3n. \u00a1Eleva tus creaciones al pr\u00f3ximo nivel!<\/p>\n","protected":false},"featured_media":1992,"comment_status":"open","ping_status":"closed","template":"","meta":[],"product_brand":[],"product_cat":[605,33,606],"product_tag":[34,513,37,26,27,527,41],"class_list":{"0":"post-1937","1":"product","2":"type-product","3":"status-publish","4":"has-post-thumbnail","6":"product_cat-equipos","7":"product_cat-pasteleria-y-praline","8":"product_cat-produccion","9":"product_tag-15-amperios","10":"product_tag-208-230-voltios","11":"product_tag-3-fases","12":"product_tag-60-hz","13":"product_tag-carpigiani","14":"product_tag-refrigerado-por-agua","15":"product_tag-teorema","17":"first","18":"instock","19":"taxable","20":"shipping-taxable","21":"product-type-simple"},"_links":{"self":[{"href":"https:\/\/baluna.com\/es\/wp-json\/wp\/v2\/product\/1937","targetHints":{"allow":["GET"]}}],"collection":[{"href":"https:\/\/baluna.com\/es\/wp-json\/wp\/v2\/product"}],"about":[{"href":"https:\/\/baluna.com\/es\/wp-json\/wp\/v2\/types\/product"}],"replies":[{"embeddable":true,"href":"https:\/\/baluna.com\/es\/wp-json\/wp\/v2\/comments?post=1937"}],"wp:featuredmedia":[{"embeddable":true,"href":"https:\/\/baluna.com\/es\/wp-json\/wp\/v2\/media\/1992"}],"wp:attachment":[{"href":"https:\/\/baluna.com\/es\/wp-json\/wp\/v2\/media?parent=1937"}],"wp:term":[{"taxonomy":"product_brand","embeddable":true,"href":"https:\/\/baluna.com\/es\/wp-json\/wp\/v2\/product_brand?post=1937"},{"taxonomy":"product_cat","embeddable":true,"href":"https:\/\/baluna.com\/es\/wp-json\/wp\/v2\/product_cat?post=1937"},{"taxonomy":"product_tag","embeddable":true,"href":"https:\/\/baluna.com\/es\/wp-json\/wp\/v2\/product_tag?post=1937"}],"curies":[{"name":"wp","href":"https:\/\/api.w.org\/{rel}","templated":true}]}}