{"id":1935,"date":"2025-11-14T15:29:52","date_gmt":"2025-11-14T15:29:52","guid":{"rendered":"https:\/\/baluna.katakoscreativo.com\/?post_type=product&#038;p=1935"},"modified":"2026-04-14T19:27:47","modified_gmt":"2026-04-14T19:27:47","slug":"carpigiani-maestro-hcd-2","status":"publish","type":"product","link":"https:\/\/baluna.com\/es\/product\/carpigiani-maestro-hcd-2\/","title":{"rendered":"Carpigiani Maestro ** HCD"},"content":{"rendered":"<p><strong>La revoluci\u00f3n en la producci\u00f3n de gelato, pasteler\u00eda y chocolate<\/strong><\/p>\n<p>El mundo de los postres congelados est\u00e1 en constante evoluci\u00f3n, y Carpigiani, l\u00edder mundial en la industria del helado, presenta su innovadora m\u00e1quina Maestro ** HCD. Esta m\u00e1quina no solo es una maravilla tecnol\u00f3gica, sino que tambi\u00e9n es una herramienta esencial para cualquier profesional que busque ofrecer productos de la m\u00e1s alta calidad.<\/p>\n<p><strong>Carpigiani Maestro ** HCD: versatilidad en su m\u00e1xima expresi\u00f3n<\/strong><\/p>\n<p>El Maestro ** HCD no es solo una m\u00e1quina de helado. Es una soluci\u00f3n integral que permite a los profesionales crear gelato, pasteler\u00eda y chocolate con precisi\u00f3n y consistencia. Ya sea que est\u00e9s buscando producir el gelato m\u00e1s cremoso o el chocolate m\u00e1s suave, el Maestro ** HCD lo hace posible.<\/p>\n<p><strong>Tecnolog\u00eda de vanguardia<\/strong><\/p>\n<p>Con la tecnolog\u00eda Hard-O-Tronic\u00ae, los usuarios pueden ajustar la consistencia de sus postres con facilidad. Adem\u00e1s, su dise\u00f1o de agua fr\u00eda garantiza una producci\u00f3n eficiente sin comprometer la calidad del producto.<\/p>\n<p><strong>Dise\u00f1o elegante y funcional<\/strong><\/p>\n<p>El Maestro ** HCD no solo es eficiente, sino que tambi\u00e9n cuenta con un dise\u00f1o moderno y elegante, perfecto para cualquier establecimiento. Su capacidad de 15 qt es ideal para producciones de cualquier tama\u00f1o.<\/p>\n<p><strong>Facilidad de uso<\/strong><\/p>\n<p>Como se muestra en el tutorial de YouTube, operar el Maestro ** HCD es un proceso sencillo. Con solo unos pocos pasos, puedes tener postres congelados de calidad profesional listos para servir.<\/p>\n<p><strong>Conclusi\u00f3n<\/strong><\/p>\n<p>El Carpigiani Maestro ** HCD es m\u00e1s que una m\u00e1quina de helado. Es una inversi\u00f3n en calidad, eficiencia y versatilidad. Para aquellos que buscan llevar su producci\u00f3n de postres congelados al siguiente nivel, no hay mejor opci\u00f3n en el mercado.<\/p>\n<p>Descargar <a href=\"http:\/\/baluna.com\/wp-content\/uploads\/2023\/10\/Maestro-2S-HCD_06-2022_Standard-US_LR.pdf\">Ficha T\u00e9cnica<\/a><\/p>\n","protected":false},"excerpt":{"rendered":"<p>El Carpigiani Maestro ** HCD es m\u00e1s que una m\u00e1quina de helado. Es una inversi\u00f3n en calidad, eficiencia y versatilidad. Para aquellos que buscan llevar su producci\u00f3n de postres congelados al siguiente nivel, no hay mejor opci\u00f3n en el mercado.<\/p>\n","protected":false},"featured_media":1989,"comment_status":"open","ping_status":"closed","template":"","meta":[],"product_brand":[],"product_cat":[605,78,35,410,33,450,606],"product_tag":[513,37,26,486,27,515,45,527,41],"class_list":{"0":"post-1935","1":"product","2":"type-product","3":"status-publish","4":"has-post-thumbnail","6":"product_cat-equipos","7":"product_cat-froze-desserts","8":"product_cat-gelato","9":"product_cat-panaderia","10":"product_cat-pasteleria-y-praline","11":"product_cat-postres-congelados","12":"product_cat-produccion","13":"product_tag-208-230-voltios","14":"product_tag-3-fases","15":"product_tag-60-hz","16":"product_tag-70-amperios","17":"product_tag-carpigiani","18":"product_tag-congelador-por-lotes","19":"product_tag-hard-o-tronic","20":"product_tag-refrigerado-por-agua","21":"product_tag-teorema","23":"first","24":"instock","25":"taxable","26":"shipping-taxable","27":"product-type-simple"},"_links":{"self":[{"href":"https:\/\/baluna.com\/es\/wp-json\/wp\/v2\/product\/1935","targetHints":{"allow":["GET"]}}],"collection":[{"href":"https:\/\/baluna.com\/es\/wp-json\/wp\/v2\/product"}],"about":[{"href":"https:\/\/baluna.com\/es\/wp-json\/wp\/v2\/types\/product"}],"replies":[{"embeddable":true,"href":"https:\/\/baluna.com\/es\/wp-json\/wp\/v2\/comments?post=1935"}],"wp:featuredmedia":[{"embeddable":true,"href":"https:\/\/baluna.com\/es\/wp-json\/wp\/v2\/media\/1989"}],"wp:attachment":[{"href":"https:\/\/baluna.com\/es\/wp-json\/wp\/v2\/media?parent=1935"}],"wp:term":[{"taxonomy":"product_brand","embeddable":true,"href":"https:\/\/baluna.com\/es\/wp-json\/wp\/v2\/product_brand?post=1935"},{"taxonomy":"product_cat","embeddable":true,"href":"https:\/\/baluna.com\/es\/wp-json\/wp\/v2\/product_cat?post=1935"},{"taxonomy":"product_tag","embeddable":true,"href":"https:\/\/baluna.com\/es\/wp-json\/wp\/v2\/product_tag?post=1935"}],"curies":[{"name":"wp","href":"https:\/\/api.w.org\/{rel}","templated":true}]}}