{"id":1933,"date":"2025-11-14T15:29:51","date_gmt":"2025-11-14T15:29:51","guid":{"rendered":"https:\/\/baluna.katakoscreativo.com\/?post_type=product&#038;p=1933"},"modified":"2026-04-14T19:28:40","modified_gmt":"2026-04-14T19:28:40","slug":"carpigiani-readychef","status":"publish","type":"product","link":"https:\/\/baluna.com\/es\/product\/carpigiani-readychef\/","title":{"rendered":"Carpigiani ReadyChef"},"content":{"rendered":"<p><strong>La revoluci\u00f3n en la producci\u00f3n de gelato<\/strong><\/p>\n<p><strong>Toda la magia del gelato, desde la pasteurizaci\u00f3n hasta la congelaci\u00f3n, en una sola m\u00e1quina.<\/strong><\/p>\n<p>El arte del gelato ha sido llevado a un nuevo nivel con la introducci\u00f3n del <strong>Carpigiani ReadyChef<\/strong>. Esta m\u00e1quina no solo redefine la eficiencia, sino que tambi\u00e9n encapsula la esencia de la tradici\u00f3n del gelato, ofreciendo una experiencia culinaria sin igual.<\/p>\n<p><strong>Todo en uno<\/strong><\/p>\n<p>La magia del <strong>Carpigiani ReadyChef<\/strong>\u00a0radica su gran capacidad de 7.4 quarts (7 liters) y en la posibilidad de combinar tres procesos esenciales en una sola m\u00e1quina: pasteurizaci\u00f3n, maduraci\u00f3n y congelaci\u00f3n. Esta integraci\u00f3n permite a los profesionales del gelato tener un control total sobre cada etapa de la producci\u00f3n, garantizando un producto final de la m\u00e1s alta calidad.<\/p>\n<figure id=\"attachment_2346\" aria-describedby=\"caption-attachment-2346\" style=\"width: 280px\" class=\"wp-caption alignleft\"><img fetchpriority=\"high\" decoding=\"async\" class=\"wp-image-2346 size-thumbnail\" src=\"http:\/\/baluna.com\/wp-content\/uploads\/2023\/10\/Baluna-Foto-Carpigiani-ReadyChef-14-20-3-280x280.jpg\" alt=\"Carpigiani ReadyChef 14 20: pasteurizaci\u00f3n, maduraci\u00f3n y congelaci\u00f3n en una m\u00e1quina. Tecnolog\u00eda y tradici\u00f3n para el gelato perfecto.\" width=\"280\" height=\"280\" \/><figcaption id=\"caption-attachment-2346\" class=\"wp-caption-text\">Carpigiani ReadyChef: pasteurizaci\u00f3n, maduraci\u00f3n y congelaci\u00f3n en una m\u00e1quina. Tecnolog\u00eda y tradici\u00f3n para el gelato perfecto.<\/figcaption><\/figure>\n<p><strong>Tecnolog\u00eda de vanguardia<\/strong><\/p>\n<p>Equipado con la tecnolog\u00eda Carpigiani, el <strong>Carpigiani ReadyChef<\/strong>\u00a0puede no solo congelar, sino tambi\u00e9n calentar mezclas l\u00edquidas para producir gelato fresco y aut\u00e9ntico. Con sus 9 programas autom\u00e1ticos, los usuarios pueden manejar una variedad de cantidades, desde un m\u00ednimo de 2 kg hasta un m\u00e1ximo de 4 kg por ciclo.<\/p>\n<p><strong>Consistencia perfecta con Hard-O-Tronic\u00ae<\/strong><\/p>\n<p>La tecnolog\u00eda Hard-O-Tronic\u00ae es el coraz\u00f3n del <strong>Carpigiani ReadyChef<\/strong>. A trav\u00e9s de su pantalla LCD, los usuarios pueden visualizar y ajustar la consistencia del gelato en tiempo real, permitiendo una personalizaci\u00f3n sin precedentes y garantizando siempre el resultado \u00f3ptimo.<\/p>\n<p><strong>Programa crystal para creaciones \u00fanicas<\/strong><\/p>\n<p>El Carpigiani ReadyChef incluye el programa Crystal, ideal para crear mono porciones de todas formas con moldes y llevarse productos y tartas de gelato congeladas. Esta caracter\u00edstica ampl\u00eda las posibilidades creativas, permitiendo a los profesionales del gelato explorar y experimentar con nuevas ideas y presentaciones.<\/p>\n<p>Descargar <a href=\"http:\/\/baluna.com\/wp-content\/uploads\/2023\/11\/ReadyChef_01-2023_USA_LR.pdf\">Ficha T\u00e9cnica<\/a><br \/>\nDescargar <a href=\"http:\/\/baluna.com\/wp-content\/uploads\/2023\/11\/ReadyChef_folder_01-2023_USA_LR.pdf\">Cat\u00e1logo<\/a><\/p>\n","protected":false},"excerpt":{"rendered":"<p>El arte del gelato ha sido llevado a un nuevo nivel.\u00a0Esta m\u00e1quina no solo redefine la eficiencia, sino que tambi\u00e9n encapsula la esencia de la tradici\u00f3n del gelato, ofreciendo una experiencia culinaria sin igual.<\/p>\n","protected":false},"featured_media":1978,"comment_status":"open","ping_status":"closed","template":"","meta":[],"product_brand":[],"product_cat":[605,78,35,33,450,606],"product_tag":[480,513,508,26,27,515,525,41],"class_list":{"0":"post-1933","1":"product","2":"type-product","3":"status-publish","4":"has-post-thumbnail","6":"product_cat-equipos","7":"product_cat-froze-desserts","8":"product_cat-gelato","9":"product_cat-pasteleria-y-praline","10":"product_cat-postres-congelados","11":"product_cat-produccion","12":"product_tag-1-fase","13":"product_tag-208-230-voltios","14":"product_tag-25-amperios","15":"product_tag-60-hz","16":"product_tag-carpigiani","17":"product_tag-congelador-por-lotes","18":"product_tag-refrigerado-por-aire","19":"product_tag-teorema","21":"first","22":"instock","23":"featured","24":"taxable","25":"shipping-taxable","26":"product-type-simple"},"_links":{"self":[{"href":"https:\/\/baluna.com\/es\/wp-json\/wp\/v2\/product\/1933","targetHints":{"allow":["GET"]}}],"collection":[{"href":"https:\/\/baluna.com\/es\/wp-json\/wp\/v2\/product"}],"about":[{"href":"https:\/\/baluna.com\/es\/wp-json\/wp\/v2\/types\/product"}],"replies":[{"embeddable":true,"href":"https:\/\/baluna.com\/es\/wp-json\/wp\/v2\/comments?post=1933"}],"wp:featuredmedia":[{"embeddable":true,"href":"https:\/\/baluna.com\/es\/wp-json\/wp\/v2\/media\/1978"}],"wp:attachment":[{"href":"https:\/\/baluna.com\/es\/wp-json\/wp\/v2\/media?parent=1933"}],"wp:term":[{"taxonomy":"product_brand","embeddable":true,"href":"https:\/\/baluna.com\/es\/wp-json\/wp\/v2\/product_brand?post=1933"},{"taxonomy":"product_cat","embeddable":true,"href":"https:\/\/baluna.com\/es\/wp-json\/wp\/v2\/product_cat?post=1933"},{"taxonomy":"product_tag","embeddable":true,"href":"https:\/\/baluna.com\/es\/wp-json\/wp\/v2\/product_tag?post=1933"}],"curies":[{"name":"wp","href":"https:\/\/api.w.org\/{rel}","templated":true}]}}