{"id":1931,"date":"2025-11-14T15:29:51","date_gmt":"2025-11-14T15:29:51","guid":{"rendered":"https:\/\/baluna.katakoscreativo.com\/?post_type=product&#038;p=1931"},"modified":"2026-04-10T13:45:07","modified_gmt":"2026-04-10T13:45:07","slug":"carpigiani-mister-art-plus","status":"publish","type":"product","link":"https:\/\/baluna.com\/es\/product\/carpigiani-mister-art-plus\/","title":{"rendered":"Carpigiani Mister Art Plus"},"content":{"rendered":"<p><strong>La m\u00e1quina definitiva para gelato y sorbetes<\/strong><\/p>\n<p><strong>Innovaci\u00f3n y versatilidad en la producci\u00f3n de gelato.<\/strong><\/p>\n<p>El mundo del gelato ha evolucionado, y con \u00e9l, las herramientas que utilizamos para crear estas delicias heladas. Presentamos el <strong>Carpigiani Mister Art Plus<\/strong> de Carpigiani, una m\u00e1quina dise\u00f1ada para satisfacer las necesidades m\u00e1s exigentes de los profesionales del gelato.<\/p>\n<p><strong>Un laboratorio de gelato en una m\u00e1quina: Carpigiani Mister Art Plus<\/strong><\/p>\n<p>Mister Art Plus no es solo una m\u00e1quina de helados; es un laboratorio completo de gelato en un solo equipo. Con su dise\u00f1o innovador, esta m\u00e1quina permite pasteurizar la mezcla en la tolva superior mientras que el cilindro inferior se encarga de congelar el gelato suave. Esta dualidad garantiza un producto final de calidad superior, manteniendo la frescura y sabor aut\u00e9ntico del gelato.<\/p>\n<p><strong>Personalizaci\u00f3n al m\u00e1ximo<\/strong><\/p>\n<p>Con Mister Art Plus, la creatividad no tiene l\u00edmites. Gracias a sus diferentes boquillas, puedes personalizar la forma de tu gelato o sorbete, d\u00e1ndole un toque \u00fanico a cada creaci\u00f3n. Adem\u00e1s, para aquellos que se dedican a la confiter\u00eda de gelato, la m\u00e1quina viene equipada con un kit de porci\u00f3n individual, facilitando el llenado de cannoli, tartaletas y peque\u00f1as copas.<\/p>\n<p><strong>Rapidez y eficiencia<\/strong><\/p>\n<p>Para aquellos momentos de alta demanda, Mister Art Plus es la soluci\u00f3n. Con su pistola dispensadora, el llenado de moldes de gelato y palitos es r\u00e1pido y conveniente. Adem\u00e1s, la m\u00e1quina incluye dos boquillas de acero inoxidable ideales para spumone gelato, mousse y crema b\u00e1vara. En solo una hora, puedes producir 485 porciones de gelato de 75 g y 580 palitos de 85 cc, todo con una capacidad de tolva de 12 L.<\/p>\n<p><strong>Calidad y seguridad<\/strong><\/p>\n<p>Carpigiani no solo se preocupa por la eficiencia, sino tambi\u00e9n por la calidad y seguridad de sus productos. Mister Art Plus garantiza un gelato de calidad superior, manteniendo siempre los m\u00e1s altos est\u00e1ndares de higiene y seguridad.<\/p>\n<p>Descargar <a href=\"http:\/\/baluna.com\/wp-content\/uploads\/2023\/11\/Mister-Art-Plus_06-2021_Standard-US_LR.pdf\">Ficha T\u00e9cnica<\/a><\/p>\n","protected":false},"excerpt":{"rendered":"<p>Mister Art Plus no es solo una m\u00e1quina de helados; es un laboratorio completo de gelato en un solo equipo. Con su dise\u00f1o innovador, esta m\u00e1quina permite pasteurizar la mezcla en la tolva superior mientras que el cilindro inferior se encarga de congelar el gelato suave.<\/p>\n","protected":false},"featured_media":1974,"comment_status":"open","ping_status":"closed","template":"","meta":[],"product_brand":[],"product_cat":[605,78,450,606],"product_tag":[513,37,504,26,27,525,41],"class_list":{"0":"post-1931","1":"product","2":"type-product","3":"status-publish","4":"has-post-thumbnail","6":"product_cat-equipos","7":"product_cat-froze-desserts","8":"product_cat-postres-congelados","9":"product_cat-produccion","10":"product_tag-208-230-voltios","11":"product_tag-3-fases","12":"product_tag-30-amperios","13":"product_tag-60-hz","14":"product_tag-carpigiani","15":"product_tag-refrigerado-por-aire","16":"product_tag-teorema","18":"first","19":"instock","20":"taxable","21":"shipping-taxable","22":"product-type-simple"},"_links":{"self":[{"href":"https:\/\/baluna.com\/es\/wp-json\/wp\/v2\/product\/1931","targetHints":{"allow":["GET"]}}],"collection":[{"href":"https:\/\/baluna.com\/es\/wp-json\/wp\/v2\/product"}],"about":[{"href":"https:\/\/baluna.com\/es\/wp-json\/wp\/v2\/types\/product"}],"replies":[{"embeddable":true,"href":"https:\/\/baluna.com\/es\/wp-json\/wp\/v2\/comments?post=1931"}],"wp:featuredmedia":[{"embeddable":true,"href":"https:\/\/baluna.com\/es\/wp-json\/wp\/v2\/media\/1974"}],"wp:attachment":[{"href":"https:\/\/baluna.com\/es\/wp-json\/wp\/v2\/media?parent=1931"}],"wp:term":[{"taxonomy":"product_brand","embeddable":true,"href":"https:\/\/baluna.com\/es\/wp-json\/wp\/v2\/product_brand?post=1931"},{"taxonomy":"product_cat","embeddable":true,"href":"https:\/\/baluna.com\/es\/wp-json\/wp\/v2\/product_cat?post=1931"},{"taxonomy":"product_tag","embeddable":true,"href":"https:\/\/baluna.com\/es\/wp-json\/wp\/v2\/product_tag?post=1931"}],"curies":[{"name":"wp","href":"https:\/\/api.w.org\/{rel}","templated":true}]}}