{"id":1930,"date":"2025-11-14T15:29:50","date_gmt":"2025-11-14T15:29:50","guid":{"rendered":"https:\/\/baluna.katakoscreativo.com\/?post_type=product&#038;p=1930"},"modified":"2026-04-10T13:45:08","modified_gmt":"2026-04-10T13:45:08","slug":"carpigiani-mister-art-2","status":"publish","type":"product","link":"https:\/\/baluna.com\/es\/product\/carpigiani-mister-art-2\/","title":{"rendered":"Carpigiani Mister Art"},"content":{"rendered":"<p><strong>La m\u00e1quina de moldes de helado que inspira creatividad<\/strong><\/p>\n<p><strong>Innovaci\u00f3n y flexibilidad en la creaci\u00f3n de pasteles y paletas de helado<\/strong><\/p>\n<p>Descubre <strong>Mister Art<\/strong>, la innovadora m\u00e1quina de Carpigiani que inyecta vida y creatividad en tu negocio de helados y reposter\u00eda. Dise\u00f1ada para maestros heladeros y reposteros que buscan diversificar su oferta de productos congelados, Mister Art es la s\u00edntesis perfecta de rendimiento, calidad y conveniencia.<\/p>\n<p><strong>Rendimiento excepcional:<\/strong><\/p>\n<p><strong>Carpigiani Mister Art<\/strong> est\u00e1 dise\u00f1ada para abrazar una amplia gama de mezclas, desde l\u00e1cteas y frutales hasta en polvo y a base de agua. Con esta m\u00e1quina, puedes ofrecer una variedad de texturas y sabores, satisfaciendo los paladares m\u00e1s exigentes y las tendencias de mercado m\u00e1s innovadoras.<\/p>\n<p><strong>Calidad sin compromisos:<\/strong><\/p>\n<p>Cada componente de la <strong>Carpigiani Mister Art<\/strong> est\u00e1 pensado para proporcionar postres congelados de alta calidad. Gracias a su sistema de tratamiento t\u00e9rmico y congelaci\u00f3n, garantiza la consistencia y la preservaci\u00f3n de las cualidades organol\u00e9pticas del producto final.<\/p>\n<p><strong>Versatilidad y conveniencia:<\/strong><\/p>\n<p>Mister Art redefine la flexibilidad en la cocina profesional. Su manguera y pistola de porcionado te permiten llenar moldes con la m\u00e1xima libertad de movimiento. Adem\u00e1s, la m\u00e1quina incluye un manual con 58 recetas \u00fanicas para expandir tu oferta de pasteles y paletas congeladas, funcionando tambi\u00e9n como una opci\u00f3n para soft serve.<\/p>\n<p><strong>Reducci\u00f3n de tiempos y ahorro:<\/strong><\/p>\n<p>Optimiza los tiempos de producci\u00f3n laboriosos con Carpigiani Mister Art. La m\u00e1quina permite mantener la m\u00e1xima calidad en postres con un alto overrun, reduciendo as\u00ed el tiempo de producci\u00f3n y el costo de mano de obra.<\/p>\n<p><strong>Seguridad y asistencia avanzada:<\/strong><\/p>\n<p>La limpieza calentada del cilindro simplifica las operaciones de mantenimiento, mientras que la asamblea de dispensaci\u00f3n est\u00e1 hecha de material aislante y anti-condensaci\u00f3n. Con la opci\u00f3n Teorema, puedes monitorear y diagnosticar la m\u00e1quina a trav\u00e9s de Internet, facilitando la asistencia t\u00e9cnica.<\/p>\n<p><strong>Compromiso con la higiene:<\/strong><\/p>\n<p>Carpigiani Mister Art incluye un sistema autom\u00e1tico de tratamiento t\u00e9rmico que sanitiza todas las partes que entran en contacto con el producto. Todo el proceso de producci\u00f3n, desde el tratamiento t\u00e9rmico hasta la congelaci\u00f3n, se realiza dentro de la misma m\u00e1quina, garantizando as\u00ed la m\u00e1xima higiene.<\/p>\n<p><strong>Especificaciones t\u00e9cnicas:<\/strong><\/p>\n<p>La m\u00e1quina requiere una conexi\u00f3n el\u00e9ctrica dedicada y es capaz de producir hasta 19 kg\/h de producto congelado. Es esencial que se respeten las especificaciones t\u00e9cnicas y los requerimientos de espacio para asegurar el correcto funcionamiento.<\/p>\n<p>Descargar <a href=\"http:\/\/baluna.com\/wp-content\/uploads\/2023\/11\/Mister-Art_06-2022_2_Standard-US_LR.pdf\">Ficha T\u00e9cnica<\/a><\/p>\n","protected":false},"excerpt":{"rendered":"<p>La innovadora m\u00e1quina de Carpigiani que inyecta vida y creatividad en tu negocio de helados y reposter\u00eda. Dise\u00f1ada para maestros heladeros y reposteros que buscan diversificar su oferta de productos congelados, Mister Art es la s\u00edntesis perfecta de rendimiento, calidad y conveniencia.<\/p>\n","protected":false},"featured_media":1032,"comment_status":"open","ping_status":"closed","template":"","meta":[],"product_brand":[],"product_cat":[605,78,610,450,606],"product_tag":[513,508,37,26,27,525,41],"class_list":{"0":"post-1930","1":"product","2":"type-product","3":"status-publish","4":"has-post-thumbnail","6":"product_cat-equipos","7":"product_cat-froze-desserts","8":"product_cat-helados-blandos","9":"product_cat-postres-congelados","10":"product_cat-produccion","11":"product_tag-208-230-voltios","12":"product_tag-25-amperios","13":"product_tag-3-fases","14":"product_tag-60-hz","15":"product_tag-carpigiani","16":"product_tag-refrigerado-por-aire","17":"product_tag-teorema","19":"first","20":"instock","21":"featured","22":"taxable","23":"shipping-taxable","24":"product-type-simple"},"_links":{"self":[{"href":"https:\/\/baluna.com\/es\/wp-json\/wp\/v2\/product\/1930","targetHints":{"allow":["GET"]}}],"collection":[{"href":"https:\/\/baluna.com\/es\/wp-json\/wp\/v2\/product"}],"about":[{"href":"https:\/\/baluna.com\/es\/wp-json\/wp\/v2\/types\/product"}],"replies":[{"embeddable":true,"href":"https:\/\/baluna.com\/es\/wp-json\/wp\/v2\/comments?post=1930"}],"wp:featuredmedia":[{"embeddable":true,"href":"https:\/\/baluna.com\/es\/wp-json\/wp\/v2\/media\/1032"}],"wp:attachment":[{"href":"https:\/\/baluna.com\/es\/wp-json\/wp\/v2\/media?parent=1930"}],"wp:term":[{"taxonomy":"product_brand","embeddable":true,"href":"https:\/\/baluna.com\/es\/wp-json\/wp\/v2\/product_brand?post=1930"},{"taxonomy":"product_cat","embeddable":true,"href":"https:\/\/baluna.com\/es\/wp-json\/wp\/v2\/product_cat?post=1930"},{"taxonomy":"product_tag","embeddable":true,"href":"https:\/\/baluna.com\/es\/wp-json\/wp\/v2\/product_tag?post=1930"}],"curies":[{"name":"wp","href":"https:\/\/api.w.org\/{rel}","templated":true}]}}