{"id":1926,"date":"2025-11-14T15:29:49","date_gmt":"2025-11-14T15:29:49","guid":{"rendered":"https:\/\/baluna.katakoscreativo.com\/?post_type=product&#038;p=1926"},"modified":"2026-04-09T14:41:02","modified_gmt":"2026-04-09T14:41:02","slug":"carpigiani-lb-502-dgt-g-2","status":"publish","type":"product","link":"https:\/\/baluna.com\/es\/product\/carpigiani-lb-502-dgt-g-2\/","title":{"rendered":"Carpigiani LB 502 DGT G"},"content":{"rendered":"<p><strong>Innovaci\u00f3n y Tradici\u00f3n en Helados Artesanales<\/strong><\/p>\n<p>Descubre el Arte de la Gelateria Italiana con la Carpigiani LB 502 DGT G<\/p>\n<p>La <strong>Carpigiani LB 502 DGT G<\/strong> es un sin\u00f3nimo de excelencia en la creaci\u00f3n de helados artesanales. Este modelo emblem\u00e1tico, parte de la renombrada familia Carpigiani, ha sido dise\u00f1ado para llevar el gelato, frozen custard y helado premium al pr\u00f3ximo nivel. Con una combinaci\u00f3n inigualable de tecnolog\u00eda avanzada y respeto por la tradici\u00f3n, la Carpigiani LB 502 DGT G es la elecci\u00f3n de los profesionales que no se conforman con menos que la perfecci\u00f3n.<\/p>\n<p><strong>Rendimiento y Calidad Superior:<\/strong><\/p>\n<p>El coraz\u00f3n de la <strong>Carpigiani LB 502 DGT G<\/strong> late con precisi\u00f3n italiana, garantizando una incorporaci\u00f3n de aire \u00f3ptima que se traduce en helados de textura incomparable. Los controles electr\u00f3nicos avanzados aseguran la consistencia y calidad en cada lote, mientras que el sistema de batido con raspadores autoajustables refina la textura a la cremosidad so\u00f1ada.<\/p>\n<p><strong>Tecnolog\u00eda Avanzada para Profesionales:<\/strong><\/p>\n<p>La <strong>Carpigiani LB 502 DGT G<\/strong> est\u00e1 equipada con una alarma audible y controles autom\u00e1ticos que simplifican la operaci\u00f3n, permitiendo a los artesanos del helado centrarse en la innovaci\u00f3n y el sabor. La facilidad de uso se combina con una funcionalidad excepcional, lo que la convierte en una herramienta indispensable para la producci\u00f3n de helados de alta calidad.<\/p>\n<p><strong>Dise\u00f1o Intuitivo y Elegante:<\/strong><\/p>\n<p>El dise\u00f1o sofisticado de la <strong>Carpigiani LB 502 DGT G<\/strong> no solo a\u00f1ade un toque de clase a cualquier cocina profesional sino que tambi\u00e9n est\u00e1 pensado para maximizar la eficiencia. La facilidad de limpieza y mantenimiento es testimonio del compromiso de Carpigiani con la calidad y la durabilidad a largo plazo.<\/p>\n<p><strong>Sostenibilidad en Cada Cucharada:<\/strong><\/p>\n<p>La eficiencia energ\u00e9tica es una piedra angular de la <strong>Carpigiani LB 502 DGT G<\/strong>. Cada componente ha sido dise\u00f1ado para reducir el consumo de energ\u00eda y minimizar el desperdicio, haciendo de cada cucharada de helado una opci\u00f3n m\u00e1s verde.<\/p>\n<p>Descargar <a href=\"http:\/\/baluna.com\/wp-content\/uploads\/2023\/11\/LB-502-DGT-G_06-2021_Standard-US_LR.pdf\">Ficha T\u00e9cnica<\/a><\/p>\n","protected":false},"excerpt":{"rendered":"<p>Es un sin\u00f3nimo de excelencia en la creaci\u00f3n de helados artesanales. Con una combinaci\u00f3n inigualable de tecnolog\u00eda avanzada y respeto por la tradici\u00f3n, la Carpigiani LB 502 DGT G es la elecci\u00f3n de los profesionales que no se conforman con menos que la perfecci\u00f3n.<\/p>\n","protected":false},"featured_media":1030,"comment_status":"open","ping_status":"closed","template":"","meta":[],"product_brand":[],"product_cat":[605,35,606],"product_tag":[513,37,498,26,27,515,527,41],"class_list":{"0":"post-1926","1":"product","2":"type-product","3":"status-publish","4":"has-post-thumbnail","6":"product_cat-equipos","7":"product_cat-gelato","8":"product_cat-produccion","9":"product_tag-208-230-voltios","10":"product_tag-3-fases","11":"product_tag-50-amperios","12":"product_tag-60-hz","13":"product_tag-carpigiani","14":"product_tag-congelador-por-lotes","15":"product_tag-refrigerado-por-agua","16":"product_tag-teorema","18":"first","19":"instock","20":"taxable","21":"shipping-taxable","22":"product-type-simple"},"_links":{"self":[{"href":"https:\/\/baluna.com\/es\/wp-json\/wp\/v2\/product\/1926","targetHints":{"allow":["GET"]}}],"collection":[{"href":"https:\/\/baluna.com\/es\/wp-json\/wp\/v2\/product"}],"about":[{"href":"https:\/\/baluna.com\/es\/wp-json\/wp\/v2\/types\/product"}],"replies":[{"embeddable":true,"href":"https:\/\/baluna.com\/es\/wp-json\/wp\/v2\/comments?post=1926"}],"wp:featuredmedia":[{"embeddable":true,"href":"https:\/\/baluna.com\/es\/wp-json\/wp\/v2\/media\/1030"}],"wp:attachment":[{"href":"https:\/\/baluna.com\/es\/wp-json\/wp\/v2\/media?parent=1926"}],"wp:term":[{"taxonomy":"product_brand","embeddable":true,"href":"https:\/\/baluna.com\/es\/wp-json\/wp\/v2\/product_brand?post=1926"},{"taxonomy":"product_cat","embeddable":true,"href":"https:\/\/baluna.com\/es\/wp-json\/wp\/v2\/product_cat?post=1926"},{"taxonomy":"product_tag","embeddable":true,"href":"https:\/\/baluna.com\/es\/wp-json\/wp\/v2\/product_tag?post=1926"}],"curies":[{"name":"wp","href":"https:\/\/api.w.org\/{rel}","templated":true}]}}