{"id":1916,"date":"2025-11-14T15:29:27","date_gmt":"2025-11-14T15:29:27","guid":{"rendered":"https:\/\/baluna.katakoscreativo.com\/?post_type=product&#038;p=1916"},"modified":"2026-04-09T14:46:48","modified_gmt":"2026-04-09T14:46:48","slug":"carpigiani-lb-200-ic","status":"publish","type":"product","link":"https:\/\/baluna.com\/es\/product\/carpigiani-lb-200-ic\/","title":{"rendered":"Carpigiani LB  200 IC"},"content":{"rendered":"<p><strong>La Revoluci\u00f3n en Helados Artesanales<\/strong><\/p>\n<p><strong>Innovaci\u00f3n y Calidad en Cada Lote<\/strong><\/p>\n<p>Bienvenidos al futuro de la elaboraci\u00f3n de helados artesanales, donde la precisi\u00f3n se encuentra con la pasi\u00f3n: la LB 200 IC, una m\u00e1quina de helados de sobremesa dise\u00f1ada para revolucionar su negocio de postres congelados. Ya sea que aspire a deleitar a los amantes del helado con sabores cl\u00e1sicos o a explorar el vasto universo de opciones veganas, libres de l\u00e1cteos y sorbetes, este equipo es su aliado definitivo.<\/p>\n<p><strong>Rendimiento y Calidad sin Precedentes<\/strong><\/p>\n<p>La LB 200 IC no es solo una m\u00e1quina, es una promesa de excelencia. Con una c\u00e1mara de congelaci\u00f3n de tama\u00f1o completo, esta maravilla de la ingenier\u00eda puede producir hasta 9.5 cuartos de gal\u00f3n por lote, garantizando que incluso las demandas de producci\u00f3n m\u00e1s altas se cumplan con facilidad. El control electr\u00f3nico ajustable de la consistencia se encarga de que cada lote mantenga una calidad y consistencia inigualables, permiti\u00e9ndole la flexibilidad de satisfacer desde las necesidades m\u00e1s peque\u00f1as hasta las m\u00e1s grandes.<\/p>\n<p><strong>Conveniencia en Cada Lote<\/strong><\/p>\n<p>Dise\u00f1ada para la m\u00e1xima comodidad, la LB 200 IC opera con energ\u00eda monof\u00e1sica, lo que le permite su uso en casi cualquier entorno. Su dise\u00f1o compacto de sobremesa asegura que se adapte a la mayor\u00eda de las ubicaciones. Adem\u00e1s, el panel de control t\u00e1ctil electr\u00f3nico le brinda toda la informaci\u00f3n operativa necesaria, simplificando el proceso hasta para el usuario m\u00e1s novato. La m\u00e1quina ajusta autom\u00e1ticamente la consistencia, permiti\u00e9ndole experimentar con ingredientes diversos para cada sabor \u00fanico que imagine.<\/p>\n<p><strong>Ahorros que Impactan<\/strong><\/p>\n<p>Incorpore helado reci\u00e9n hecho y otros postres congelados a su oferta de productos y obtenga la independencia en la elecci\u00f3n de sabores y costos. La LB 200 IC le abre las puertas a un mundo de posibilidades, donde usted tiene el control total sobre la creatividad y la econom\u00eda de su negocio.<\/p>\n<p><strong>Higiene Superior<\/strong><\/p>\n<p>El dise\u00f1o de la puerta no solo facilita la extracci\u00f3n completa del producto, sino que tambi\u00e9n asegura que haya un residuo m\u00ednimo y que la superposici\u00f3n de sabores sea pr\u00e1cticamente inexistente. Con kits especiales disponibles a trav\u00e9s de su distribuidor, mantener su m\u00e1quina impecablemente limpia es m\u00e1s f\u00e1cil que nunca.<\/p>\n<p><strong>Caracter\u00edsticas T\u00e9cnicas<\/strong><\/p>\n<p>La LB 200 IC no escatima en detalles t\u00e9cnicos, ofreciendo un motor batidor de 2 HP, un sistema de refrigeraci\u00f3n R404A y una capacidad de producci\u00f3n de 14 galones (54 litros) de helado por hora. Con dimensiones pensadas para la eficiencia y especificaciones t\u00e9cnicas que cumplen con los m\u00e1s altos est\u00e1ndares, esta m\u00e1quina representa la c\u00faspide de la innovaci\u00f3n en la producci\u00f3n de helados.<\/p>\n<p>Descargar <a href=\"http:\/\/baluna.com\/wp-content\/uploads\/2023\/11\/LB-200-IC_05-2022_Ice-Cream-US_LR.pdf\">Ficha T\u00e9cnica<\/a><\/p>\n","protected":false},"excerpt":{"rendered":"<p>Una m\u00e1quina de helados de sobremesa dise\u00f1ada para revolucionar su negocio de postres congelados. Ya sea que aspire a deleitar a los amantes del helado con sabores cl\u00e1sicos o a explorar el vasto universo de opciones veganas, libres de l\u00e1cteos y sorbetes, este equipo es su aliado definitivo.<\/p>\n","protected":false},"featured_media":1943,"comment_status":"open","ping_status":"closed","template":"","meta":[],"product_brand":[],"product_cat":[605,35,606],"product_tag":[480,513,500,26,27,515,525],"class_list":{"0":"post-1916","1":"product","2":"type-product","3":"status-publish","4":"has-post-thumbnail","6":"product_cat-equipos","7":"product_cat-gelato","8":"product_cat-produccion","9":"product_tag-1-fase","10":"product_tag-208-230-voltios","11":"product_tag-40-amperios","12":"product_tag-60-hz","13":"product_tag-carpigiani","14":"product_tag-congelador-por-lotes","15":"product_tag-refrigerado-por-aire","17":"first","18":"instock","19":"taxable","20":"shipping-taxable","21":"product-type-simple"},"_links":{"self":[{"href":"https:\/\/baluna.com\/es\/wp-json\/wp\/v2\/product\/1916","targetHints":{"allow":["GET"]}}],"collection":[{"href":"https:\/\/baluna.com\/es\/wp-json\/wp\/v2\/product"}],"about":[{"href":"https:\/\/baluna.com\/es\/wp-json\/wp\/v2\/types\/product"}],"replies":[{"embeddable":true,"href":"https:\/\/baluna.com\/es\/wp-json\/wp\/v2\/comments?post=1916"}],"wp:featuredmedia":[{"embeddable":true,"href":"https:\/\/baluna.com\/es\/wp-json\/wp\/v2\/media\/1943"}],"wp:attachment":[{"href":"https:\/\/baluna.com\/es\/wp-json\/wp\/v2\/media?parent=1916"}],"wp:term":[{"taxonomy":"product_brand","embeddable":true,"href":"https:\/\/baluna.com\/es\/wp-json\/wp\/v2\/product_brand?post=1916"},{"taxonomy":"product_cat","embeddable":true,"href":"https:\/\/baluna.com\/es\/wp-json\/wp\/v2\/product_cat?post=1916"},{"taxonomy":"product_tag","embeddable":true,"href":"https:\/\/baluna.com\/es\/wp-json\/wp\/v2\/product_tag?post=1916"}],"curies":[{"name":"wp","href":"https:\/\/api.w.org\/{rel}","templated":true}]}}