{"id":1914,"date":"2025-11-14T15:29:27","date_gmt":"2025-11-14T15:29:27","guid":{"rendered":"https:\/\/baluna.katakoscreativo.com\/?post_type=product&#038;p=1914"},"modified":"2026-04-09T14:46:47","modified_gmt":"2026-04-09T14:46:47","slug":"carpigiani-lb-200-g-tronic","status":"publish","type":"product","link":"https:\/\/baluna.com\/es\/product\/carpigiani-lb-200-g-tronic\/","title":{"rendered":"Carpigiani LB 200 G Tronic"},"content":{"rendered":"<p><strong>Maestr\u00eda en Helader\u00eda Artesanal<\/strong><\/p>\n<p>Arte y Ciencia en cada Lote con Carpigiani LB 200 G Tronic<\/p>\n<p>La <strong>Carpigiani LB 200 G Tronic<\/strong> es la encarnaci\u00f3n de la excelencia en la producci\u00f3n de helados artesanales y postres congelados de baja incorporaci\u00f3n de aire. Como una m\u00e1quina de congelaci\u00f3n por lotes de \u00faltima generaci\u00f3n, est\u00e1 meticulosamente dise\u00f1ada para satisfacer una amplia gama de necesidades de producci\u00f3n, desde gelato y sorbete hasta custard premium y otros postres congelados.<\/p>\n<p><strong>Rendimiento y Calidad Excepcionales:<\/strong><\/p>\n<p>Con una c\u00e1mara de congelaci\u00f3n de tama\u00f1o completo que puede congelar hasta 5 cuartos de mezcla por lote, la <strong>Carpigiani LB 200 G Tronic<\/strong> es sin\u00f3nimo de rendimiento sin precedentes. El control electr\u00f3nico ajustable de la consistencia garantiza una calidad constante en diferentes cargas, adapt\u00e1ndose tanto a las necesidades de producci\u00f3n peque\u00f1as como grandes. Las cuchillas raspadoras autoajustables son la clave para crear una textura cremosa de gelato que deleita los sentidos.<\/p>\n<p><strong>Versatilidad y Precisi\u00f3n:<\/strong><\/p>\n<p>Este modelo <strong>Tronic G de Carpigiani<\/strong> est\u00e1 dise\u00f1ado para ser el coraz\u00f3n de cualquier negocio de helader\u00eda artesanal, capaz de acomodar una diversidad de recetas y preferencias. Ya sea que est\u00e9 produciendo lotes peque\u00f1os o grandes, la <strong>LB 200 G Tronic<\/strong> mantiene una consistencia y textura excepcionales, permitiendo a los heladeros concentrarse en lo que mejor saben hacer: crear sabores inolvidables.<\/p>\n<p><strong>Dise\u00f1o Innovador y Funcional:<\/strong><\/p>\n<p>La <strong>Carpigiani LB 200 G Tronic<\/strong> es una maravilla de dise\u00f1o, con su perfil compacto y operaci\u00f3n intuitiva. Ideal para mostradores y espacios reducidos, esta m\u00e1quina maximiza la eficiencia sin sacrificar la calidad. Su operaci\u00f3n con energ\u00eda monof\u00e1sica la hace accesible y f\u00e1cil de integrar en cualquier entorno profesional, desde caf\u00e9s hasta grandes cocinas de restaurantes.<\/p>\n<p><strong>Compromiso con la Sostenibilidad:<\/strong><\/p>\n<p><strong>Carpigiani<\/strong> siempre ha estado a la vanguardia de la sostenibilidad y la <strong>LB 200 G Tronic<\/strong> contin\u00faa ese legado. La eficiencia energ\u00e9tica es una consideraci\u00f3n clave en su dise\u00f1o, lo que se traduce en un menor impacto ambiental y costos operativos reducidos, un beneficio tanto para el negocio como para el planeta.<\/p>\n<p>Descargar <a href=\"http:\/\/baluna.com\/wp-content\/uploads\/2023\/11\/LB-200-Tronic-G_09-2021_Standard-US_LR.pdf\">Ficha T\u00e9cnica<\/a><\/p>\n","protected":false},"excerpt":{"rendered":"<p>Es la encarnaci\u00f3n de la excelencia en la producci\u00f3n de helados artesanales y postres congelados de baja incorporaci\u00f3n de aire. Como una m\u00e1quina de congelaci\u00f3n por lotes de \u00faltima generaci\u00f3n, est\u00e1 meticulosamente dise\u00f1ada para satisfacer una amplia gama de necesidades de producci\u00f3n, desde gelato y sorbete hasta custard premium y otros postres congelados.<\/p>\n","protected":false},"featured_media":1029,"comment_status":"open","ping_status":"closed","template":"","meta":[],"product_brand":[],"product_cat":[605,35,627],"product_tag":[480,513,500,26,27,515,525],"class_list":{"0":"post-1914","1":"product","2":"type-product","3":"status-publish","4":"has-post-thumbnail","6":"product_cat-equipos","7":"product_cat-gelato","8":"product_cat-produccion","9":"product_tag-1-fase","10":"product_tag-208-230-voltios","11":"product_tag-40-amperios","12":"product_tag-60-hz","13":"product_tag-carpigiani","14":"product_tag-congelador-por-lotes","15":"product_tag-refrigerado-por-aire","17":"first","18":"instock","19":"taxable","20":"shipping-taxable","21":"product-type-simple"},"_links":{"self":[{"href":"https:\/\/baluna.com\/es\/wp-json\/wp\/v2\/product\/1914","targetHints":{"allow":["GET"]}}],"collection":[{"href":"https:\/\/baluna.com\/es\/wp-json\/wp\/v2\/product"}],"about":[{"href":"https:\/\/baluna.com\/es\/wp-json\/wp\/v2\/types\/product"}],"replies":[{"embeddable":true,"href":"https:\/\/baluna.com\/es\/wp-json\/wp\/v2\/comments?post=1914"}],"wp:featuredmedia":[{"embeddable":true,"href":"https:\/\/baluna.com\/es\/wp-json\/wp\/v2\/media\/1029"}],"wp:attachment":[{"href":"https:\/\/baluna.com\/es\/wp-json\/wp\/v2\/media?parent=1914"}],"wp:term":[{"taxonomy":"product_brand","embeddable":true,"href":"https:\/\/baluna.com\/es\/wp-json\/wp\/v2\/product_brand?post=1914"},{"taxonomy":"product_cat","embeddable":true,"href":"https:\/\/baluna.com\/es\/wp-json\/wp\/v2\/product_cat?post=1914"},{"taxonomy":"product_tag","embeddable":true,"href":"https:\/\/baluna.com\/es\/wp-json\/wp\/v2\/product_tag?post=1914"}],"curies":[{"name":"wp","href":"https:\/\/api.w.org\/{rel}","templated":true}]}}