{"id":1913,"date":"2025-11-14T15:29:27","date_gmt":"2025-11-14T15:29:27","guid":{"rendered":"https:\/\/baluna.katakoscreativo.com\/?post_type=product&#038;p=1913"},"modified":"2026-04-09T14:46:47","modified_gmt":"2026-04-09T14:46:47","slug":"carpigiani-lb-1002-rtx-g","status":"publish","type":"product","link":"https:\/\/baluna.com\/es\/product\/carpigiani-lb-1002-rtx-g\/","title":{"rendered":"Carpigiani LB 1002 RTX G"},"content":{"rendered":"<p><strong>Excelencia en Helados y Gelatos<\/strong><\/p>\n<p>Alta Capacidad y Precisi\u00f3n para Profesionales<\/p>\n<p>La <strong>Carpigiani LB 1002 RTX G<\/strong> es la joya de la corona para los profesionales de helados y gelatos que buscan la perfecci\u00f3n en cada lote. Este modelo emblem\u00e1tico combina tradici\u00f3n y tecnolog\u00eda, y est\u00e1 dise\u00f1ado para superar las expectativas en la producci\u00f3n de helados de alta calidad.<\/p>\n<p><strong>Rendimiento y Calidad Insuperables<\/strong><\/p>\n<p>Equipada con la exclusiva tecnolog\u00eda <strong>Hard-O-Dynamic<\/strong>, la <strong>Carpigiani LB 1002 RTX G<\/strong> garantiza la consistencia perfecta sin importar el volumen de producci\u00f3n. Los controles electr\u00f3nicos avanzados de esta m\u00e1quina mantienen autom\u00e1ticamente la calidad del producto, mientras que su sistema de batido resistente asegura una extracci\u00f3n total y eficiente.<\/p>\n<p><strong>Flexibilidad y Conveniencia en la Producci\u00f3n<\/strong><\/p>\n<p>La operatividad de la <strong>Carpigiani LB 1002 RTX G<\/strong> es insuperable, proporcionando un control autom\u00e1tico que ofrece flexibilidad y facilidad de uso. La alarma audible es una caracter\u00edstica inteligente que notifica al operador cuando el gelato ha alcanzado la consistencia \u00f3ptima. La optimizaci\u00f3n del proceso de extracci\u00f3n reduce la superposici\u00f3n de sabores y la necesidad de enjuagues frecuentes, aumentando la productividad.<\/p>\n<p><strong>Eficiencia y Ahorro Energ\u00e9tico<\/strong><\/p>\n<p>La <strong>Carpigiani LB 1002 RTX G<\/strong> lidera la industria en eficiencia energ\u00e9tica, ofreciendo tiempos de congelaci\u00f3n de lotes excepcionalmente r\u00e1pidos. Los raspadores autoajustables se pueden reemplazar f\u00e1cilmente, lo que se traduce en ahorros continuos y reduce la necesidad de mantenimiento costoso.<\/p>\n<p><strong>Seguridad y Ergonom\u00eda para el Usuario<\/strong><\/p>\n<p>La seguridad es primordial en la<strong> Carpigiani LB 1002 RTX G<\/strong>. Cuenta con caracter\u00edsticas como el deshielo autom\u00e1tico durante cortes de energ\u00eda y esquinas redondeadas para evitar lesiones. Su dise\u00f1o ergon\u00f3mico garantiza la comodidad del operador, lo que hace que las largas horas de trabajo sean m\u00e1s llevaderas.<\/p>\n<p><strong>Higiene al M\u00e1ximo Nivel<\/strong><\/p>\n<p>Mantener la <strong>Carpigiani LB 1002 RTX G<\/strong> limpia y lista para el siguiente lote es sencillo con su grifo incorporado y manguera flexible. La tolva de extracci\u00f3n se puede desmontar para una limpieza a fondo, y su acero resistente a las manchas y grasas asegura que se mantenga higi\u00e9nica con un esfuerzo m\u00ednimo.<\/p>\n<p><strong>Caracter\u00edsticas T\u00e9cnicas Esenciales<\/strong><\/p>\n<p>Con un potente motor de 5\/10 HP y un sistema de refrigeraci\u00f3n R404A, la Carpigiani LB 1002 RTX G es un caballo de batalla capaz de producir hasta 158 galones por hora, lo que la convierte en un activo valioso en cualquier entorno de producci\u00f3n de helados de alta demanda.<\/p>\n<p>Descargar <a href=\"http:\/\/baluna.com\/wp-content\/uploads\/2023\/11\/LB-1002-RTX-G_06-2022_Standard-US_LR.pdf\">Ficha T\u00e9cnica<\/a><\/p>\n","protected":false},"excerpt":{"rendered":"<p>La <strong>Carpigiani LB 1002 RTX G<\/strong> es la joya de la corona para los profesionales de helados y gelatos que buscan la perfecci\u00f3n en cada lote. Este modelo emblem\u00e1tico combina tradici\u00f3n y tecnolog\u00eda, y est\u00e1 dise\u00f1ado para superar las expectativas en la producci\u00f3n de helados de alta calidad.<\/p>\n","protected":false},"featured_media":1942,"comment_status":"open","ping_status":"closed","template":"","meta":[],"product_brand":[],"product_cat":[605,35,606],"product_tag":[513,37,26,486,27,515,527,41],"class_list":{"0":"post-1913","1":"product","2":"type-product","3":"status-publish","4":"has-post-thumbnail","6":"product_cat-equipos","7":"product_cat-gelato","8":"product_cat-produccion","9":"product_tag-208-230-voltios","10":"product_tag-3-fases","11":"product_tag-60-hz","12":"product_tag-70-amperios","13":"product_tag-carpigiani","14":"product_tag-congelador-por-lotes","15":"product_tag-refrigerado-por-agua","16":"product_tag-teorema","18":"first","19":"instock","20":"taxable","21":"shipping-taxable","22":"product-type-simple"},"_links":{"self":[{"href":"https:\/\/baluna.com\/es\/wp-json\/wp\/v2\/product\/1913","targetHints":{"allow":["GET"]}}],"collection":[{"href":"https:\/\/baluna.com\/es\/wp-json\/wp\/v2\/product"}],"about":[{"href":"https:\/\/baluna.com\/es\/wp-json\/wp\/v2\/types\/product"}],"replies":[{"embeddable":true,"href":"https:\/\/baluna.com\/es\/wp-json\/wp\/v2\/comments?post=1913"}],"wp:featuredmedia":[{"embeddable":true,"href":"https:\/\/baluna.com\/es\/wp-json\/wp\/v2\/media\/1942"}],"wp:attachment":[{"href":"https:\/\/baluna.com\/es\/wp-json\/wp\/v2\/media?parent=1913"}],"wp:term":[{"taxonomy":"product_brand","embeddable":true,"href":"https:\/\/baluna.com\/es\/wp-json\/wp\/v2\/product_brand?post=1913"},{"taxonomy":"product_cat","embeddable":true,"href":"https:\/\/baluna.com\/es\/wp-json\/wp\/v2\/product_cat?post=1913"},{"taxonomy":"product_tag","embeddable":true,"href":"https:\/\/baluna.com\/es\/wp-json\/wp\/v2\/product_tag?post=1913"}],"curies":[{"name":"wp","href":"https:\/\/api.w.org\/{rel}","templated":true}]}}