{"id":1912,"date":"2025-11-14T15:29:26","date_gmt":"2025-11-14T15:29:26","guid":{"rendered":"https:\/\/baluna.katakoscreativo.com\/?post_type=product&#038;p=1912"},"modified":"2026-04-09T14:57:36","modified_gmt":"2026-04-09T14:57:36","slug":"carpigiani-lb-1002-rtx","status":"publish","type":"product","link":"https:\/\/baluna.com\/es\/product\/carpigiani-lb-1002-rtx\/","title":{"rendered":"Carpigiani LB 1002 RTX"},"content":{"rendered":"<p><strong>Experiencia Superior en Cada Lote con Tecnolog\u00eda Hard-O-Dynamic<\/strong><\/p>\n<p>La <strong>Carpigiani LB 1002 RTX<\/strong> representa la fusi\u00f3n perfecta de tradici\u00f3n e innovaci\u00f3n en la fabricaci\u00f3n de helados. Dise\u00f1ada para satisfacer las necesidades de producci\u00f3n de alto volumen sin sacrificar la calidad, esta m\u00e1quina es una obra maestra de eficiencia y fiabilidad.<\/p>\n<p><strong>Rendimiento \u00d3ptimo de Carpigiani LB 1002 RTX:<\/strong><\/p>\n<p>Gracias a la tecnolog\u00eda patentada Hard-O-Dynamic, la LB 1002 RTX asegura una consistencia deseada en cualquier tama\u00f1o de lote. Sus controles electr\u00f3nicos mantienen autom\u00e1ticamente el producto en la textura perfecta, mientras que su batidor resistente a temperaturas extremas, con raspadores autoajustables, garantiza una extracci\u00f3n completa y uniforme.<\/p>\n<p><strong>Versatilidad de Producci\u00f3n:<\/strong><\/p>\n<p>Este equipo no conoce l\u00edmites cuando se trata de variedad. Con batidores separados para helados y gelatos, puedes producir desde el helado m\u00e1s aireado hasta postres congelados de baja expansi\u00f3n, incluyendo sorbetes y granizados.<\/p>\n<p><strong>Control Autom\u00e1tico y Seguridad:<\/strong><\/p>\n<p>La LB 1002 RTX est\u00e1 dise\u00f1ada pensando en la facilidad de uso. Un control autom\u00e1tico con alarma audible indica cuando el producto ha alcanzado la consistencia deseada. Adem\u00e1s, cuenta con un sistema autom\u00e1tico de descongelaci\u00f3n para prevenir da\u00f1os en caso de cortes de energ\u00eda, y sus esquinas redondeadas disminuyen el riesgo de lesiones.<\/p>\n<p><strong>Eficiencia Energ\u00e9tica:<\/strong><\/p>\n<p>Destacando como una de las m\u00e1quinas con menor consumo de energ\u00eda de la industria, la LB 1002 RTX ofrece tiempos de congelaci\u00f3n r\u00e1pidos, maximizando la producci\u00f3n y minimizando los costes operativos.<\/p>\n<p><strong>Dise\u00f1ada para la Higiene:<\/strong><\/p>\n<p>Con su grifo incorporado y manguera flexible, la limpieza se convierte en una tarea r\u00e1pida y sencilla. La extracci\u00f3n de la tolva de salida es f\u00e1cilmente desmontable para una limpieza profunda, y el acero tratado con Scoth-Brite resiste manchas y residuos de grasa.<\/p>\n<p><strong>Especificaciones T\u00e9cnicas:<\/strong><\/p>\n<p>Esta unidad requiere una conexi\u00f3n el\u00e9ctrica dedicada y est\u00e1 dise\u00f1ada para ser conectada permanentemente. Consulta la placa de caracter\u00edsticas para obtener datos exactos sobre el voltaje y la potencia, y aseg\u00farate de cumplir con los requisitos de espacio y capacidad de enfriamiento de agua.<\/p>\n<p>Descargar <a href=\"http:\/\/baluna.com\/wp-content\/uploads\/2023\/11\/LB-1002-RTX_06-2022_Ice-Cream-US_LR.pdf\">Ficha T\u00e9cnica<\/a><\/p>\n","protected":false},"excerpt":{"rendered":"<p>La <strong>Carpigiani LB 1002 RTX<\/strong> representa la fusi\u00f3n perfecta de tradici\u00f3n e innovaci\u00f3n en la fabricaci\u00f3n de helados. Dise\u00f1ada para satisfacer las necesidades de producci\u00f3n de alto volumen sin sacrificar la calidad, esta m\u00e1quina es una obra maestra de eficiencia y fiabilidad.<\/p>\n","protected":false},"featured_media":217,"comment_status":"open","ping_status":"closed","template":"","meta":[],"product_brand":[],"product_cat":[605,35,606],"product_tag":[513,37,26,486,27,515,45,527,41],"class_list":{"0":"post-1912","1":"product","2":"type-product","3":"status-publish","4":"has-post-thumbnail","6":"product_cat-equipos","7":"product_cat-gelato","8":"product_cat-produccion","9":"product_tag-208-230-voltios","10":"product_tag-3-fases","11":"product_tag-60-hz","12":"product_tag-70-amperios","13":"product_tag-carpigiani","14":"product_tag-congelador-por-lotes","15":"product_tag-hard-o-tronic","16":"product_tag-refrigerado-por-agua","17":"product_tag-teorema","19":"first","20":"instock","21":"taxable","22":"shipping-taxable","23":"product-type-simple"},"_links":{"self":[{"href":"https:\/\/baluna.com\/es\/wp-json\/wp\/v2\/product\/1912","targetHints":{"allow":["GET"]}}],"collection":[{"href":"https:\/\/baluna.com\/es\/wp-json\/wp\/v2\/product"}],"about":[{"href":"https:\/\/baluna.com\/es\/wp-json\/wp\/v2\/types\/product"}],"replies":[{"embeddable":true,"href":"https:\/\/baluna.com\/es\/wp-json\/wp\/v2\/comments?post=1912"}],"wp:featuredmedia":[{"embeddable":true,"href":"https:\/\/baluna.com\/es\/wp-json\/wp\/v2\/media\/217"}],"wp:attachment":[{"href":"https:\/\/baluna.com\/es\/wp-json\/wp\/v2\/media?parent=1912"}],"wp:term":[{"taxonomy":"product_brand","embeddable":true,"href":"https:\/\/baluna.com\/es\/wp-json\/wp\/v2\/product_brand?post=1912"},{"taxonomy":"product_cat","embeddable":true,"href":"https:\/\/baluna.com\/es\/wp-json\/wp\/v2\/product_cat?post=1912"},{"taxonomy":"product_tag","embeddable":true,"href":"https:\/\/baluna.com\/es\/wp-json\/wp\/v2\/product_tag?post=1912"}],"curies":[{"name":"wp","href":"https:\/\/api.w.org\/{rel}","templated":true}]}}