{"id":1907,"date":"2025-11-14T15:29:25","date_gmt":"2025-11-14T15:29:25","guid":{"rendered":"https:\/\/baluna.katakoscreativo.com\/?post_type=product&#038;p=1907"},"modified":"2026-04-09T15:14:31","modified_gmt":"2026-04-09T15:14:31","slug":"carpigiani-ready-802-g","status":"publish","type":"product","link":"https:\/\/baluna.com\/es\/product\/carpigiani-ready-802-g\/","title":{"rendered":"Carpigiani READY 802 G"},"content":{"rendered":"<p><strong>Innovaci\u00f3n suprema en gelato y postres congelados<\/strong><\/p>\n<p><strong>La excelencia en producci\u00f3n al alcance de su mano<\/strong><\/p>\n<p>La <strong>Carpigiani READY 802 G<\/strong> es una obra maestra de la ingenier\u00eda y dise\u00f1o, concebida para elevar la producci\u00f3n de gelato y postres congelados a niveles de excelencia inimaginables. Este equipo es el compa\u00f1ero perfecto para el chef moderno que busca una combinaci\u00f3n perfecta de tradici\u00f3n y tecnolog\u00eda vanguardista.<\/p>\n<p><strong>Rendimiento y calidad superior<\/strong><\/p>\n<p>La READY 802 G, con su exclusiva tecnolog\u00eda de Carpigiani, permite mezclar, calentar y congelar lotes en un solo cilindro, asegurando resultados excepcionales con cada producci\u00f3n. La tecnolog\u00eda Hard-O-Tronic integrada supervisa autom\u00e1ticamente la consistencia del producto para determinar el punto exacto de finalizaci\u00f3n, mientras que los raspadores autoajustables garantizan una extracci\u00f3n completa y uniforme.<\/p>\n<p><strong>Comodidad y eficiencia<\/strong><\/p>\n<p>La <strong>Carpigiani READY 802 G<\/strong> redefine la comodidad con su funci\u00f3n de llenado de agua automatizado, que asegura la dosificaci\u00f3n exacta tanto para las mezclas como para las funciones de limpieza. El panel de control intuitivo y accesible mejora la experiencia del usuario, ofreciendo una operaci\u00f3n ergon\u00f3mica y de pie que maximiza la comodidad durante largas jornadas de trabajo.<\/p>\n<p><strong>Ahorros innovadores con tecnolog\u00eda ready<\/strong><\/p>\n<p>La tecnolog\u00eda Ready de la<strong> Carpigiani READY 802 G<\/strong> concentra todo el proceso de producci\u00f3n de gelato en una sola m\u00e1quina. Esta caracter\u00edstica no solo ahorra tiempo sino que tambi\u00e9n minimiza la inversi\u00f3n en m\u00faltiples equipos, brindando una soluci\u00f3n todo-en-uno para profesionales del helado.<\/p>\n<p><strong>Compromiso con la seguridad<\/strong><\/p>\n<p>La seguridad es un pilar de la READY 802 G, ofreciendo monitoreo y diagn\u00f3stico en tiempo real con su sistema TEOREMA y previniendo da\u00f1os al equipo con su funci\u00f3n de deshielo autom\u00e1tico. Las esquinas redondeadas y el dise\u00f1o centrado en el operador son testimonio de un compromiso sin precedentes con la seguridad y el bienestar del usuario.<\/p>\n<p><strong>Higiene \u00f3ptima para calidad garantizada<\/strong><\/p>\n<p>Con un ciclo de limpieza a alta temperatura y componentes de f\u00e1cil acceso para la limpieza, la Carpigiani READY 802 G asegura que la higiene sea tan destacada como su rendimiento. Su dise\u00f1o sin fisuras, junto con el acero inoxidable tratado con Scoth-Brite, resiste manchas y residuos, facilitando la limpieza y el mantenimiento.<\/p>\n<p><strong>Especificaciones t\u00e9cnicas que definen el sector<\/strong><\/p>\n<p>La READY 802 G est\u00e1 construida para durar, con especificaciones t\u00e9cnicas dise\u00f1adas para manejar la demanda y la eficiencia requeridas en entornos de alta producci\u00f3n. Su robustez y capacidad de producci\u00f3n son un claro reflejo de la calidad y confiabilidad que Carpigiani ofrece a sus clientes.<\/p>\n<p>Descargar <a href=\"http:\/\/baluna.com\/wp-content\/uploads\/2023\/11\/Ready-802-G_06-2022_3_Standard-US_LR.pdf\">Ficha T\u00e9cnica<\/a><\/p>\n","protected":false},"excerpt":{"rendered":"<p>Una obra maestra de la ingenier\u00eda y dise\u00f1o, concebida para elevar la producci\u00f3n de gelato y postres congelados a niveles de excelencia inimaginables. Este equipo es el compa\u00f1ero perfecto para el chef moderno que busca una combinaci\u00f3n perfecta de tradici\u00f3n y tecnolog\u00eda vanguardista.<\/p>\n","protected":false},"featured_media":1941,"comment_status":"open","ping_status":"closed","template":"","meta":[],"product_brand":[],"product_cat":[605,35,606],"product_tag":[513,37,42,26,27,515,525,41],"class_list":{"0":"post-1907","1":"product","2":"type-product","3":"status-publish","4":"has-post-thumbnail","6":"product_cat-equipos","7":"product_cat-gelato","8":"product_cat-produccion","9":"product_tag-208-230-voltios","10":"product_tag-3-fases","11":"product_tag-55-amperios-2","12":"product_tag-60-hz","13":"product_tag-carpigiani","14":"product_tag-congelador-por-lotes","15":"product_tag-refrigerado-por-aire","16":"product_tag-teorema","18":"first","19":"instock","20":"taxable","21":"shipping-taxable","22":"product-type-simple"},"_links":{"self":[{"href":"https:\/\/baluna.com\/es\/wp-json\/wp\/v2\/product\/1907","targetHints":{"allow":["GET"]}}],"collection":[{"href":"https:\/\/baluna.com\/es\/wp-json\/wp\/v2\/product"}],"about":[{"href":"https:\/\/baluna.com\/es\/wp-json\/wp\/v2\/types\/product"}],"replies":[{"embeddable":true,"href":"https:\/\/baluna.com\/es\/wp-json\/wp\/v2\/comments?post=1907"}],"wp:featuredmedia":[{"embeddable":true,"href":"https:\/\/baluna.com\/es\/wp-json\/wp\/v2\/media\/1941"}],"wp:attachment":[{"href":"https:\/\/baluna.com\/es\/wp-json\/wp\/v2\/media?parent=1907"}],"wp:term":[{"taxonomy":"product_brand","embeddable":true,"href":"https:\/\/baluna.com\/es\/wp-json\/wp\/v2\/product_brand?post=1907"},{"taxonomy":"product_cat","embeddable":true,"href":"https:\/\/baluna.com\/es\/wp-json\/wp\/v2\/product_cat?post=1907"},{"taxonomy":"product_tag","embeddable":true,"href":"https:\/\/baluna.com\/es\/wp-json\/wp\/v2\/product_tag?post=1907"}],"curies":[{"name":"wp","href":"https:\/\/api.w.org\/{rel}","templated":true}]}}