{"id":1906,"date":"2025-11-14T15:29:25","date_gmt":"2025-11-14T15:29:25","guid":{"rendered":"https:\/\/baluna.katakoscreativo.com\/?post_type=product&#038;p=1906"},"modified":"2025-12-21T13:23:42","modified_gmt":"2025-12-21T13:23:42","slug":"carpigiani-ready-802-g-tru-2","status":"publish","type":"product","link":"https:\/\/baluna.com\/es\/product\/carpigiani-ready-802-g-tru-2\/","title":{"rendered":"Carpigiani READY 802 G TRU 2"},"content":{"rendered":"<p><strong>La revoluci\u00f3n de la helader\u00eda artesanal<\/strong><\/p>\n<p>Introduciendo el <strong>Carpigiani READY 802 G TRU 2<\/strong>, una m\u00e1quina de helados que redefine el arte de la helader\u00eda artesanal. Este equipo no es solo una adici\u00f3n a su cocina; es una revoluci\u00f3n en la forma en que produce helados, gelatos, sorbetes y mucho m\u00e1s. Con la tecnolog\u00eda din\u00e1mica de Carpigiani, usted puede mezclar, calentar y congelar en un solo cilindro, lo que garantiza una calidad y eficiencia insuperables.<\/p>\n<p><strong>Excelencia en rendimiento: control y calidad<\/strong><\/p>\n<p>Gracias a la tecnolog\u00eda <strong>Hard-O-Tronic<\/strong>, el <strong>Carpigiani READY 802 G TRU 2<\/strong> ofrece un control autom\u00e1tico de la consistencia, permiti\u00e9ndole determinar cu\u00e1ndo el producto est\u00e1 perfectamente completo. Los batidores POM son resistentes a temperaturas extremas y cuentan con raspadores autoajustables para una extracci\u00f3n completa. La funci\u00f3n de Post Cooling asegura que su postre congelado est\u00e9 fr\u00edo en el momento de la extracci\u00f3n, lo que significa que puede servir inmediatamente despu\u00e9s de la producci\u00f3n.<\/p>\n<p><strong>Comodidad optimizada: ahorro de tiempo y esfuerzo<\/strong><\/p>\n<p>Carpigiani entiende que el tiempo es un recurso valioso en cualquier cocina profesional. Por eso, el <strong>Carpigiani READY 802 G TRU 2<\/strong> incluye una funci\u00f3n de llenado de agua que proporciona la cantidad exacta de agua necesaria para las mezclas y funciones de limpieza, lo que ahorra tiempo y elimina errores de medici\u00f3n. El panel de control intuitivo est\u00e1 al alcance de la mano, incluso mientras agrega la mezcla, y todas las operaciones se realizan de pie para la comodidad del usuario.<\/p>\n<p><strong>Dise\u00f1o innovador: facilidad de uso y mantenimiento<\/strong><\/p>\n<p>Con una superficie de apoyo dise\u00f1ada para sostener bandejas y cubetas durante la extracci\u00f3n, este equipo est\u00e1 pensado para la eficiencia y la facilidad de uso. Adem\u00e1s, la configuraci\u00f3n \u00abCrystal\u00bb le permite crear frapp\u00e9s y otros productos congelados con texturas \u00fanicas, ampliando as\u00ed su men\u00fa de opciones creativas.<\/p>\n<p><strong>Flexibilidad en cada lote: variedad sin esfuerzo<\/strong><\/p>\n<p>El <strong>Carpigiani READY 802 G TRU 2<\/strong> viene con dos batidores separados, uno para helado y otro para gelato, lo que le permite diversificar su oferta sin complicaciones adicionales. Ya sea que est\u00e9 buscando producir helados con alta o baja incorporaci\u00f3n de aire, este equipo es capaz de cumplir con todas sus demandas de producci\u00f3n.<\/p>\n<p><strong>Sostenibilidad y eficiencia: una elecci\u00f3n inteligente<\/strong><\/p>\n<p>Con el foco puesto en la sostenibilidad y la eficiencia energ\u00e9tica, el <strong>Carpigiani READY 802 G TRU 2<\/strong> demuestra que se puede tener lo mejor de ambos mundos: una m\u00e1quina de helados de alto rendimiento que tambi\u00e9n es amigable con el medio ambiente.<\/p>\n<p><strong>Conclusi\u00f3n: innovaci\u00f3n y calidad al servicio del sabor<\/strong><\/p>\n<p>El <strong>Carpigiani READY 802 G TRU 2<\/strong> es m\u00e1s que una m\u00e1quina de helados; es una declaraci\u00f3n de principios, una promesa de calidad y una demostraci\u00f3n de innovaci\u00f3n. Elija la herramienta que llevar\u00e1 su pasi\u00f3n por la helader\u00eda artesanal al pr\u00f3ximo nivel y se convertir\u00e1 en la pieza central de su negocio.<\/p>\n<p>Descargar <a href=\"http:\/\/baluna.com\/wp-content\/uploads\/2023\/11\/Ready-802-G-Tru-2_06-2022_2_Standard-US_LR.pdf\">Ficha T\u00e9cnica<\/a><\/p>\n","protected":false},"excerpt":{"rendered":"<p>Este equipo no es solo una adici\u00f3n a su cocina; es una revoluci\u00f3n en la forma en que produce helados, gelatos, sorbetes y mucho m\u00e1s. Con la tecnolog\u00eda din\u00e1mica de Carpigiani, usted puede mezclar, calentar y congelar en un solo cilindro, lo que garantiza una calidad y eficiencia insuperables.<\/p>\n","protected":false},"featured_media":1027,"comment_status":"open","ping_status":"closed","template":"","meta":[],"product_brand":[],"product_cat":[605,35,627],"product_tag":[25,37,42,26,27,36,45,527,41,38],"class_list":{"0":"post-1906","1":"product","2":"type-product","3":"status-publish","4":"has-post-thumbnail","6":"product_cat-equipos","7":"product_cat-gelato","8":"product_cat-produccion","9":"product_tag-208-230-voltios-2","10":"product_tag-3-fases","11":"product_tag-55-amperios-2","12":"product_tag-60-hz","13":"product_tag-carpigiani","14":"product_tag-congelador-por-lotes-2","15":"product_tag-hard-o-tronic","16":"product_tag-refrigerado-por-agua","17":"product_tag-teorema","18":"product_tag-tru-2","20":"first","21":"instock","22":"taxable","23":"shipping-taxable","24":"product-type-simple"},"_links":{"self":[{"href":"https:\/\/baluna.com\/es\/wp-json\/wp\/v2\/product\/1906","targetHints":{"allow":["GET"]}}],"collection":[{"href":"https:\/\/baluna.com\/es\/wp-json\/wp\/v2\/product"}],"about":[{"href":"https:\/\/baluna.com\/es\/wp-json\/wp\/v2\/types\/product"}],"replies":[{"embeddable":true,"href":"https:\/\/baluna.com\/es\/wp-json\/wp\/v2\/comments?post=1906"}],"wp:featuredmedia":[{"embeddable":true,"href":"https:\/\/baluna.com\/es\/wp-json\/wp\/v2\/media\/1027"}],"wp:attachment":[{"href":"https:\/\/baluna.com\/es\/wp-json\/wp\/v2\/media?parent=1906"}],"wp:term":[{"taxonomy":"product_brand","embeddable":true,"href":"https:\/\/baluna.com\/es\/wp-json\/wp\/v2\/product_brand?post=1906"},{"taxonomy":"product_cat","embeddable":true,"href":"https:\/\/baluna.com\/es\/wp-json\/wp\/v2\/product_cat?post=1906"},{"taxonomy":"product_tag","embeddable":true,"href":"https:\/\/baluna.com\/es\/wp-json\/wp\/v2\/product_tag?post=1906"}],"curies":[{"name":"wp","href":"https:\/\/api.w.org\/{rel}","templated":true}]}}