{"id":1903,"date":"2025-11-14T15:29:25","date_gmt":"2025-11-14T15:29:25","guid":{"rendered":"https:\/\/baluna.katakoscreativo.com\/?post_type=product&#038;p=1903"},"modified":"2025-12-21T12:58:26","modified_gmt":"2025-12-21T12:58:26","slug":"carpigiani-ready-502-g","status":"publish","type":"product","link":"https:\/\/baluna.com\/es\/product\/carpigiani-ready-502-g\/","title":{"rendered":"Carpigiani READY 502 G"},"content":{"rendered":"<p>El arte de crear gelato y otros postres congelados alcanza nuevas alturas con la m\u00e1quina Carpigiani Ready 502 G. Esta m\u00e1quina no es s\u00f3lo un equipo, sino el alma de tu cocina, empujando los l\u00edmites de lo que es posible en la producci\u00f3n de postres congelados. Con la capacidad de mezclar, calentar y congelar en una sola c\u00e1mara, la Carpigiani Ready 502 G es la herramienta definitiva para los artesanos del sabor.<\/p>\n<p><strong>Calidad y Rendimiento sin Compromiso<\/strong><\/p>\n<p>Cada componente de la Carpigiani Ready 502 G se ha construido con precisi\u00f3n para garantizar la excelencia en cada porci\u00f3n. La innovadora tecnolog\u00eda Hard-O-Tronic de Carpigiani asegura un control de consistencia autom\u00e1tico, se\u00f1alando con precisi\u00f3n cu\u00e1ndo est\u00e1 perfectamente terminado tu gelato o sorbeto. La batidora POM, dise\u00f1ada para soportar temperaturas extremas, y sus rascadores autoajustables, te permiten aprovechar al m\u00e1ximo cada ingrediente.<\/p>\n<p><strong>Conveniencia Intuitiva y Ergon\u00f3mica<\/strong><\/p>\n<p>La Carpigiani Ready 502 G est\u00e1 dise\u00f1ada para maximizar la eficiencia. Su sistema de llenado de agua automatizado mide la cantidad exacta necesaria para las mezclas, simplificando el proceso de producci\u00f3n y limpieza. Su panel de control f\u00e1cil de usar te permite operar la m\u00e1quina con facilidad, y su dise\u00f1o ergon\u00f3mico asegura la comodidad del operador, permitiendo que todas las operaciones se realicen de pie.<\/p>\n<p><strong>Desbloquea tu Creatividad con Carpigiani Ready 502 G<\/strong><\/p>\n<p>La flexibilidad es clave en la Carpigiani Ready 502 G. La funci\u00f3n &#8216;Crystal&#8217; te permite explorar un abanico de posibilidades, desde pasteler\u00eda congelada hasta porciones individuales y empaquetadas, todo con una facilidad nunca antes vista. Esta m\u00e1quina est\u00e1 dise\u00f1ada para aquellos que desean llevar su oferta de postres a nuevas y emocionantes direcciones.<\/p>\n<p><strong>Eficiencia Energ\u00e9tica y de Espacio<\/strong><\/p>\n<p>Gracias a la tecnolog\u00eda Ready, la Carpigiani Ready 502 G condensa el proceso completo de producci\u00f3n de gelato en un solo equipo. Esto no solo ahorra espacio y energ\u00eda, sino que tambi\u00e9n traduce en costos operativos reducidos y una huella de carbono m\u00e1s peque\u00f1a para tu negocio.<\/p>\n<p><strong>Seguridad y Soporte al Alcance de Tu Mano<\/strong><\/p>\n<p>La seguridad y el soporte son pilares del dise\u00f1o de la Carpigiani Ready 502 G. Con el sistema TEOREMA, la asistencia t\u00e9cnica es accesible desde cualquier lugar, permiti\u00e9ndote monitorizar y diagnosticar a distancia. Adem\u00e1s, su sistema de deshielo autom\u00e1tico y las esquinas redondeadas est\u00e1n dise\u00f1adas pensando en la seguridad del operador.<\/p>\n<p><strong>Un Est\u00e1ndar de Higiene Inigualable<\/strong><\/p>\n<p>Mantener la Carpigiani Ready 502 G en condiciones pr\u00edstinas es sencillo gracias a su ciclo de limpieza de alta temperatura y componentes de f\u00e1cil desmontaje. Fabricada con acero inoxidable continuo, esta m\u00e1quina garantiza la m\u00e1xima higiene y resistencia a manchas y residuos.<\/p>\n<p>Descargar <a href=\"http:\/\/baluna.com\/wp-content\/uploads\/2023\/11\/Ready-502-G_06-2022_3_Standard-US_LR-1.pdf\">Spec Sheet<\/a><\/p>\n","protected":false},"excerpt":{"rendered":"<p>Esta m\u00e1quina no es s\u00f3lo un equipo, sino el alma de tu cocina, empujando los l\u00edmites de lo que es posible en la producci\u00f3n de postres congelados. Con la capacidad de mezclar, calentar y congelar en una sola c\u00e1mara, la Carpigiani Ready 502 G es la herramienta definitiva para los artesanos del sabor.<\/p>\n","protected":false},"featured_media":1940,"comment_status":"open","ping_status":"closed","template":"","meta":[],"product_brand":[],"product_cat":[605,35,606],"product_tag":[25,37,42,26,27,36,28,41],"class_list":{"0":"post-1903","1":"product","2":"type-product","3":"status-publish","4":"has-post-thumbnail","6":"product_cat-equipos","7":"product_cat-gelato","8":"product_cat-produccion","9":"product_tag-208-230-voltios-2","10":"product_tag-3-fases","11":"product_tag-55-amperios-2","12":"product_tag-60-hz","13":"product_tag-carpigiani","14":"product_tag-congelador-por-lotes-2","15":"product_tag-refrigerado-por-aire-2","16":"product_tag-teorema","18":"first","19":"instock","20":"taxable","21":"shipping-taxable","22":"product-type-simple"},"_links":{"self":[{"href":"https:\/\/baluna.com\/es\/wp-json\/wp\/v2\/product\/1903","targetHints":{"allow":["GET"]}}],"collection":[{"href":"https:\/\/baluna.com\/es\/wp-json\/wp\/v2\/product"}],"about":[{"href":"https:\/\/baluna.com\/es\/wp-json\/wp\/v2\/types\/product"}],"replies":[{"embeddable":true,"href":"https:\/\/baluna.com\/es\/wp-json\/wp\/v2\/comments?post=1903"}],"wp:featuredmedia":[{"embeddable":true,"href":"https:\/\/baluna.com\/es\/wp-json\/wp\/v2\/media\/1940"}],"wp:attachment":[{"href":"https:\/\/baluna.com\/es\/wp-json\/wp\/v2\/media?parent=1903"}],"wp:term":[{"taxonomy":"product_brand","embeddable":true,"href":"https:\/\/baluna.com\/es\/wp-json\/wp\/v2\/product_brand?post=1903"},{"taxonomy":"product_cat","embeddable":true,"href":"https:\/\/baluna.com\/es\/wp-json\/wp\/v2\/product_cat?post=1903"},{"taxonomy":"product_tag","embeddable":true,"href":"https:\/\/baluna.com\/es\/wp-json\/wp\/v2\/product_tag?post=1903"}],"curies":[{"name":"wp","href":"https:\/\/api.w.org\/{rel}","templated":true}]}}