{"id":1902,"date":"2025-11-14T15:29:24","date_gmt":"2025-11-14T15:29:24","guid":{"rendered":"https:\/\/baluna.katakoscreativo.com\/?post_type=product&#038;p=1902"},"modified":"2026-04-09T15:15:27","modified_gmt":"2026-04-09T15:15:27","slug":"carpigiani-ready-502-g-tru-2","status":"publish","type":"product","link":"https:\/\/baluna.com\/es\/product\/carpigiani-ready-502-g-tru-2\/","title":{"rendered":"Carpigiani READY 502 G TRU 2"},"content":{"rendered":"<p><strong>Descubre la excelencia en helader\u00eda<\/strong><\/p>\n<p>La <strong>Carpigiani READY 502 G TRU 2<\/strong> es m\u00e1s que una m\u00e1quina de helados; es una promesa de perfecci\u00f3n en cada cucharada. Con la \u00faltima tecnolog\u00eda din\u00e1mica de Carpigiani, este modelo est\u00e1 dise\u00f1ado para aquellos que no se conforman con menos que la excelencia en la producci\u00f3n de helados, gelatos, sorbetes, sherbets, custard congelados, water ice y mucho m\u00e1s.<\/p>\n<p><strong>Innovaci\u00f3n y rendimiento en cada lote<\/strong><\/p>\n<p>Con la <strong>Carpigiani READY 502 G TRU 2<\/strong>, la sofisticaci\u00f3n se une a la simplicidad. La m\u00e1quina incorpora el sistema Hard-O-Tronic, que brinda un control autom\u00e1tico de consistencia, permiti\u00e9ndole determinar cu\u00e1ndo el producto est\u00e1 perfectamente congelado. La eficiencia se ve reforzada por su capacidad de mezclar, calentar y congelar en el mismo cilindro, lo que reduce el tiempo de producci\u00f3n y maximiza la calidad.<\/p>\n<p><strong>Durabilidad y eficiencia que impresionan<\/strong><\/p>\n<p>La durabilidad es una caracter\u00edstica clave de la <strong>Carpigiani READY 502 G TRU 2<\/strong>. Equipada con un batidor POM que resiste temperaturas extremas, y raspadores autoajustables, esta m\u00e1quina asegura una extracci\u00f3n completa del producto, reduciendo el desperdicio y aumentando la rentabilidad. Adem\u00e1s, la funci\u00f3n de Post Cooling garantiza que el helado mantenga su textura y temperatura ideales, incluso despu\u00e9s del proceso de congelaci\u00f3n.<\/p>\n<p><strong>Control intuitivo para helados perfectos<\/strong><\/p>\n<p>La interfaz de usuario intuitiva hace que la operaci\u00f3n sea sencilla para cualquier nivel de experiencia. Los ajustes de la m\u00e1quina pueden ser finamente calibrados para satisfacer las preferencias individuales, garantizando que cada lote tenga la textura y densidad deseadas. Esto no solo facilita la producci\u00f3n de helados de alta calidad, sino que tambi\u00e9n asegura la consistencia, que es crucial para la reputaci\u00f3n de cualquier establecimiento de helados.<\/p>\n<p><strong>Dise\u00f1o y funcionalidad en armon\u00eda<\/strong><\/p>\n<p>El dise\u00f1o compacto y ergon\u00f3mico de la <strong>Carpigiani READY 502 G TRU 2<\/strong> no solo optimiza el espacio de trabajo, sino que tambi\u00e9n se convierte en una pieza central atractiva para cualquier cocina profesional. La facilidad de limpieza y mantenimiento son la guinda del pastel, con componentes accesibles que hacen que la higiene sea una tarea sencilla y r\u00e1pida.<\/p>\n<p><strong>Compromiso con la calidad y el servicio<\/strong><\/p>\n<p>Elegir la <strong>Carpigiani READY 502 G TRU 2<\/strong> es invertir en un socio de negocio que se compromete con la calidad. Adem\u00e1s de la m\u00e1quina, Carpigiani ofrece una red de servicio al cliente que garantiza que cualquier pregunta o necesidad sea atendida de manera r\u00e1pida y eficiente. Este nivel de apoyo postventa es lo que distingue a Carpigiani en el mercado.<\/p>\n<p><strong>En resumen<\/strong><\/p>\n<p>La <strong>Carpigiani READY 502 G TRU 2<\/strong> es el ep\u00edtome de la innovaci\u00f3n en helader\u00eda, brindando una experiencia sin igual tanto para el productor como para el consumidor final. Con una combinaci\u00f3n insuperable de tecnolog\u00eda avanzada, durabilidad y dise\u00f1o intuitivo, esta m\u00e1quina no solo cumplir\u00e1, sino que exceder\u00e1 las expectativas de calidad y eficiencia.<\/p>\n<p>Descargar <a href=\"http:\/\/baluna.com\/wp-content\/uploads\/2023\/11\/Ready-502-G-Tru-2_06-2022_2_Standard-US_LR-1.pdf\">Ficha T\u00e9cnica<\/a><\/p>\n","protected":false},"excerpt":{"rendered":"<p>Es el ep\u00edtome de la innovaci\u00f3n en helader\u00eda, brindando una experiencia sin igual tanto para el productor como para el consumidor final. Con una combinaci\u00f3n insuperable de tecnolog\u00eda avanzada, durabilidad y dise\u00f1o intuitivo, esta m\u00e1quina no solo cumplir\u00e1, sino que exceder\u00e1 las expectativas de calidad y eficiencia.<\/p>\n","protected":false},"featured_media":1920,"comment_status":"open","ping_status":"closed","template":"","meta":[],"product_brand":[],"product_cat":[605,35,627],"product_tag":[513,37,42,26,27,515,527,41,38],"class_list":{"0":"post-1902","1":"product","2":"type-product","3":"status-publish","4":"has-post-thumbnail","6":"product_cat-equipos","7":"product_cat-gelato","8":"product_cat-produccion","9":"product_tag-208-230-voltios","10":"product_tag-3-fases","11":"product_tag-55-amperios-2","12":"product_tag-60-hz","13":"product_tag-carpigiani","14":"product_tag-congelador-por-lotes","15":"product_tag-refrigerado-por-agua","16":"product_tag-teorema","17":"product_tag-tru-2","19":"first","20":"instock","21":"taxable","22":"shipping-taxable","23":"product-type-simple"},"_links":{"self":[{"href":"https:\/\/baluna.com\/es\/wp-json\/wp\/v2\/product\/1902","targetHints":{"allow":["GET"]}}],"collection":[{"href":"https:\/\/baluna.com\/es\/wp-json\/wp\/v2\/product"}],"about":[{"href":"https:\/\/baluna.com\/es\/wp-json\/wp\/v2\/types\/product"}],"replies":[{"embeddable":true,"href":"https:\/\/baluna.com\/es\/wp-json\/wp\/v2\/comments?post=1902"}],"wp:featuredmedia":[{"embeddable":true,"href":"https:\/\/baluna.com\/es\/wp-json\/wp\/v2\/media\/1920"}],"wp:attachment":[{"href":"https:\/\/baluna.com\/es\/wp-json\/wp\/v2\/media?parent=1902"}],"wp:term":[{"taxonomy":"product_brand","embeddable":true,"href":"https:\/\/baluna.com\/es\/wp-json\/wp\/v2\/product_brand?post=1902"},{"taxonomy":"product_cat","embeddable":true,"href":"https:\/\/baluna.com\/es\/wp-json\/wp\/v2\/product_cat?post=1902"},{"taxonomy":"product_tag","embeddable":true,"href":"https:\/\/baluna.com\/es\/wp-json\/wp\/v2\/product_tag?post=1902"}],"curies":[{"name":"wp","href":"https:\/\/api.w.org\/{rel}","templated":true}]}}