{"id":1900,"date":"2025-11-14T15:29:24","date_gmt":"2025-11-14T15:29:24","guid":{"rendered":"https:\/\/baluna.katakoscreativo.com\/?post_type=product&#038;p=1900"},"modified":"2025-12-21T12:48:53","modified_gmt":"2025-12-21T12:48:53","slug":"carpigiani-lb-502-rtx-g","status":"publish","type":"product","link":"https:\/\/baluna.com\/es\/product\/carpigiani-lb-502-rtx-g\/","title":{"rendered":"Carpigiani LB 502 RTX G"},"content":{"rendered":"<p><strong>Maestr\u00eda artesanal en cada lote de gelato<\/strong><\/p>\n<p><strong>La tradici\u00f3n se encuentra con la tecnolog\u00eda en la helader\u00eda moderna<\/strong><\/p>\n<p>La m\u00e1quina Carpigiani LB 502 RTX G es una sinfon\u00eda de precisi\u00f3n y rendimiento, una invitaci\u00f3n a transformar la pasi\u00f3n por el gelato en una experiencia sublime. Con la promesa de la excelencia de Carpigiani, esta m\u00e1quina est\u00e1 dise\u00f1ada para aquellos que buscan la perfecci\u00f3n en la producci\u00f3n de postres congelados de baja sobrecarga, como gelato, sorbete y helado premium.<\/p>\n<p><strong>Un compromiso con la calidad<\/strong><\/p>\n<p>La Carpigiani LB 502 RTX G es el coraz\u00f3n de una operaci\u00f3n de helados, con tecnolog\u00eda patentada Hard-O-Dynamic para alcanzar la consistencia deseada sin importar el tama\u00f1o del lote. Los controles electr\u00f3nicos avanzados mantienen el producto en condiciones \u00f3ptimas hasta el momento de la extracci\u00f3n, mientras que el batidor resistente garantiza una mezcla homog\u00e9nea y una extracci\u00f3n completa.<\/p>\n<p><strong>Flexibilidad y facilidad de uso<\/strong><\/p>\n<p>La LB 502 RTX G ofrece un control autom\u00e1tico que proporciona una flexibilidad sin igual y una facilidad de operaci\u00f3n que es m\u00fasica para los o\u00eddos de los heladeros. Una alarma audible indica el punto de perfecci\u00f3n, permitiendo una transici\u00f3n suave a la extracci\u00f3n. La opci\u00f3n de estante adicional est\u00e1 pensada para sostener bandejas y cubetas, facilitando la producci\u00f3n en serie.<\/p>\n<p><strong>Eficiencia energ\u00e9tica y operativa<\/strong><\/p>\n<p>Representando la cima de la eficiencia, la Carpigiani LB 502 RTX G presume del menor consumo de energ\u00eda en su clase y tiempos de congelaci\u00f3n de lotes incre\u00edblemente r\u00e1pidos. La posibilidad de reemplazar solo los raspadores autoajustables sin necesidad de cambiar todo el batidor es un testimonio de la dedicaci\u00f3n de Carpigiani a la sostenibilidad y los costos operativos reducidos.<\/p>\n<p><strong>Seguridad y comodidad en cada dise\u00f1o<\/strong><\/p>\n<p>Con caracter\u00edsticas de seguridad como el deshielo autom\u00e1tico que se activa durante los cortes de energ\u00eda y las esquinas redondeadas para minimizar el riesgo de lesiones, la LB 502 RTX G prioriza el bienestar del operador. Adem\u00e1s, su dise\u00f1o ergon\u00f3mico permite que todas las operaciones se realicen de pie, ofreciendo una comodidad superior durante su uso.<\/p>\n<p><strong>Higiene superior para productos inmaculados<\/strong><\/p>\n<p>La LB 502 RTX G facilita la limpieza con su grifo incorporado y manguera flexible, as\u00ed como la tolva de extracci\u00f3n removible. El acero inoxidable tratado con Scoth-Brite repele las manchas y residuos de grasa, asegurando que su m\u00e1quina no solo funcione de manera eficiente, sino que tambi\u00e9n se mantenga higi\u00e9nica con facilidad.<\/p>\n<p><strong>Especificaciones t\u00e9cnicas de vanguardia<\/strong><\/p>\n<p>El coraz\u00f3n de la Carpigiani LB 502 RTX G es su potente motor de 3,75\/7,5 HP, respaldado por un sistema de refrigeraci\u00f3n R449A. La m\u00e1quina ofrece una capacidad de producci\u00f3n que oscila entre 53 y 187 libras por hora, lo que le permite satisfacer demandas de cualquier tama\u00f1o.<\/p>\n<p>Descargar <a href=\"http:\/\/baluna.com\/wp-content\/uploads\/2023\/11\/LB-502-RTX-G_06-2022_Standard-US_LR.pdf\">Ficha T\u00e9cnica<\/a><\/p>\n","protected":false},"excerpt":{"rendered":"<p>Una sinfon\u00eda de precisi\u00f3n y rendimiento, una invitaci\u00f3n a transformar la pasi\u00f3n por el gelato en una experiencia sublime. Con la promesa de la excelencia de Carpigiani, esta m\u00e1quina est\u00e1 dise\u00f1ada para aquellos que buscan la perfecci\u00f3n en la producci\u00f3n de postres congelados de baja sobrecarga, como gelato, sorbete y helado premium.<\/p>\n","protected":false},"featured_media":204,"comment_status":"open","ping_status":"closed","template":"","meta":[],"product_brand":[],"product_cat":[605,35,606],"product_tag":[25,37,43,26,27,36,28,41],"class_list":{"0":"post-1900","1":"product","2":"type-product","3":"status-publish","4":"has-post-thumbnail","6":"product_cat-equipos","7":"product_cat-gelato","8":"product_cat-produccion","9":"product_tag-208-230-voltios-2","10":"product_tag-3-fases","11":"product_tag-50-amperios-2","12":"product_tag-60-hz","13":"product_tag-carpigiani","14":"product_tag-congelador-por-lotes-2","15":"product_tag-refrigerado-por-aire-2","16":"product_tag-teorema","18":"first","19":"instock","20":"taxable","21":"shipping-taxable","22":"product-type-simple"},"_links":{"self":[{"href":"https:\/\/baluna.com\/es\/wp-json\/wp\/v2\/product\/1900","targetHints":{"allow":["GET"]}}],"collection":[{"href":"https:\/\/baluna.com\/es\/wp-json\/wp\/v2\/product"}],"about":[{"href":"https:\/\/baluna.com\/es\/wp-json\/wp\/v2\/types\/product"}],"replies":[{"embeddable":true,"href":"https:\/\/baluna.com\/es\/wp-json\/wp\/v2\/comments?post=1900"}],"wp:featuredmedia":[{"embeddable":true,"href":"https:\/\/baluna.com\/es\/wp-json\/wp\/v2\/media\/204"}],"wp:attachment":[{"href":"https:\/\/baluna.com\/es\/wp-json\/wp\/v2\/media?parent=1900"}],"wp:term":[{"taxonomy":"product_brand","embeddable":true,"href":"https:\/\/baluna.com\/es\/wp-json\/wp\/v2\/product_brand?post=1900"},{"taxonomy":"product_cat","embeddable":true,"href":"https:\/\/baluna.com\/es\/wp-json\/wp\/v2\/product_cat?post=1900"},{"taxonomy":"product_tag","embeddable":true,"href":"https:\/\/baluna.com\/es\/wp-json\/wp\/v2\/product_tag?post=1900"}],"curies":[{"name":"wp","href":"https:\/\/api.w.org\/{rel}","templated":true}]}}