{"id":1899,"date":"2025-11-14T15:29:24","date_gmt":"2025-11-14T15:29:24","guid":{"rendered":"https:\/\/baluna.katakoscreativo.com\/?post_type=product&#038;p=1899"},"modified":"2026-04-09T15:14:36","modified_gmt":"2026-04-09T15:14:36","slug":"carpigiani-lb-502-rtx","status":"publish","type":"product","link":"https:\/\/baluna.com\/es\/product\/carpigiani-lb-502-rtx\/","title":{"rendered":"Carpigiani LB 502 RTX"},"content":{"rendered":"<p><strong>El arte de la helader\u00eda perfeccionado<\/strong><\/p>\n<p><strong>Innovaci\u00f3n y rendimiento en cada lote<\/strong><\/p>\n<p>Bienvenidos al futuro de la helader\u00eda artesanal, donde la tradici\u00f3n se encuentra con la tecnolog\u00eda en la m\u00e1quina<strong> Carpigiani LB 502 RTX<\/strong>. Este cl\u00e1sico reimaginado es m\u00e1s que una simple m\u00e1quina para hacer helado; es una promesa de excelencia y un compromiso con la calidad que transformar\u00e1 cada lote en una experiencia inolvidable.<\/p>\n<p><strong>Rendimiento superior:<\/strong><\/p>\n<p>Con la tecnolog\u00eda patentada <strong>Hard-O-Dynamic,<\/strong> la <strong>Carpigiani LB 502 RTX<\/strong> se adapta a cualquier tama\u00f1o de lote, garantizando la consistencia perfecta desde la primera hasta la \u00faltima cucharada. Su control electr\u00f3nico supervisa meticulosamente la textura hasta que comienza la extracci\u00f3n, asegurando un resultado final que cumple con los est\u00e1ndares m\u00e1s exigentes de los maestros heladeros.<\/p>\n<p><strong>Calidad inigualable:<\/strong><\/p>\n<p>Cada componente est\u00e1 dise\u00f1ado para resistir extremos t\u00e9rmicos, desde el batidor que se ajusta autom\u00e1ticamente hasta los raspadores que aseguran una extracci\u00f3n completa. Adem\u00e1s, con los batidores intercambiables, puede alternar entre helado y gelato, permitiendo una amplia variedad de postres congelados con altos o bajos porcentajes de aire incorporado (overrun).<\/p>\n<p><strong>Conveniencia y flexibilidad:<\/strong><\/p>\n<p>El control autom\u00e1tico ofrece una flexibilidad sin igual, con una operaci\u00f3n tan sencilla que parece m\u00e1gica. La alarma audible es la se\u00f1al de que su producto ha alcanzado la consistencia deseada. La extracci\u00f3n maximizada reduce la superposici\u00f3n de sabores y la necesidad de enjuagues frecuentes, permitiendo que su creatividad fluya sin interrupciones.<\/p>\n<p><strong>Ahorro energ\u00e9tico:<\/strong><\/p>\n<p>La <strong>Carpigiani LB 502 RTX<\/strong> no solo establece nuevos est\u00e1ndares en la calidad del helado, sino que tambi\u00e9n lidera la industria con el menor consumo de energ\u00eda, ofreciendo tiempos de congelaci\u00f3n r\u00e1pidos sin comprometer el sabor ni la textura.<\/p>\n<p><strong>Beneficios clave:<\/strong><\/p>\n<ul>\n<li><strong>Consistencia perfecta:<\/strong> Tecnolog\u00eda <strong>hard-o-dynamic<\/strong> para lotes de cualquier tama\u00f1o.<\/li>\n<li><strong>Control inteligente:<\/strong> Supervisi\u00f3n electr\u00f3nica y alarmas auditivas para una operaci\u00f3n sin esfuerzo.<\/li>\n<li><strong>Versatilidad extrema:<\/strong> Batidores espec\u00edficos para helado y gelato con diferentes overrun.<br \/>\nEconom\u00eda de Operaci\u00f3n: Bajo consumo de energ\u00eda con congelaci\u00f3n r\u00e1pida.<\/li>\n<\/ul>\n<p><strong>Conclusi\u00f3n:<\/strong><\/p>\n<p>La <strong>Carpigiani LB 502 RTX<\/strong> es m\u00e1s que una m\u00e1quina para hacer helado; es una inversi\u00f3n en su negocio que promete encantar a sus clientes con cada delicioso lote. La perfecci\u00f3n y la pasi\u00f3n se encuentran en este equipo, donde la calidad nunca se compromete. D\u00e9 rienda suelta a su creatividad y eleve su oferta de postres congelados con la LB 502 RTX.<\/p>\n<p>Descargar <a href=\"http:\/\/baluna.com\/wp-content\/uploads\/2023\/11\/LB-502-RTX_06-2022_Ice-Cream-US_LR.pdf\">Ficha T\u00e9cnica<\/a><\/p>\n","protected":false},"excerpt":{"rendered":"<p>Es m\u00e1s que una m\u00e1quina para hacer helado; es una inversi\u00f3n en su negocio que promete encantar a sus clientes con cada delicioso lote. La perfecci\u00f3n y la pasi\u00f3n se encuentran en este equipo, donde la calidad nunca se compromete.<\/p>\n","protected":false},"featured_media":215,"comment_status":"open","ping_status":"closed","template":"","meta":[],"product_brand":[],"product_cat":[605,35,606],"product_tag":[480,513,498,26,27,515,45,527,41],"class_list":{"0":"post-1899","1":"product","2":"type-product","3":"status-publish","4":"has-post-thumbnail","6":"product_cat-equipos","7":"product_cat-gelato","8":"product_cat-produccion","9":"product_tag-1-fase","10":"product_tag-208-230-voltios","11":"product_tag-50-amperios","12":"product_tag-60-hz","13":"product_tag-carpigiani","14":"product_tag-congelador-por-lotes","15":"product_tag-hard-o-tronic","16":"product_tag-refrigerado-por-agua","17":"product_tag-teorema","19":"first","20":"instock","21":"taxable","22":"shipping-taxable","23":"product-type-simple"},"_links":{"self":[{"href":"https:\/\/baluna.com\/es\/wp-json\/wp\/v2\/product\/1899","targetHints":{"allow":["GET"]}}],"collection":[{"href":"https:\/\/baluna.com\/es\/wp-json\/wp\/v2\/product"}],"about":[{"href":"https:\/\/baluna.com\/es\/wp-json\/wp\/v2\/types\/product"}],"replies":[{"embeddable":true,"href":"https:\/\/baluna.com\/es\/wp-json\/wp\/v2\/comments?post=1899"}],"wp:featuredmedia":[{"embeddable":true,"href":"https:\/\/baluna.com\/es\/wp-json\/wp\/v2\/media\/215"}],"wp:attachment":[{"href":"https:\/\/baluna.com\/es\/wp-json\/wp\/v2\/media?parent=1899"}],"wp:term":[{"taxonomy":"product_brand","embeddable":true,"href":"https:\/\/baluna.com\/es\/wp-json\/wp\/v2\/product_brand?post=1899"},{"taxonomy":"product_cat","embeddable":true,"href":"https:\/\/baluna.com\/es\/wp-json\/wp\/v2\/product_cat?post=1899"},{"taxonomy":"product_tag","embeddable":true,"href":"https:\/\/baluna.com\/es\/wp-json\/wp\/v2\/product_tag?post=1899"}],"curies":[{"name":"wp","href":"https:\/\/api.w.org\/{rel}","templated":true}]}}