{"id":1895,"date":"2025-11-14T15:29:23","date_gmt":"2025-11-14T15:29:23","guid":{"rendered":"https:\/\/baluna.katakoscreativo.com\/?post_type=product&#038;p=1895"},"modified":"2026-04-09T15:16:14","modified_gmt":"2026-04-09T15:16:14","slug":"carpigiani-ready-302-g-2","status":"publish","type":"product","link":"https:\/\/baluna.com\/es\/product\/carpigiani-ready-302-g-2\/","title":{"rendered":"Carpigiani READY 302 G"},"content":{"rendered":"<p><strong>Innovaci\u00f3n en helados y postres congelados<\/strong><\/p>\n<p><strong>Excelencia y versatilidad con la m\u00e1quina Carpigiani READY 302 G<\/strong><\/p>\n<p>Descubre la <strong>Carpigiani READY 302 G<\/strong>, la m\u00e1quina vers\u00e1til que est\u00e1 revolucionando el mundo de los helados, sorbetes, postres con bajo contenido de aire y pasteler\u00eda congelada. Este equipo de \u00faltima generaci\u00f3n combina calefacci\u00f3n y congelaci\u00f3n en un solo cilindro, lo que lo convierte en el aliado perfecto para chefs y heladeros profesionales que buscan eficiencia y calidad superior.<\/p>\n<p><strong>Rendimiento y calidad incomparables:<\/strong><\/p>\n<p>Con la tecnolog\u00eda <strong>Hard-O-Tronic<\/strong> exclusiva de Carpigiani, la <strong>READY 302 G<\/strong> ofrece un control autom\u00e1tico de la consistencia que determina cu\u00e1ndo el producto est\u00e1 perfectamente elaborado. Este sistema asegura resultados excepcionales en cada uso, permitiendo la creaci\u00f3n de helados y postres de la m\u00e1s alta calidad con texturas suaves y sabores intensos.<\/p>\n<p><strong>Tecnolog\u00eda din\u00e1mica Carpigiani:<\/strong><\/p>\n<p>El coraz\u00f3n de la <strong>READY 302 G<\/strong> es su capacidad para mezclar, calentar y congelar con precisi\u00f3n y facilidad. El batidor POM, resistente a temperaturas extremas, incluye raspadores autoajustables que garantizan una extracci\u00f3n completa y uniforme, maximizando la rentabilidad y minimizando el desperdicio.<\/p>\n<p><strong>Dise\u00f1o y funcionalidad:<\/strong><\/p>\n<p>El dise\u00f1o intuitivo de la <strong>Carpigiani READY 302 G<\/strong> facilita su uso y mantenimiento, permitiendo a los operadores optimizar su flujo de trabajo y dedicar m\u00e1s tiempo a la creaci\u00f3n culinaria. La funci\u00f3n de Post Cooling asegura que los postres congelados se mantengan a la temperatura ideal tras la extracci\u00f3n, listos para servir o almacenar.<\/p>\n<p><strong>Eficiencia energ\u00e9tica:<\/strong><\/p>\n<p>Comprometida con la sostenibilidad, la <strong>Carpigiani READY 302 G<\/strong> est\u00e1 dise\u00f1ada para ser eficiente en el uso de la energ\u00eda. Esto no solo contribuye a la conservaci\u00f3n del medio ambiente, sino que tambi\u00e9n ayuda a reducir los costos operativos, haciendo de esta m\u00e1quina una inversi\u00f3n inteligente a largo plazo.<\/p>\n<p>Descargar <a href=\"http:\/\/baluna.com\/wp-content\/uploads\/2023\/11\/Ready-302-G_06-2022_Standard-US_LR.pdf\">Ficha T\u00e9cnica<\/a><\/p>\n","protected":false},"excerpt":{"rendered":"<p>Este equipo de \u00faltima generaci\u00f3n combina calefacci\u00f3n y congelaci\u00f3n en un solo cilindro, lo que lo convierte en el aliado perfecto para chefs y heladeros profesionales que buscan eficiencia y calidad superior.<\/p>\n","protected":false},"featured_media":190,"comment_status":"open","ping_status":"closed","template":"","meta":[],"product_brand":[],"product_cat":[605,35,606],"product_tag":[513,37,42,26,27,515,527,41],"class_list":{"0":"post-1895","1":"product","2":"type-product","3":"status-publish","4":"has-post-thumbnail","6":"product_cat-equipos","7":"product_cat-gelato","8":"product_cat-produccion","9":"product_tag-208-230-voltios","10":"product_tag-3-fases","11":"product_tag-55-amperios-2","12":"product_tag-60-hz","13":"product_tag-carpigiani","14":"product_tag-congelador-por-lotes","15":"product_tag-refrigerado-por-agua","16":"product_tag-teorema","18":"first","19":"instock","20":"taxable","21":"shipping-taxable","22":"product-type-simple"},"_links":{"self":[{"href":"https:\/\/baluna.com\/es\/wp-json\/wp\/v2\/product\/1895","targetHints":{"allow":["GET"]}}],"collection":[{"href":"https:\/\/baluna.com\/es\/wp-json\/wp\/v2\/product"}],"about":[{"href":"https:\/\/baluna.com\/es\/wp-json\/wp\/v2\/types\/product"}],"replies":[{"embeddable":true,"href":"https:\/\/baluna.com\/es\/wp-json\/wp\/v2\/comments?post=1895"}],"wp:featuredmedia":[{"embeddable":true,"href":"https:\/\/baluna.com\/es\/wp-json\/wp\/v2\/media\/190"}],"wp:attachment":[{"href":"https:\/\/baluna.com\/es\/wp-json\/wp\/v2\/media?parent=1895"}],"wp:term":[{"taxonomy":"product_brand","embeddable":true,"href":"https:\/\/baluna.com\/es\/wp-json\/wp\/v2\/product_brand?post=1895"},{"taxonomy":"product_cat","embeddable":true,"href":"https:\/\/baluna.com\/es\/wp-json\/wp\/v2\/product_cat?post=1895"},{"taxonomy":"product_tag","embeddable":true,"href":"https:\/\/baluna.com\/es\/wp-json\/wp\/v2\/product_tag?post=1895"}],"curies":[{"name":"wp","href":"https:\/\/api.w.org\/{rel}","templated":true}]}}